{"id":306,"date":"2023-02-18T05:30:26","date_gmt":"2023-02-18T05:30:26","guid":{"rendered":"https:\/\/bybatt.com\/?post_type=product&#038;p=306"},"modified":"2023-02-18T05:40:06","modified_gmt":"2023-02-18T05:40:06","slug":"cheap-48v-100ah-lifepo4-powerwall-lithium-ion-home-battery","status":"publish","type":"product","link":"https:\/\/bybatt.com\/pt\/produto\/cheap-48v-100ah-lifepo4-powerwall-lithium-ion-home-battery\/","title":{"rendered":"Bateria dom\u00e9stica de \u00edon de l\u00edtio Powerwall barata 48V 100AH LiFePO4"},"content":{"rendered":"","protected":false},"excerpt":{"rendered":"<p>A bateria dom\u00e9stica de \u00edon de l\u00edtio Powerwall 48V 100AH LiFePO4 \u00e9 uma solu\u00e7\u00e3o avan\u00e7ada para fonte de alimenta\u00e7\u00e3o de backup dom\u00e9stico. Este produto de alta tecnologia foi projetado para integrar-se perfeitamente em sua casa com seu design moderno e constru\u00e7\u00e3o leve e miniaturizada. \u00c9 inteligente, padronizado e ecologicamente correto, tornando-o uma excelente escolha para quem deseja reduzir sua pegada de carbono.<br \/>\nA bateria dom\u00e9stica powerwall possui uma capacidade de armazenamento de bateria de l\u00edtio (LiFePO4) de 5kWh, fornecendo energia suficiente para mant\u00ea-lo longe da rede sempre que desejar. Esta bateria \u00e9 a solu\u00e7\u00e3o de armazenamento de energia mais popular do mundo, oferecendo energia de backup dom\u00e9stica confi\u00e1vel com a qual voc\u00ea pode contar. Mesmo que sua jornada solar n\u00e3o tenha come\u00e7ado com os fabricantes, voc\u00ea ainda pode aproveitar os benef\u00edcios deste sistema de bateria dom\u00e9stica e sistema de energia de backup de bateria dom\u00e9stica.<br \/>\nTodas as c\u00e9lulas usadas nessas baterias s\u00e3o 100% novas, garantindo um desempenho duradouro. A bateria est\u00e1 dispon\u00edvel em diferentes capacidades e tamanhos, com sa\u00eddas de energia de 2,56 KWH, 5,12 KWH, 7,68 KWH e 10,24 KWH e sa\u00eddas de pot\u00eancia m\u00e1xima de 2560 W, 5120 W, 7680 W e 10240 W. A bateria tem uma longa vida \u00fatil de 6.000 ciclos (em 80% DOD, 25\u00b0C), permitindo um uso confi\u00e1vel a longo prazo.<br \/>\nEsta bateria pode ser armazenada por at\u00e9 5 meses a 25\u00b0C, 3 meses a 35\u00b0C e 1 m\u00eas a 45\u00b0C, tornando-a uma solu\u00e7\u00e3o flex\u00edvel para suas necessidades de energia de reserva. Ele pode operar em uma faixa de temperatura de -20\u00b0C a 60\u00b0C com umidade relativa de 60+\/-25%, garantindo um bom desempenho em diversas condi\u00e7\u00f5es. As dimens\u00f5es da bateria s\u00e3o 360*140*570mm, facilitando a integra\u00e7\u00e3o em sua casa.<\/p>","protected":false},"featured_media":307,"template":"","meta":{"_kad_post_transparent":"default","_kad_post_title":"","_kad_post_layout":"default","_kad_post_sidebar_id":"","_kad_post_content_style":"default","_kad_post_vertical_padding":"default","_kad_post_feature":"","_kad_post_feature_position":"","_kad_post_header":false,"_kad_post_footer":false},"product_cat":[25,27],"product_tag":[147,149,144,143,145,146,142,148],"class_list":["post-306","product","type-product","status-publish","has-post-thumbnail","hentry","product_cat-home-storage-battery","product_cat-home-battery-powerwall","product_tag-6000-cycles-life-lithium-ion-battery","product_tag-home-battery-lithium-powerwall","product_tag-lifepo4-home-battery","product_tag-lithium-ion-home-battery","product_tag-powerwall-home-battery","product_tag-powerwall-lithium-ion-battery","product_tag-powerwall-lithium-ion-home-battery","product_tag-powerwall-tesla-10kwh","entry","content-bg","loop-entry"],"_links":{"self":[{"href":"https:\/\/bybatt.com\/pt\/wp-json\/wp\/v2\/product\/306","targetHints":{"allow":["GET"]}}],"collection":[{"href":"https:\/\/bybatt.com\/pt\/wp-json\/wp\/v2\/product"}],"about":[{"href":"https:\/\/bybatt.com\/pt\/wp-json\/wp\/v2\/types\/product"}],"wp:featuredmedia":[{"embeddable":true,"href":"https:\/\/bybatt.com\/pt\/wp-json\/wp\/v2\/media\/307"}],"wp:attachment":[{"href":"https:\/\/bybatt.com\/pt\/wp-json\/wp\/v2\/media?parent=306"}],"wp:term":[{"taxonomy":"product_cat","embeddable":true,"href":"https:\/\/bybatt.com\/pt\/wp-json\/wp\/v2\/product_cat?post=306"},{"taxonomy":"product_tag","embeddable":true,"href":"https:\/\/bybatt.com\/pt\/wp-json\/wp\/v2\/product_tag?post=306"}],"curies":[{"name":"wp","href":"https:\/\/api.w.org\/{rel}","templated":true}]}}