{"id":311,"date":"2023-02-18T08:35:21","date_gmt":"2023-02-18T08:35:21","guid":{"rendered":"https:\/\/bybatt.com\/?post_type=product&#038;p=311"},"modified":"2023-02-18T08:41:37","modified_gmt":"2023-02-18T08:41:37","slug":"grid-hybrid-inverter-wall-mounted-battery-home-solar-system","status":"publish","type":"product","link":"https:\/\/bybatt.com\/pt\/produto\/grid-hybrid-inverter-wall-mounted-battery-home-solar-system\/","title":{"rendered":"Sistema solar dom\u00e9stico de bateria inversora h\u00edbrida de grade montada na parede"},"content":{"rendered":"","protected":false},"excerpt":{"rendered":"<p>Este sistema solar dom\u00e9stico de bateria montada na parede com inversor h\u00edbrido de grade foi projetado para uso residencial e consiste em um banco de baterias, um inversor h\u00edbrido e pain\u00e9is solares. O banco de baterias tem capacidade de 48V e vem em quatro tamanhos diferentes \u2013 50Ah, 100Ah, 150Ah e 200Ah, com armazenamento de energia correspondente de 2,56KWH, 5,12KWH, 7,68KWH e 10,24KWH, respectivamente. As c\u00e9lulas de bateria utilizadas s\u00e3o todas novas, garantindo um desempenho de alta qualidade.<br \/>\nA pot\u00eancia m\u00e1xima do sistema varia em fun\u00e7\u00e3o do tamanho da bateria, sendo a capacidade m\u00e1xima de 200Ah capaz de produzir uma pot\u00eancia m\u00e1xima de 10240W. A bateria tem uma longa vida \u00fatil de at\u00e9 6000 ciclos quando descarregada at\u00e9 80% de sua capacidade a uma temperatura de 25\u00b0C.<br \/>\nA bateria pode ser armazenada por at\u00e9 5 meses a uma temperatura de 25\u00b0C, 3 meses a 35\u00b0C e 1 m\u00eas a 45\u00b0C, proporcionando flexibilidade e conveni\u00eancia aos usu\u00e1rios. O sistema pode operar em uma faixa de temperatura de -20\u00b0C a 60\u00b0C, com umidade relativa de 60+\/-25%.<br \/>\nAs dimens\u00f5es do banco de baterias s\u00e3o 360*140*570 mm, facilitando a montagem na parede para uma instala\u00e7\u00e3o com economia de espa\u00e7o. Este sistema solar \u00e9 uma solu\u00e7\u00e3o ideal para resid\u00eancias que buscam reduzir suas contas de eletricidade e a depend\u00eancia da rede, al\u00e9m de causar um impacto positivo no meio ambiente.<\/p>","protected":false},"featured_media":312,"template":"","meta":{"_kad_post_transparent":"default","_kad_post_title":"","_kad_post_layout":"default","_kad_post_sidebar_id":"","_kad_post_content_style":"default","_kad_post_vertical_padding":"default","_kad_post_feature":"","_kad_post_feature_position":"","_kad_post_header":false,"_kad_post_footer":false},"product_cat":[25,27],"product_tag":[151,131,68,152,153,155,150,154,130],"class_list":["post-311","product","type-product","status-publish","has-post-thumbnail","hentry","product_cat-home-storage-battery","product_cat-home-battery-powerwall","product_tag-battery-storage","product_tag-energy-storage-system","product_tag-lifepo4-lithium-battery","product_tag-power-battery-wall","product_tag-power-storage","product_tag-power-wall-hybrid-grid","product_tag-powerwall-energy","product_tag-solar-battery-storage-system","product_tag-wall-mounted-battery","entry","content-bg","loop-entry"],"_links":{"self":[{"href":"https:\/\/bybatt.com\/pt\/wp-json\/wp\/v2\/product\/311","targetHints":{"allow":["GET"]}}],"collection":[{"href":"https:\/\/bybatt.com\/pt\/wp-json\/wp\/v2\/product"}],"about":[{"href":"https:\/\/bybatt.com\/pt\/wp-json\/wp\/v2\/types\/product"}],"wp:featuredmedia":[{"embeddable":true,"href":"https:\/\/bybatt.com\/pt\/wp-json\/wp\/v2\/media\/312"}],"wp:attachment":[{"href":"https:\/\/bybatt.com\/pt\/wp-json\/wp\/v2\/media?parent=311"}],"wp:term":[{"taxonomy":"product_cat","embeddable":true,"href":"https:\/\/bybatt.com\/pt\/wp-json\/wp\/v2\/product_cat?post=311"},{"taxonomy":"product_tag","embeddable":true,"href":"https:\/\/bybatt.com\/pt\/wp-json\/wp\/v2\/product_tag?post=311"}],"curies":[{"name":"wp","href":"https:\/\/api.w.org\/{rel}","templated":true}]}}