{"id":316,"date":"2023-02-18T08:42:14","date_gmt":"2023-02-18T08:42:14","guid":{"rendered":"https:\/\/bybatt.com\/?post_type=product&#038;p=316"},"modified":"2023-03-05T16:19:15","modified_gmt":"2023-03-05T16:19:15","slug":"lifepo4-tesla-powerwall-lithium-battery-for-solar-system","status":"publish","type":"product","link":"https:\/\/bybatt.com\/pt\/produto\/lifepo4-tesla-powerwall-lithium-battery-for-solar-system\/","title":{"rendered":"Bateria de l\u00edtio LiFePO4 Tesla Powerwall para sistema solar"},"content":{"rendered":"","protected":false},"excerpt":{"rendered":"<p>A bateria de l\u00edtio LiFePO4 Tesla Powerwall foi projetada para uso em sistemas solares e vem em v\u00e1rias op\u00e7\u00f5es de capacidade: 48V 50Ah, 48V 100Ah, 48V 150Ah e 48V 200Ah. A bateria tem uma capacidade m\u00e1xima de energia de 2,56 KWH, 5,12 KWH, 7,68 KWH e 10,24 KWH, respectivamente, e pode fornecer uma pot\u00eancia m\u00e1xima de sa\u00edda de 2560 W, 5120 W, 7680 W e 10240 W, respectivamente.<br \/>\nA bateria \u00e9 feita com novas c\u00e9lulas 100% e tem uma longa vida \u00fatil, com um ciclo de vida nominal de 6000 ciclos na profundidade de descarga 80% e uma temperatura de 25\u00b0C. Pode ser armazenado por at\u00e9 5 meses a uma temperatura de 25\u00b0C, 3 meses a 35\u00b0C e 1 m\u00eas a 45\u00b0C. A bateria foi projetada para operar em temperaturas que variam de -20\u00b0C a 60\u00b0C, com umidade relativa de 60+\/-25%. As dimens\u00f5es da bateria s\u00e3o 360 mm x 140 mm x 570 mm (comprimento x largura x altura).<br \/>\nNo geral, esta bateria de l\u00edtio LiFePO4 Tesla Powerwall \u00e9 uma solu\u00e7\u00e3o confi\u00e1vel, dur\u00e1vel e de alto desempenho para alimentar sistemas solares e \u00e9 capaz de fornecer armazenamento e sa\u00edda de energia substanciais por per\u00edodos prolongados.<\/p>","protected":false},"featured_media":317,"template":"","meta":{"_kad_post_transparent":"default","_kad_post_title":"","_kad_post_layout":"default","_kad_post_sidebar_id":"","_kad_post_content_style":"default","_kad_post_vertical_padding":"default","_kad_post_feature":"","_kad_post_feature_position":"","_kad_post_header":false,"_kad_post_footer":false},"product_cat":[25,27],"product_tag":[157,68,158,159,156],"class_list":["post-316","product","type-product","status-publish","has-post-thumbnail","hentry","product_cat-home-storage-battery","product_cat-home-battery-powerwall","product_tag-6000-cycles-80-dod-lifepo4-48v-100ah-5kwh-powerwall","product_tag-lifepo4-lithium-battery","product_tag-power-wall-lithium-battery","product_tag-tesla-powerwall-alternative","product_tag-tesla-powerwall-lithium-battery","entry","content-bg","loop-entry"],"_links":{"self":[{"href":"https:\/\/bybatt.com\/pt\/wp-json\/wp\/v2\/product\/316","targetHints":{"allow":["GET"]}}],"collection":[{"href":"https:\/\/bybatt.com\/pt\/wp-json\/wp\/v2\/product"}],"about":[{"href":"https:\/\/bybatt.com\/pt\/wp-json\/wp\/v2\/types\/product"}],"wp:featuredmedia":[{"embeddable":true,"href":"https:\/\/bybatt.com\/pt\/wp-json\/wp\/v2\/media\/317"}],"wp:attachment":[{"href":"https:\/\/bybatt.com\/pt\/wp-json\/wp\/v2\/media?parent=316"}],"wp:term":[{"taxonomy":"product_cat","embeddable":true,"href":"https:\/\/bybatt.com\/pt\/wp-json\/wp\/v2\/product_cat?post=316"},{"taxonomy":"product_tag","embeddable":true,"href":"https:\/\/bybatt.com\/pt\/wp-json\/wp\/v2\/product_tag?post=316"}],"curies":[{"name":"wp","href":"https:\/\/api.w.org\/{rel}","templated":true}]}}