{"id":324,"date":"2023-02-18T08:53:52","date_gmt":"2023-02-18T08:53:52","guid":{"rendered":"https:\/\/bybatt.com\/?post_type=product&#038;p=324"},"modified":"2023-02-18T09:02:35","modified_gmt":"2023-02-18T09:02:35","slug":"powerwall-lifepo4-battery-off-grid-energy-storage-system","status":"publish","type":"product","link":"https:\/\/bybatt.com\/pt\/produto\/powerwall-lifepo4-battery-off-grid-energy-storage-system\/","title":{"rendered":"Sistema de armazenamento de energia fora da rede Powerwall LiFePO4"},"content":{"rendered":"","protected":false},"excerpt":{"rendered":"<p>O sistema de armazenamento de energia fora da rede Powerwall LiFePO4 \u00e9 um sistema de bateria recarreg\u00e1vel projetado para armazenamento de energia fora da rede. Ele utiliza c\u00e9lulas LiFePO4 que s\u00e3o 100% novas e s\u00e3o conhecidas por sua alta densidade de energia, ciclo de vida longo e seguran\u00e7a. O sistema de bateria vem em quatro capacidades diferentes: 24V\/100AH, 48V\/50AH, 48V\/100AH e 48V\/200AH.<br \/>\nAs dimens\u00f5es das baterias variam consoante a capacidade, sendo que a bateria mais pequena (24V100AH) mede 400*110*520 mm e a bateria maior (48V200AH) mede 540*200*950 mm. O peso tamb\u00e9m varia de acordo com a capacidade, com a bateria menor pesando 24KG e a bateria maior pesando 45KG.<br \/>\nO sistema de bateria tem um ciclo de vida de 5.000 ciclos, o que significa que pode ser carregado e descarregado at\u00e9 5.000 vezes antes de come\u00e7ar a se degradar. Isso o torna uma solu\u00e7\u00e3o ideal para armazenamento de energia fora da rede, pois pode fornecer energia confi\u00e1vel por um longo tempo.<br \/>\nNo geral, o sistema de armazenamento de energia fora da rede Powerwall LiFePO4 \u00e9 um sistema de bateria confi\u00e1vel, dur\u00e1vel e de alta qualidade que pode fornecer energia para uma variedade de aplica\u00e7\u00f5es fora da rede.<\/p>","protected":false},"featured_media":326,"template":"","meta":{"_kad_post_transparent":"default","_kad_post_title":"","_kad_post_layout":"default","_kad_post_sidebar_id":"","_kad_post_content_style":"default","_kad_post_vertical_padding":"default","_kad_post_feature":"","_kad_post_feature_position":"","_kad_post_header":false,"_kad_post_footer":false},"product_cat":[25,27],"product_tag":[164,161,163,165,160,162],"class_list":["post-324","product","type-product","status-publish","has-post-thumbnail","hentry","product_cat-home-storage-battery","product_cat-home-battery-powerwall","product_tag-5kwh-wall-mounted-lithium-battery","product_tag-battery-energy-storage-solutions","product_tag-lifepo4-48v-100ah","product_tag-lithium-power-wall-lifepo4","product_tag-powerwall-lifepo4-battery","product_tag-solar-battery","entry","content-bg","loop-entry"],"_links":{"self":[{"href":"https:\/\/bybatt.com\/pt\/wp-json\/wp\/v2\/product\/324","targetHints":{"allow":["GET"]}}],"collection":[{"href":"https:\/\/bybatt.com\/pt\/wp-json\/wp\/v2\/product"}],"about":[{"href":"https:\/\/bybatt.com\/pt\/wp-json\/wp\/v2\/types\/product"}],"wp:featuredmedia":[{"embeddable":true,"href":"https:\/\/bybatt.com\/pt\/wp-json\/wp\/v2\/media\/326"}],"wp:attachment":[{"href":"https:\/\/bybatt.com\/pt\/wp-json\/wp\/v2\/media?parent=324"}],"wp:term":[{"taxonomy":"product_cat","embeddable":true,"href":"https:\/\/bybatt.com\/pt\/wp-json\/wp\/v2\/product_cat?post=324"},{"taxonomy":"product_tag","embeddable":true,"href":"https:\/\/bybatt.com\/pt\/wp-json\/wp\/v2\/product_tag?post=324"}],"curies":[{"name":"wp","href":"https:\/\/api.w.org\/{rel}","templated":true}]}}