{"id":346,"date":"2023-02-18T10:26:58","date_gmt":"2023-02-18T10:26:58","guid":{"rendered":"https:\/\/bybatt.com\/?post_type=product&#038;p=346"},"modified":"2023-02-18T11:03:04","modified_gmt":"2023-02-18T11:03:04","slug":"best-lithium-custom-portable-solar-generator-power-station","status":"publish","type":"product","link":"https:\/\/bybatt.com\/pt\/produto\/best-lithium-custom-portable-solar-generator-power-station\/","title":{"rendered":"Melhor Esta\u00e7\u00e3o El\u00e9trica de Gerador Solar Port\u00e1til Personalizado de L\u00edtio"},"content":{"rendered":"","protected":false},"excerpt":{"rendered":"<p>Apresentando nossa melhor esta\u00e7\u00e3o de energia solar port\u00e1til personalizada de l\u00edtio, uma solu\u00e7\u00e3o de energia confi\u00e1vel e vers\u00e1til para suas necessidades de energia externa e de emerg\u00eancia. Nossa esta\u00e7\u00e3o de energia \u00e9 equipada com c\u00e9lulas de l\u00edtio de alta qualidade que s\u00e3o 100% novas, garantindo um desempenho duradouro e est\u00e1vel.<br \/>\nCom uma grande capacidade de 249600mAh \/923,52Wh, nossa esta\u00e7\u00e3o de energia \u00e9 capaz de alimentar v\u00e1rios dispositivos simultaneamente. Possui uma entrada de 12-24V\/6A e pode ser totalmente carregada em 7-8 horas. A esta\u00e7\u00e3o de energia tamb\u00e9m suporta carregamento solar, com uma entrada m\u00e1xima de 18-23V\/100W, tornando-a ideal para atividades ao ar livre.<br \/>\nA esta\u00e7\u00e3o de energia vem com v\u00e1rias portas de sa\u00edda, incluindo 2 portas USB (5V\/3A, 9V\/2,5A, 12V\/2A), 1 porta Type-C (5V\/9V\/15V20V\/3A) com sa\u00edda unidirecional de PD 60W, 1 Porta tipo C (5V\/9V\/15V20V\/3A) com sa\u00edda bidirecional de PD 60W, 2 portas DC (12V\/10A) e 1 porta de isqueiro (12V\/10A). Al\u00e9m disso, a esta\u00e7\u00e3o de energia suporta carregamento sem fio com uma sa\u00edda de 15 W e uma sa\u00edda CA cont\u00ednua de 1000 W com tecnologia de onda negra pura.<br \/>\nA esta\u00e7\u00e3o de energia possui um visor LCD que mostra a carga restante da bateria e o status da sa\u00edda de energia, permitindo que voc\u00ea monitore facilmente o desempenho da esta\u00e7\u00e3o de energia. Possui um design compacto e dur\u00e1vel com dimens\u00f5es de 328*238*285mm, facilitando o transporte e o armazenamento.<br \/>\nNossa esta\u00e7\u00e3o de energia vem com um carregador adaptador de 150 W, permitindo que voc\u00ea recarregue a esta\u00e7\u00e3o de energia com efici\u00eancia. Invista em nossa melhor esta\u00e7\u00e3o de energia solar port\u00e1til personalizada de l\u00edtio e voc\u00ea nunca ter\u00e1 que se preocupar em ficar sem energia durante suas aventuras ao ar livre ou emerg\u00eancias.<\/p>","protected":false},"featured_media":347,"template":"","meta":{"_kad_post_transparent":"default","_kad_post_title":"","_kad_post_layout":"default","_kad_post_sidebar_id":"","_kad_post_content_style":"default","_kad_post_vertical_padding":"default","_kad_post_feature":"","_kad_post_feature_position":"","_kad_post_header":false,"_kad_post_footer":false},"product_cat":[25,26],"product_tag":[180,179,177,175,181,176,178],"class_list":["post-346","product","type-product","status-publish","has-post-thumbnail","hentry","product_cat-home-storage-battery","product_cat-portable-power-station","product_tag-110v-240v-700watt-ac-outlet-12v-car-usb-output","product_tag-bluetti-rechargeable-lithium-battery-pack-station","product_tag-portable-power-stations","product_tag-portable-solar-generator","product_tag-portable-solar-generator-lithium-ion-battery-500-watt","product_tag-protable-solar-power-generator","product_tag-solar-generators","entry","content-bg","loop-entry"],"_links":{"self":[{"href":"https:\/\/bybatt.com\/pt\/wp-json\/wp\/v2\/product\/346","targetHints":{"allow":["GET"]}}],"collection":[{"href":"https:\/\/bybatt.com\/pt\/wp-json\/wp\/v2\/product"}],"about":[{"href":"https:\/\/bybatt.com\/pt\/wp-json\/wp\/v2\/types\/product"}],"wp:featuredmedia":[{"embeddable":true,"href":"https:\/\/bybatt.com\/pt\/wp-json\/wp\/v2\/media\/347"}],"wp:attachment":[{"href":"https:\/\/bybatt.com\/pt\/wp-json\/wp\/v2\/media?parent=346"}],"wp:term":[{"taxonomy":"product_cat","embeddable":true,"href":"https:\/\/bybatt.com\/pt\/wp-json\/wp\/v2\/product_cat?post=346"},{"taxonomy":"product_tag","embeddable":true,"href":"https:\/\/bybatt.com\/pt\/wp-json\/wp\/v2\/product_tag?post=346"}],"curies":[{"name":"wp","href":"https:\/\/api.w.org\/{rel}","templated":true}]}}