{"id":354,"date":"2023-02-18T14:14:30","date_gmt":"2023-02-18T14:14:30","guid":{"rendered":"https:\/\/bybatt.com\/?post_type=product&#038;p=354"},"modified":"2023-02-18T14:30:29","modified_gmt":"2023-02-18T14:30:29","slug":"multi-function-lithium-portable-power-station-solar-generator","status":"publish","type":"product","link":"https:\/\/bybatt.com\/pt\/produto\/multi-function-lithium-portable-power-station-solar-generator\/","title":{"rendered":"Gerador solar de esta\u00e7\u00e3o de energia port\u00e1til de l\u00edtio multifuncional"},"content":{"rendered":"","protected":false},"excerpt":{"rendered":"<p>O Gerador Solar de Esta\u00e7\u00e3o de Energia Port\u00e1til de L\u00edtio Multifuncional \u00e9 uma fonte de energia vers\u00e1til e de alta capacidade projetada para uso em v\u00e1rias configura\u00e7\u00f5es. Possui uma nova bateria 100% com capacidade de 208800mAh a 3,7V, fornecendo um total de 772 watts-hora (WH) de energia.<br \/>\nA esta\u00e7\u00e3o de energia pode ser carregada em 7-8 horas usando uma entrada de 25,2V\/5A, ou via carregamento solar com uma entrada m\u00e1xima de 18-23V\/100W. A esta\u00e7\u00e3o de energia tamb\u00e9m vem com v\u00e1rias portas de sa\u00edda, incluindo 3 portas USB com capacidade de carregamento r\u00e1pido QC3.0, 1 porta Type-C com capacidade de carregamento PD 60W, 2 portas DC com sa\u00edda de 14,4V\/7A e 1 porta de isqueiro com 14,4 Sa\u00edda V\/7A.<br \/>\nAl\u00e9m de suas portas de sa\u00edda CC, a esta\u00e7\u00e3o de energia tamb\u00e9m possui uma sa\u00edda CA cont\u00ednua de onda preta pura de 1.000 W com op\u00e7\u00f5es de sa\u00edda de tens\u00e3o de 110(100-120)\/230(220-240)V. A esta\u00e7\u00e3o de energia possui um visor LCD indicador de energia e tem um tamanho compacto de 334*167*204mm, facilitando o transporte e o armazenamento.<br \/>\nNo geral, o Gerador Solar de Esta\u00e7\u00e3o de Energia Port\u00e1til de L\u00edtio Multifuncional \u00e9 uma fonte de energia confi\u00e1vel e eficiente que pode ser usada para v\u00e1rias aplica\u00e7\u00f5es, incluindo aventuras ao ar livre, energia de backup de emerg\u00eancia e muito mais.<\/p>","protected":false},"featured_media":355,"template":"","meta":{"_kad_post_transparent":"default","_kad_post_title":"","_kad_post_layout":"default","_kad_post_sidebar_id":"","_kad_post_content_style":"default","_kad_post_vertical_padding":"default","_kad_post_feature":"","_kad_post_feature_position":"","_kad_post_header":false,"_kad_post_footer":false},"product_cat":[25,26],"product_tag":[186,185,184,182,188,183,176,187],"class_list":["post-354","product","type-product","status-publish","has-post-thumbnail","hentry","product_cat-home-storage-battery","product_cat-portable-power-station","product_tag-1000w-solar-power-generator","product_tag-2000wh-portable-acdc-power-station-outdoor","product_tag-generator-solar-charging-banks","product_tag-portable-power-station","product_tag-portable-power-station-manufacturer","product_tag-power-station-with-solar-panels","product_tag-protable-solar-power-generator","product_tag-solar-power-generator","entry","content-bg","loop-entry"],"_links":{"self":[{"href":"https:\/\/bybatt.com\/pt\/wp-json\/wp\/v2\/product\/354","targetHints":{"allow":["GET"]}}],"collection":[{"href":"https:\/\/bybatt.com\/pt\/wp-json\/wp\/v2\/product"}],"about":[{"href":"https:\/\/bybatt.com\/pt\/wp-json\/wp\/v2\/types\/product"}],"wp:featuredmedia":[{"embeddable":true,"href":"https:\/\/bybatt.com\/pt\/wp-json\/wp\/v2\/media\/355"}],"wp:attachment":[{"href":"https:\/\/bybatt.com\/pt\/wp-json\/wp\/v2\/media?parent=354"}],"wp:term":[{"taxonomy":"product_cat","embeddable":true,"href":"https:\/\/bybatt.com\/pt\/wp-json\/wp\/v2\/product_cat?post=354"},{"taxonomy":"product_tag","embeddable":true,"href":"https:\/\/bybatt.com\/pt\/wp-json\/wp\/v2\/product_tag?post=354"}],"curies":[{"name":"wp","href":"https:\/\/api.w.org\/{rel}","templated":true}]}}