{"id":361,"date":"2023-02-18T14:32:26","date_gmt":"2023-02-18T14:32:26","guid":{"rendered":"https:\/\/bybatt.com\/?post_type=product&#038;p=361"},"modified":"2023-03-05T16:18:35","modified_gmt":"2023-03-05T16:18:35","slug":"portable-power-station-solar-generator-manufacturer-in-china","status":"publish","type":"product","link":"https:\/\/bybatt.com\/pt\/produto\/portable-power-station-solar-generator-manufacturer-in-china\/","title":{"rendered":"Fabricante de Gerador Solar Port\u00e1til para Esta\u00e7\u00e3o de Energia na China"},"content":{"rendered":"","protected":false},"excerpt":{"rendered":"<p>Este gerador solar de esta\u00e7\u00e3o de energia port\u00e1til \u00e9 uma fonte de energia confi\u00e1vel e eficiente, projetada para atividades ao ar livre ou situa\u00e7\u00f5es de emerg\u00eancia. \u00c9 fabricado na China e \u00e9 feito com novas c\u00e9lulas 100% para desempenho duradouro.<br \/>\nA capacidade da bateria \u00e9 de 83200mAh com uma voltagem de 3,7V e uma capacidade total de energia de 300WH. A entrada necess\u00e1ria para carregar \u00e9 de 16,8 V\/5 A e leva de 5 a 6 horas para carregar totalmente. Esta esta\u00e7\u00e3o de energia tamb\u00e9m possui capacidade de carregamento solar com uma faixa de entrada de 18-23V\/100W m\u00e1x.<br \/>\nPossui v\u00e1rias sa\u00eddas DC, incluindo 2x USB (5V\/9V\/2A, \/12V\/1.5A com QC3.0), 1x Type-C (5V\/9V\/15V20V\/3A) PD 60W, 2x DC12V\/10A e 1x cigarro mais leve (14,4 V\/10 A). Al\u00e9m disso, a esta\u00e7\u00e3o de energia tem uma sa\u00edda CA cont\u00ednua de onda preta pura de 300 W com uma sa\u00edda de tens\u00e3o CA de 110(100-120)\/230(220-240)V CA de frequ\u00eancia de sa\u00edda de 50Hz\/60Hz\u00b15%.<br \/>\nA esta\u00e7\u00e3o de energia est\u00e1 equipada com um visor LCD indicador de energia para facilitar o monitoramento e tem um tamanho compacto de 270*154*242 mm. A esta\u00e7\u00e3o de energia vem com um adaptador de 80W para carregar. No geral, este gerador solar port\u00e1til para esta\u00e7\u00e3o de energia \u00e9 uma fonte de energia vers\u00e1til e de alta qualidade, adequada para v\u00e1rias situa\u00e7\u00f5es externas e de emerg\u00eancia.<\/p>","protected":false},"featured_media":362,"template":"","meta":{"_kad_post_transparent":"default","_kad_post_title":"","_kad_post_layout":"default","_kad_post_sidebar_id":"","_kad_post_content_style":"default","_kad_post_vertical_padding":"default","_kad_post_feature":"","_kad_post_feature_position":"","_kad_post_header":false,"_kad_post_footer":false},"product_cat":[25,26],"product_tag":[191,192,190,182,197,199,195,196,194,188,198,193,189],"class_list":["post-361","product","type-product","status-publish","has-post-thumbnail","hentry","product_cat-home-storage-battery","product_cat-portable-power-station","product_tag-300w-power-station","product_tag-500w-power-station","product_tag-lifepo4-power-station","product_tag-portable-power-station","product_tag-portable-power-station-brand","product_tag-portable-power-station-camping","product_tag-portable-power-station-europe","product_tag-portable-power-station-factory","product_tag-portable-power-station-germany","product_tag-portable-power-station-manufacturer","product_tag-portable-power-station-market","product_tag-portable-power-station-usa","product_tag-power-station","entry","content-bg","loop-entry"],"_links":{"self":[{"href":"https:\/\/bybatt.com\/pt\/wp-json\/wp\/v2\/product\/361","targetHints":{"allow":["GET"]}}],"collection":[{"href":"https:\/\/bybatt.com\/pt\/wp-json\/wp\/v2\/product"}],"about":[{"href":"https:\/\/bybatt.com\/pt\/wp-json\/wp\/v2\/types\/product"}],"wp:featuredmedia":[{"embeddable":true,"href":"https:\/\/bybatt.com\/pt\/wp-json\/wp\/v2\/media\/362"}],"wp:attachment":[{"href":"https:\/\/bybatt.com\/pt\/wp-json\/wp\/v2\/media?parent=361"}],"wp:term":[{"taxonomy":"product_cat","embeddable":true,"href":"https:\/\/bybatt.com\/pt\/wp-json\/wp\/v2\/product_cat?post=361"},{"taxonomy":"product_tag","embeddable":true,"href":"https:\/\/bybatt.com\/pt\/wp-json\/wp\/v2\/product_tag?post=361"}],"curies":[{"name":"wp","href":"https:\/\/api.w.org\/{rel}","templated":true}]}}