{"id":369,"date":"2023-02-18T14:44:28","date_gmt":"2023-02-18T14:44:28","guid":{"rendered":"https:\/\/bybatt.com\/?post_type=product&#038;p=369"},"modified":"2023-02-18T14:56:30","modified_gmt":"2023-02-18T14:56:30","slug":"catl-prismatic-3-2v-300ah-lithium-lifepo4-battery-cells","status":"publish","type":"product","link":"https:\/\/bybatt.com\/pt\/produto\/catl-prismatic-3-2v-300ah-lithium-lifepo4-battery-cells\/","title":{"rendered":"C\u00e9lulas de bateria CATL Prismatic 3.2V 300AH l\u00edtio LiFePO4"},"content":{"rendered":"","protected":false},"excerpt":{"rendered":"<p>As c\u00e9lulas de bateria de l\u00edtio LiFePO4 CATL Prismatic 3.2V 300AH s\u00e3o c\u00e9lulas solares de alta qualidade projetadas para a constru\u00e7\u00e3o de bancos de energia para caravanas, trailers, motorhomes ou convers\u00f5es de ve\u00edculos el\u00e9tricos. Essas novas c\u00e9lulas n\u00e3o s\u00e3o feitas de materiais reciclados, garantindo sua longevidade e confiabilidade.<br \/>\nCada c\u00e9lula mede 174w x 208h x 72d (mm) e pesa 5,4kg. Elas t\u00eam quase metade do peso das baterias AGM ou de chumbo-\u00e1cido e oferecem ciclos de carga mais altos, tornando-as a escolha ideal para sistemas de energia renov\u00e1vel.<br \/>\nObserve que esta \u00e9 uma \u00fanica c\u00e9lula de 3,2 V e, para criar uma bateria de 12 V, voc\u00ea precisar\u00e1 conectar quatro c\u00e9lulas em s\u00e9rie ou oito c\u00e9lulas para um sistema de 24 V. Para garantir seguran\u00e7a e longevidade, \u00e9 imprescind\u00edvel a utiliza\u00e7\u00e3o de um BMS (Battery Management System) com sensor de temperatura ao conectar as c\u00e9lulas em s\u00e9rie.<br \/>\nSe voc\u00ea estiver interessado em comprar um pacote de bateria compat\u00edvel, oferecemos sistemas de 12 V, 24 V, 36 V e 48 V com BMS, separadamente ou em um pacote. Escolha o pacote que melhor se adapta \u00e0s suas necessidades para construir um banco de energia confi\u00e1vel e eficiente para o seu sistema de energia renov\u00e1vel.<\/p>","protected":false},"featured_media":370,"template":"","meta":{"_kad_post_transparent":"default","_kad_post_title":"","_kad_post_layout":"default","_kad_post_sidebar_id":"","_kad_post_content_style":"default","_kad_post_vertical_padding":"default","_kad_post_feature":"","_kad_post_feature_position":"","_kad_post_header":false,"_kad_post_footer":false},"product_cat":[24],"product_tag":[204,205,200,109,203,201,202],"class_list":["post-369","product","type-product","status-publish","has-post-thumbnail","hentry","product_cat-battery-cell","product_tag-catl-3-2v-300ah","product_tag-lifepo4-battery-cell","product_tag-lifepo4-battery-cells","product_tag-lifepo4-battery-pack","product_tag-lifepo4-cells","product_tag-lifepo4-prismatic-cells","product_tag-lithium-battery-cells","entry","content-bg","loop-entry"],"_links":{"self":[{"href":"https:\/\/bybatt.com\/pt\/wp-json\/wp\/v2\/product\/369","targetHints":{"allow":["GET"]}}],"collection":[{"href":"https:\/\/bybatt.com\/pt\/wp-json\/wp\/v2\/product"}],"about":[{"href":"https:\/\/bybatt.com\/pt\/wp-json\/wp\/v2\/types\/product"}],"wp:featuredmedia":[{"embeddable":true,"href":"https:\/\/bybatt.com\/pt\/wp-json\/wp\/v2\/media\/370"}],"wp:attachment":[{"href":"https:\/\/bybatt.com\/pt\/wp-json\/wp\/v2\/media?parent=369"}],"wp:term":[{"taxonomy":"product_cat","embeddable":true,"href":"https:\/\/bybatt.com\/pt\/wp-json\/wp\/v2\/product_cat?post=369"},{"taxonomy":"product_tag","embeddable":true,"href":"https:\/\/bybatt.com\/pt\/wp-json\/wp\/v2\/product_tag?post=369"}],"curies":[{"name":"wp","href":"https:\/\/api.w.org\/{rel}","templated":true}]}}