{"id":377,"date":"2023-02-18T15:00:20","date_gmt":"2023-02-18T15:00:20","guid":{"rendered":"https:\/\/bybatt.com\/?post_type=product&#038;p=377"},"modified":"2023-02-18T15:08:03","modified_gmt":"2023-02-18T15:08:03","slug":"exliporc-21700-3-7v-rechargeable-li-ion-batteries-cells","status":"publish","type":"product","link":"https:\/\/bybatt.com\/pt\/produto\/exliporc-21700-3-7v-rechargeable-li-ion-batteries-cells\/","title":{"rendered":"C\u00e9lulas de baterias de \u00edons de l\u00edtio recarreg\u00e1veis Exliporc 21700 3,7 V"},"content":{"rendered":"","protected":false},"excerpt":{"rendered":"<p>As c\u00e9lulas de \u00edon de l\u00edtio recarreg\u00e1veis Exliporc 21700 de 3,7 V s\u00e3o baterias de \u00edon de l\u00edtio recarreg\u00e1veis de alta qualidade projetadas para fornecer energia confi\u00e1vel para uma ampla gama de aplica\u00e7\u00f5es. Com um peso l\u00edquido de 70g e dimens\u00f5es de 21*70mm, estas baterias s\u00e3o compactas e f\u00e1ceis de transportar.<br \/>\nAs baterias t\u00eam uma grande capacidade nominal de 5000mAh, permitindo-lhes fornecer energia de longa dura\u00e7\u00e3o para os seus dispositivos. Eles tamb\u00e9m t\u00eam uma tens\u00e3o nominal de 3,7 V, tornando-os adequados para uma variedade de dispositivos eletr\u00f4nicos que requerem uma fonte de alimenta\u00e7\u00e3o est\u00e1vel e confi\u00e1vel.<br \/>\nUma das principais caracter\u00edsticas dessas baterias \u00e9 sua taxa de descarga 3C, o que significa que elas podem fornecer uma sa\u00edda de alta corrente para carregamento r\u00e1pido e fornecimento de energia eficiente. Isso os torna ideais para uso em dispositivos de alto desempenho que exigem muita energia, como lanternas, c\u00e2meras e outros dispositivos eletr\u00f4nicos.<br \/>\nAl\u00e9m de seu alto desempenho, essas baterias tamb\u00e9m s\u00e3o ecologicamente corretas, pois s\u00e3o recarreg\u00e1veis e podem ser usadas repetidamente. Eles s\u00e3o f\u00e1ceis de usar e podem ser carregados usando um carregador de bateria Li-ion padr\u00e3o.<\/p>","protected":false},"featured_media":378,"template":"","meta":{"_kad_post_transparent":"default","_kad_post_title":"","_kad_post_layout":"default","_kad_post_sidebar_id":"","_kad_post_content_style":"default","_kad_post_vertical_padding":"default","_kad_post_feature":"","_kad_post_feature_position":"","_kad_post_header":false,"_kad_post_footer":false},"product_cat":[24],"product_tag":[207,211,209,210,208,206],"class_list":["post-377","product","type-product","status-publish","has-post-thumbnail","hentry","product_cat-battery-cell","product_tag-21700-batteries","product_tag-21700-battery-pack","product_tag-21700-li-ion-rechargeable-battery-pack","product_tag-21700-lithium-battery-cells","product_tag-li-ion-2170-cells","product_tag-rechargeable-li-ion-batteries-cells","entry","content-bg","loop-entry"],"_links":{"self":[{"href":"https:\/\/bybatt.com\/pt\/wp-json\/wp\/v2\/product\/377","targetHints":{"allow":["GET"]}}],"collection":[{"href":"https:\/\/bybatt.com\/pt\/wp-json\/wp\/v2\/product"}],"about":[{"href":"https:\/\/bybatt.com\/pt\/wp-json\/wp\/v2\/types\/product"}],"wp:featuredmedia":[{"embeddable":true,"href":"https:\/\/bybatt.com\/pt\/wp-json\/wp\/v2\/media\/378"}],"wp:attachment":[{"href":"https:\/\/bybatt.com\/pt\/wp-json\/wp\/v2\/media?parent=377"}],"wp:term":[{"taxonomy":"product_cat","embeddable":true,"href":"https:\/\/bybatt.com\/pt\/wp-json\/wp\/v2\/product_cat?post=377"},{"taxonomy":"product_tag","embeddable":true,"href":"https:\/\/bybatt.com\/pt\/wp-json\/wp\/v2\/product_tag?post=377"}],"curies":[{"name":"wp","href":"https:\/\/api.w.org\/{rel}","templated":true}]}}