{"id":384,"date":"2023-02-18T15:17:32","date_gmt":"2023-02-18T15:17:32","guid":{"rendered":"https:\/\/bybatt.com\/?post_type=product&#038;p=384"},"modified":"2023-02-18T15:23:38","modified_gmt":"2023-02-18T15:23:38","slug":"3-7v-rechargeable-authentic-tesla-lithium-ion-battery-cells","status":"publish","type":"product","link":"https:\/\/bybatt.com\/pt\/produto\/3-7v-rechargeable-authentic-tesla-lithium-ion-battery-cells\/","title":{"rendered":"C\u00e9lulas de bateria de \u00edon de l\u00edtio Tesla recarreg\u00e1veis aut\u00eanticas de 3,7 V"},"content":{"rendered":"","protected":false},"excerpt":{"rendered":"<p>As c\u00e9lulas de bateria de \u00edon de l\u00edtio Tesla recarreg\u00e1veis aut\u00eanticas de 3,7 V s\u00e3o baterias de alta qualidade projetadas para uso em uma variedade de aplica\u00e7\u00f5es. As c\u00e9lulas s\u00e3o 100% novas, garantindo que estejam livres de defeitos e sejam capazes de fornecer desempenho confi\u00e1vel.<br \/>\nEstas c\u00e9lulas t\u00eam um tamanho de 21700, medindo 21mm de di\u00e2metro e 70mm de comprimento, tornando-as adequadas para uso em uma ampla gama de dispositivos. As c\u00e9lulas t\u00eam uma faixa de voltagem de 3,7 V a 4,2 V, permitindo compatibilidade com uma variedade de dispositivos que requerem diferentes n\u00edveis de voltagem.<br \/>\nA capacidade destas baterias \u00e9 de 4400mAh, com uma toler\u00e2ncia de +\/- 5%. Essa alta capacidade garante que essas c\u00e9lulas sejam capazes de fornecer energia de longa dura\u00e7\u00e3o para seus dispositivos, tornando-as ideais para aplica\u00e7\u00f5es que exigem uma fonte confi\u00e1vel de energia.<br \/>\nEssas c\u00e9lulas de bateria de \u00edon de l\u00edtio Tesla s\u00e3o recarreg\u00e1veis, tornando-as uma escolha econ\u00f4mica e ecol\u00f3gica. Eles tamb\u00e9m s\u00e3o projetados para serem seguros e confi\u00e1veis, com recursos de prote\u00e7\u00e3o integrados que evitam sobrecarga, descarga excessiva e curtos-circuitos.<\/p>","protected":false},"featured_media":385,"template":"","meta":{"_kad_post_transparent":"default","_kad_post_title":"","_kad_post_layout":"default","_kad_post_sidebar_id":"","_kad_post_content_style":"default","_kad_post_vertical_padding":"default","_kad_post_feature":"","_kad_post_feature_position":"","_kad_post_header":false,"_kad_post_footer":false},"product_cat":[24],"product_tag":[218,212,217,214,219,215,213,216],"class_list":["post-384","product","type-product","status-publish","has-post-thumbnail","hentry","product_cat-battery-cell","product_tag-3-63v-lithium-li-ion-batteries-cell","product_tag-authentic-tesla-battery-cells","product_tag-brand-new-icr-18650-26j","product_tag-lithium-ion-battery-cells","product_tag-phosphate-battery-cells","product_tag-rechargeable-battery-cells","product_tag-tesla-battery-cells","product_tag-tesla-lithium-ion-battery-cells","entry","content-bg","loop-entry"],"_links":{"self":[{"href":"https:\/\/bybatt.com\/pt\/wp-json\/wp\/v2\/product\/384","targetHints":{"allow":["GET"]}}],"collection":[{"href":"https:\/\/bybatt.com\/pt\/wp-json\/wp\/v2\/product"}],"about":[{"href":"https:\/\/bybatt.com\/pt\/wp-json\/wp\/v2\/types\/product"}],"wp:featuredmedia":[{"embeddable":true,"href":"https:\/\/bybatt.com\/pt\/wp-json\/wp\/v2\/media\/385"}],"wp:attachment":[{"href":"https:\/\/bybatt.com\/pt\/wp-json\/wp\/v2\/media?parent=384"}],"wp:term":[{"taxonomy":"product_cat","embeddable":true,"href":"https:\/\/bybatt.com\/pt\/wp-json\/wp\/v2\/product_cat?post=384"},{"taxonomy":"product_tag","embeddable":true,"href":"https:\/\/bybatt.com\/pt\/wp-json\/wp\/v2\/product_tag?post=384"}],"curies":[{"name":"wp","href":"https:\/\/api.w.org\/{rel}","templated":true}]}}