{"id":387,"date":"2023-02-18T15:28:18","date_gmt":"2023-02-18T15:28:18","guid":{"rendered":"https:\/\/bybatt.com\/?post_type=product&#038;p=387"},"modified":"2023-03-05T16:18:23","modified_gmt":"2023-03-05T16:18:23","slug":"3-2v-230ah-lifepo4-rechargeable-prismatic-battery-cells","status":"publish","type":"product","link":"https:\/\/bybatt.com\/pt\/produto\/3-2v-230ah-lifepo4-rechargeable-prismatic-battery-cells\/","title":{"rendered":"C\u00e9lulas de bateria prism\u00e1tica recarreg\u00e1vel LiFePO4 3,2V 230AH"},"content":{"rendered":"","protected":false},"excerpt":{"rendered":"<div class=\"A3dMNc\" data-initial-text=\"\">As c\u00e9lulas de bateria prism\u00e1tica recarreg\u00e1vel LiFePO4 de 3,2V 230AH s\u00e3o uma solu\u00e7\u00e3o de armazenamento de energia de alta qualidade que oferece uma gama de benef\u00edcios. Cada c\u00e9lula usada nas baterias \u00e9 100% nova, garantindo desempenho e confiabilidade consistentes. Essas baterias tamb\u00e9m s\u00e3o ecologicamente corretas e possuem alta densidade de energia, o que significa que podem fornecer energia duradoura em um pacote compacto e leve. Um dos principais benef\u00edcios dessas baterias \u00e9 sua baixa taxa de autodescarga, o que garante que elas retenham sua carga por per\u00edodos de tempo mais longos. Eles tamb\u00e9m t\u00eam uma baixa resist\u00eancia interna, o que significa que podem fornecer energia de forma r\u00e1pida e eficiente. Al\u00e9m disso, as baterias t\u00eam um longo ciclo de vida e podem ser carregadas at\u00e9 1000 vezes sem sofrer nenhum efeito de mem\u00f3ria. Essas baterias tamb\u00e9m v\u00eam com recursos de seguran\u00e7a integrados, como prote\u00e7\u00e3o contra curto-circuito e alta temperatura, garantindo que sejam seguras para uso em v\u00e1rios ambientes. Eles t\u00eam tempos de carregamento mais r\u00e1pidos do que outras tecnologias de bateria, o que os torna a escolha ideal para aplica\u00e7\u00f5es que exigem tempos de recarga r\u00e1pidos. As baterias tamb\u00e9m t\u00eam capacidade dispon\u00edvel 100%, o que significa que os usu\u00e1rios podem contar com a capacidade total da bateria para suas necessidades de energia. Al\u00e9m disso, as baterias possuem um BMS de prote\u00e7\u00e3o de seguran\u00e7a integrado que ajuda a evitar problemas como sobrecarga ou descarga excessiva.<\/div>","protected":false},"featured_media":388,"template":"","meta":{"_kad_post_transparent":"default","_kad_post_title":"","_kad_post_layout":"default","_kad_post_sidebar_id":"","_kad_post_content_style":"default","_kad_post_vertical_padding":"default","_kad_post_feature":"","_kad_post_feature_position":"","_kad_post_header":false,"_kad_post_footer":false},"product_cat":[24],"product_tag":[221,200,203,222,202,223,220,215,224],"class_list":["post-387","product","type-product","status-publish","has-post-thumbnail","hentry","product_cat-battery-cell","product_tag-deep-cycle-3-2v-230ah-lfp","product_tag-lifepo4-battery-cells","product_tag-lifepo4-cells","product_tag-lifepo4-inverter-lithium-iron","product_tag-lithium-battery-cells","product_tag-phosphate-battery-cells-200ah","product_tag-prismatic-battery-cells","product_tag-rechargeable-battery-cells","product_tag-rechargeable-power-wall-ebike-batteries","entry","content-bg","loop-entry"],"_links":{"self":[{"href":"https:\/\/bybatt.com\/pt\/wp-json\/wp\/v2\/product\/387","targetHints":{"allow":["GET"]}}],"collection":[{"href":"https:\/\/bybatt.com\/pt\/wp-json\/wp\/v2\/product"}],"about":[{"href":"https:\/\/bybatt.com\/pt\/wp-json\/wp\/v2\/types\/product"}],"wp:featuredmedia":[{"embeddable":true,"href":"https:\/\/bybatt.com\/pt\/wp-json\/wp\/v2\/media\/388"}],"wp:attachment":[{"href":"https:\/\/bybatt.com\/pt\/wp-json\/wp\/v2\/media?parent=387"}],"wp:term":[{"taxonomy":"product_cat","embeddable":true,"href":"https:\/\/bybatt.com\/pt\/wp-json\/wp\/v2\/product_cat?post=387"},{"taxonomy":"product_tag","embeddable":true,"href":"https:\/\/bybatt.com\/pt\/wp-json\/wp\/v2\/product_tag?post=387"}],"curies":[{"name":"wp","href":"https:\/\/api.w.org\/{rel}","templated":true}]}}