{"id":393,"date":"2023-02-18T15:39:42","date_gmt":"2023-02-18T15:39:42","guid":{"rendered":"https:\/\/bybatt.com\/?post_type=product&#038;p=393"},"modified":"2023-02-19T08:22:15","modified_gmt":"2023-02-19T08:22:15","slug":"36v-48v-52v-electric-bike-lithium-battery-with-charger","status":"publish","type":"product","link":"https:\/\/bybatt.com\/pt\/produto\/36v-48v-52v-electric-bike-lithium-battery-with-charger\/","title":{"rendered":"Bateria de l\u00edtio de bicicleta el\u00e9trica 36V 48V 52V com carregador"},"content":{"rendered":"","protected":false},"excerpt":{"rendered":"<div class=\"A3dMNc\" data-initial-text=\"\">A bateria de l\u00edtio para bicicleta el\u00e9trica 36V 48V 52V com carregador \u00e9 uma bateria de alta qualidade projetada para alimentar bicicletas el\u00e9tricas. A bateria usa novas c\u00e9lulas Li(NiCoMn)O2 18650 100% e est\u00e1 dispon\u00edvel em op\u00e7\u00f5es de tens\u00e3o nominal de 36V e 48V com op\u00e7\u00f5es de capacidade nominal de 10-20ah. A caixa externa \u00e9 feita de alum\u00ednio, tornando-a resistente e dur\u00e1vel.<br \/>\nA bateria tem uma dimens\u00e3o de 257150147mm e pesa aproximadamente 3,5KG\/4,5Kg. Ele vem com um carregador padr\u00e3o que carrega a bateria usando uma corrente constante de 0,2C e uma tens\u00e3o constante de 42V. A op\u00e7\u00e3o de carga r\u00e1pida usa uma corrente constante de 0,5 CA.<br \/>\nA taxa de descarga padr\u00e3o da bateria \u00e9 uma corrente constante de 0,2 C, com uma tens\u00e3o final de 36,4 V. A bateria tem uma corrente de descarga cont\u00ednua de 20A e uma corrente de descarga de pico de 60A, tornando-a capaz de fornecer alta pot\u00eancia quando necess\u00e1rio.<br \/>\nA bateria tem um ciclo de vida de 500 vezes com DOD80%, o que significa que pode ser carregada e descarregada at\u00e9 500 vezes, mantendo 80% de sua capacidade original. A bateria tamb\u00e9m possui uma fun\u00e7\u00e3o BMS que inclui prote\u00e7\u00e3o contra sobrecorrente, prote\u00e7\u00e3o contra descarga excessiva, prote\u00e7\u00e3o contra sobrecarga, prote\u00e7\u00e3o contra curto-circuito e equil\u00edbrio. Isso garante que a bateria seja protegida contra danos e prolonga sua vida \u00fatil.<br \/>\nA bateria pode ser armazenada em uma faixa de temperatura de -10-40 \u2103, com uma faixa de umidade relativa de 45-75% e uma faixa de press\u00e3o de 86-106KPa. Isso o torna adequado para uso em uma variedade de ambientes. No geral, esta bateria \u00e9 uma op\u00e7\u00e3o confi\u00e1vel e de alto desempenho para alimentar bicicletas el\u00e9tricas.<\/div>","protected":false},"featured_media":394,"template":"","meta":{"_kad_post_transparent":"default","_kad_post_title":"","_kad_post_layout":"default","_kad_post_sidebar_id":"","_kad_post_content_style":"default","_kad_post_vertical_padding":"default","_kad_post_feature":"","_kad_post_feature_position":"","_kad_post_header":false,"_kad_post_footer":false},"product_cat":[19,22],"product_tag":[226,232,231,234,230,229,41,227,40,225,233,228],"class_list":["post-393","product","type-product","status-publish","has-post-thumbnail","hentry","product_cat-custom-ebike-battery","product_cat-rear-ebike-battery","product_tag-36v-10ah-lithium-battery","product_tag-36v-lithium-battery-for-electric-bikes","product_tag-48v-lithium-ion-battery-for-electric-bike","product_tag-e-bike-battery","product_tag-ebike-lithium-battery","product_tag-electric-bicycle-batteries","product_tag-electric-bicycle-battery","product_tag-electric-bike-14ah-24v-electric-bicycle-battery","product_tag-electric-bike-lithium-battery","product_tag-kangaroo-ebike-battery","product_tag-lithium-battery-for-motorcycle","product_tag-lithium-bicycle-battery","entry","content-bg","loop-entry"],"_links":{"self":[{"href":"https:\/\/bybatt.com\/pt\/wp-json\/wp\/v2\/product\/393","targetHints":{"allow":["GET"]}}],"collection":[{"href":"https:\/\/bybatt.com\/pt\/wp-json\/wp\/v2\/product"}],"about":[{"href":"https:\/\/bybatt.com\/pt\/wp-json\/wp\/v2\/types\/product"}],"wp:featuredmedia":[{"embeddable":true,"href":"https:\/\/bybatt.com\/pt\/wp-json\/wp\/v2\/media\/394"}],"wp:attachment":[{"href":"https:\/\/bybatt.com\/pt\/wp-json\/wp\/v2\/media?parent=393"}],"wp:term":[{"taxonomy":"product_cat","embeddable":true,"href":"https:\/\/bybatt.com\/pt\/wp-json\/wp\/v2\/product_cat?post=393"},{"taxonomy":"product_tag","embeddable":true,"href":"https:\/\/bybatt.com\/pt\/wp-json\/wp\/v2\/product_tag?post=393"}],"curies":[{"name":"wp","href":"https:\/\/api.w.org\/{rel}","templated":true}]}}