{"id":400,"date":"2023-02-18T15:48:32","date_gmt":"2023-02-18T15:48:32","guid":{"rendered":"https:\/\/bybatt.com\/?post_type=product&#038;p=400"},"modified":"2023-02-19T08:21:52","modified_gmt":"2023-02-19T08:21:52","slug":"electric-bicycle-rear-rack-battery-pack-with-taillight","status":"publish","type":"product","link":"https:\/\/bybatt.com\/pt\/produto\/electric-bicycle-rear-rack-battery-pack-with-taillight\/","title":{"rendered":"Bateria de rack traseiro de bicicleta el\u00e9trica com luz traseira"},"content":{"rendered":"","protected":false},"excerpt":{"rendered":"<p>O pacote de bateria de rack traseiro de bicicleta el\u00e9trica com luz traseira \u00e9 um pacote de bateria de \u00edon de l\u00edtio recarreg\u00e1vel projetado para ser montado no rack traseiro de uma bicicleta el\u00e9trica. A bateria vem com uma lanterna traseira embutida para maior seguran\u00e7a durante passeios noturnos.<br \/>\nA bateria usa 100% novas c\u00e9lulas Li(NiCoMn)O2 18650 e est\u00e1 dispon\u00edvel em duas op\u00e7\u00f5es de voltagem: 36v e 48v. A capacidade nominal da bateria varia de 10-20ah. A caixa externa \u00e9 feita de alum\u00ednio, o que proporciona durabilidade e prote\u00e7\u00e3o contra impactos e intemp\u00e9ries. As dimens\u00f5es da bateria s\u00e3o 257*150*147mm e pesa aproximadamente 3,5KG\/4,5Kg.<br \/>\nA bateria pode ser carregada usando um m\u00e9todo de carregamento padr\u00e3o ou r\u00e1pido. O carregamento padr\u00e3o envolve uma corrente constante de 0,2C e uma tens\u00e3o constante de 42V com um corte de 100mA. O carregamento r\u00e1pido envolve uma corrente constante de 0,5 CA e uma tens\u00e3o constante de 42 V com um corte de 100 mA.<br \/>\nA bateria tem uma corrente de descarga cont\u00ednua de 20A e uma corrente de pico de descarga de 60A, o que significa que pode fornecer altos n\u00edveis de energia ao motor el\u00e9trico da bicicleta. A bateria tem um ciclo de vida de 500 vezes com DOD80%, o que significa que pode ser recarregada e descarregada at\u00e9 500 vezes antes de come\u00e7ar a se degradar significativamente.<br \/>\nA bateria est\u00e1 equipada com um BMS (sistema de gerenciamento de bateria) que fornece prote\u00e7\u00e3o contra sobrecorrente, descarga excessiva, sobrecarga e curto-circuito. O BMS tamb\u00e9m ajuda a equilibrar as c\u00e9lulas individuais na bateria para garantir que todas sejam carregadas e descarregadas igualmente.<br \/>\nA bateria pode ser armazenada em uma faixa de temperatura de -10-40 \u2103 com umidade relativa de 45-75% e uma faixa de press\u00e3o de 86-106KPa. No geral, a bateria de rack traseiro de bicicleta el\u00e9trica com luz traseira \u00e9 uma fonte de energia confi\u00e1vel e de alta qualidade para bicicletas el\u00e9tricas que oferece conveni\u00eancia, seguran\u00e7a e alto desempenho.<\/p>","protected":false},"featured_media":401,"template":"","meta":{"_kad_post_transparent":"default","_kad_post_title":"","_kad_post_layout":"default","_kad_post_sidebar_id":"","_kad_post_content_style":"default","_kad_post_vertical_padding":"default","_kad_post_feature":"","_kad_post_feature_position":"","_kad_post_header":false,"_kad_post_footer":false},"product_cat":[19,22],"product_tag":[240,241,237,238,239,235,236],"class_list":["post-400","product","type-product","status-publish","has-post-thumbnail","hentry","product_cat-custom-ebike-battery","product_cat-rear-ebike-battery","product_tag-akku-48v-36v-20ah-ebike-battery","product_tag-battery-jceb360-13","product_tag-ebike-rear-rack-battery","product_tag-electric-bike-battery-with-rear-rack","product_tag-rear-rack-25-ah-lithium-ion-battery-pack","product_tag-rear-rack-battery","product_tag-rear-rack-ebike-battery","entry","content-bg","loop-entry"],"_links":{"self":[{"href":"https:\/\/bybatt.com\/pt\/wp-json\/wp\/v2\/product\/400","targetHints":{"allow":["GET"]}}],"collection":[{"href":"https:\/\/bybatt.com\/pt\/wp-json\/wp\/v2\/product"}],"about":[{"href":"https:\/\/bybatt.com\/pt\/wp-json\/wp\/v2\/types\/product"}],"wp:featuredmedia":[{"embeddable":true,"href":"https:\/\/bybatt.com\/pt\/wp-json\/wp\/v2\/media\/401"}],"wp:attachment":[{"href":"https:\/\/bybatt.com\/pt\/wp-json\/wp\/v2\/media?parent=400"}],"wp:term":[{"taxonomy":"product_cat","embeddable":true,"href":"https:\/\/bybatt.com\/pt\/wp-json\/wp\/v2\/product_cat?post=400"},{"taxonomy":"product_tag","embeddable":true,"href":"https:\/\/bybatt.com\/pt\/wp-json\/wp\/v2\/product_tag?post=400"}],"curies":[{"name":"wp","href":"https:\/\/api.w.org\/{rel}","templated":true}]}}