{"id":407,"date":"2023-02-19T03:55:38","date_gmt":"2023-02-19T03:55:38","guid":{"rendered":"https:\/\/bybatt.com\/?post_type=product&#038;p=407"},"modified":"2023-02-19T08:21:27","modified_gmt":"2023-02-19T08:21:27","slug":"wholesale-24v-36v-48v-e-bike-rear-rack-lithium-ion-battery","status":"publish","type":"product","link":"https:\/\/bybatt.com\/pt\/produto\/wholesale-24v-36v-48v-e-bike-rear-rack-lithium-ion-battery\/","title":{"rendered":"Bateria de \u00edon de l\u00edtio de \u00edon de l\u00edtio 24V 36V 48V para rack traseiro de bicicleta el\u00e9trica"},"content":{"rendered":"","protected":false},"excerpt":{"rendered":"<p>A bateria de \u00edon de l\u00edtio para rack traseiro de bicicleta el\u00e9trica 24V 36V 48V \u00e9 uma bateria de alta qualidade projetada para bicicletas el\u00e9tricas. Esta bateria usa novas c\u00e9lulas 100% com uma qu\u00edmica de Li(NiCoMn)O2 18650. Tem uma tens\u00e3o nominal de 36V ou 48V e uma capacidade nominal de 10-20ah. A caixa externa \u00e9 feita de alum\u00ednio, tornando-a resistente e dur\u00e1vel. As dimens\u00f5es da bateria s\u00e3o 257*150*147mm e pesa aproximadamente 3,5KG\/4,5Kg.<br \/>\nA bateria pode ser carregada usando uma carga padr\u00e3o de corrente constante 0,2C, corte de tens\u00e3o constante 42V 100mA ou uma carga r\u00e1pida de corrente constante 0,5CA, corte de tens\u00e3o constante 42V 100mA. Ele pode ser descarregado usando uma descarga padr\u00e3o de corrente constante 0,2C\/tens\u00e3o final 36,4V. A bateria tem uma corrente de descarga cont\u00ednua de 20A e uma corrente de pico de descarga de 60A.<br \/>\nEsta bateria tem um ciclo de vida de 500 vezes com DOD80% e inclui um BMS (Battery Management System) com prote\u00e7\u00e3o contra sobrecorrente, prote\u00e7\u00e3o contra descarga excessiva, prote\u00e7\u00e3o contra sobrecarga, prote\u00e7\u00e3o contra curto-circuito e fun\u00e7\u00f5es de equil\u00edbrio. A bateria pode ser armazenada em uma faixa de temperatura de -10-40 \u2103 com umidade relativa de 45-75% e press\u00e3o de 86-106KPa. Esta bateria \u00e9 ideal para entusiastas de bicicletas el\u00e9tricas que desejam uma fonte de energia confi\u00e1vel e duradoura para suas bicicletas el\u00e9tricas.<\/p>","protected":false},"featured_media":408,"template":"","meta":{"_kad_post_transparent":"default","_kad_post_title":"","_kad_post_layout":"default","_kad_post_sidebar_id":"","_kad_post_content_style":"default","_kad_post_vertical_padding":"default","_kad_post_feature":"","_kad_post_feature_position":"","_kad_post_header":false,"_kad_post_footer":false},"product_cat":[19,22],"product_tag":[246,248,247,249,244,238,245,235,236,243,242],"class_list":["post-407","product","type-product","status-publish","has-post-thumbnail","hentry","product_cat-custom-ebike-battery","product_cat-rear-ebike-battery","product_tag-24v-battery-rack-mount","product_tag-24v-rear-rack-battery","product_tag-36v-rear-rack-battery","product_tag-48v-rear-rack-battery","product_tag-48volt-li-ion-e-bike-akku-ebike-rear-rack","product_tag-electric-bike-battery-with-rear-rack","product_tag-kangaroo-battery","product_tag-rear-rack-battery","product_tag-rear-rack-ebike-battery","product_tag-rear-rack-ebike-lithium-ion-battery","product_tag-rear-rack-lithium-ion-battery","entry","content-bg","loop-entry"],"_links":{"self":[{"href":"https:\/\/bybatt.com\/pt\/wp-json\/wp\/v2\/product\/407","targetHints":{"allow":["GET"]}}],"collection":[{"href":"https:\/\/bybatt.com\/pt\/wp-json\/wp\/v2\/product"}],"about":[{"href":"https:\/\/bybatt.com\/pt\/wp-json\/wp\/v2\/types\/product"}],"wp:featuredmedia":[{"embeddable":true,"href":"https:\/\/bybatt.com\/pt\/wp-json\/wp\/v2\/media\/408"}],"wp:attachment":[{"href":"https:\/\/bybatt.com\/pt\/wp-json\/wp\/v2\/media?parent=407"}],"wp:term":[{"taxonomy":"product_cat","embeddable":true,"href":"https:\/\/bybatt.com\/pt\/wp-json\/wp\/v2\/product_cat?post=407"},{"taxonomy":"product_tag","embeddable":true,"href":"https:\/\/bybatt.com\/pt\/wp-json\/wp\/v2\/product_tag?post=407"}],"curies":[{"name":"wp","href":"https:\/\/api.w.org\/{rel}","templated":true}]}}