{"id":415,"date":"2023-02-19T07:37:27","date_gmt":"2023-02-19T07:37:27","guid":{"rendered":"https:\/\/bybatt.com\/?post_type=product&#038;p=415"},"modified":"2023-02-19T08:21:03","modified_gmt":"2023-02-19T08:21:03","slug":"100-new-cell-li-ion-e-bike-battery-mounted-on-rear-rack","status":"publish","type":"product","link":"https:\/\/bybatt.com\/pt\/produto\/100-new-cell-li-ion-e-bike-battery-mounted-on-rear-rack\/","title":{"rendered":"100% Nova bateria de \u00edon de l\u00edtio para bicicleta el\u00e9trica montada no rack traseiro"},"content":{"rendered":"","protected":false},"excerpt":{"rendered":"<p>A bateria de \u00edon de l\u00edtio nova 100% montada no rack traseiro \u00e9 uma bateria confi\u00e1vel e de alta qualidade projetada para bicicletas el\u00e9tricas. A bateria \u00e9 feita com novas c\u00e9lulas 100% com uma qu\u00edmica de Li(NiCoMn)O2 18650. Est\u00e1 dispon\u00edvel em duas voltagens nominais diferentes, 36v e 48v, e tem uma capacidade nominal de 10-20ah.<br \/>\nA caixa externa da bateria \u00e9 feita de alum\u00ednio dur\u00e1vel e suas dimens\u00f5es s\u00e3o 257*150*147mm. A bateria pode ser carregada usando um m\u00e9todo de carregamento padr\u00e3o, que envolve uma corrente constante de 0,2C e uma tens\u00e3o constante de 42V, com corte de 100mA. Como alternativa, pode ser usado um m\u00e9todo de carga r\u00e1pida, que envolve uma corrente constante de 0,5 CA, uma tens\u00e3o constante de 42 V e um corte de 100 mA.<br \/>\nDurante o uso, a bateria pode ser descarregada usando uma corrente constante de 0,2C at\u00e9 que a tens\u00e3o final atinja 36,4V. A bateria pesa aproximadamente 3,5KG\/4,5Kg e tem uma corrente de descarga cont\u00ednua de 20A, com uma corrente de descarga de pico de 60A. A bateria tem um ciclo de vida de 500 vezes com DOD80%.<br \/>\nA bateria est\u00e1 equipada com um BMS (Battery Management System), que fornece prote\u00e7\u00e3o contra eventos de sobrecorrente, descarga excessiva, sobrecarga e curto-circuito. Ele tamb\u00e9m possui uma fun\u00e7\u00e3o de equil\u00edbrio para garantir que todas as c\u00e9lulas da bateria sejam carregadas e descarregadas uniformemente.<br \/>\nA bateria tem uma faixa de temperatura de armazenamento de -10-40 \u2103, uma faixa de umidade relativa de 45-75% e uma faixa de press\u00e3o de 86-106KPa. Esta bateria \u00e9 uma \u00f3tima op\u00e7\u00e3o para quem deseja atualizar ou substituir a bateria atual da bicicleta el\u00e9trica.<\/p>","protected":false},"featured_media":416,"template":"","meta":{"_kad_post_transparent":"default","_kad_post_title":"","_kad_post_layout":"default","_kad_post_sidebar_id":"","_kad_post_content_style":"default","_kad_post_vertical_padding":"default","_kad_post_feature":"","_kad_post_feature_position":"","_kad_post_header":false,"_kad_post_footer":false},"product_cat":[19,22],"product_tag":[248,247,252,253,249,245,250,254,251],"class_list":["post-415","product","type-product","status-publish","has-post-thumbnail","hentry","product_cat-custom-ebike-battery","product_cat-rear-ebike-battery","product_tag-24v-rear-rack-battery","product_tag-36v-rear-rack-battery","product_tag-48-volt-rear-rack-electric-bicycle-battery","product_tag-48v-10ah-ebike-battery-with-carrier","product_tag-48v-rear-rack-battery","product_tag-kangaroo-battery","product_tag-li-ion-e-bike-battery","product_tag-rack-ebike-rear-rack","product_tag-rechargeable-lithium-ion","entry","content-bg","loop-entry"],"_links":{"self":[{"href":"https:\/\/bybatt.com\/pt\/wp-json\/wp\/v2\/product\/415","targetHints":{"allow":["GET"]}}],"collection":[{"href":"https:\/\/bybatt.com\/pt\/wp-json\/wp\/v2\/product"}],"about":[{"href":"https:\/\/bybatt.com\/pt\/wp-json\/wp\/v2\/types\/product"}],"wp:featuredmedia":[{"embeddable":true,"href":"https:\/\/bybatt.com\/pt\/wp-json\/wp\/v2\/media\/416"}],"wp:attachment":[{"href":"https:\/\/bybatt.com\/pt\/wp-json\/wp\/v2\/media?parent=415"}],"wp:term":[{"taxonomy":"product_cat","embeddable":true,"href":"https:\/\/bybatt.com\/pt\/wp-json\/wp\/v2\/product_cat?post=415"},{"taxonomy":"product_tag","embeddable":true,"href":"https:\/\/bybatt.com\/pt\/wp-json\/wp\/v2\/product_tag?post=415"}],"curies":[{"name":"wp","href":"https:\/\/api.w.org\/{rel}","templated":true}]}}