{"id":422,"date":"2023-02-19T08:03:36","date_gmt":"2023-02-19T08:03:36","guid":{"rendered":"https:\/\/bybatt.com\/?post_type=product&#038;p=422"},"modified":"2023-02-19T08:20:43","modified_gmt":"2023-02-19T08:20:43","slug":"electric-bike-tricycle-lithium-battery-pack-rear-rack-type","status":"publish","type":"product","link":"https:\/\/bybatt.com\/pt\/produto\/electric-bike-tricycle-lithium-battery-pack-rear-rack-type\/","title":{"rendered":"Bateria de l\u00edtio de triciclo de bicicleta el\u00e9trica tipo rack traseiro"},"content":{"rendered":"","protected":false},"excerpt":{"rendered":"<p>montado no rack traseiro de uma bicicleta ou triciclo. A bateria usa novas c\u00e9lulas 100% e tem uma qu\u00edmica de Li(NiCoMn)O2 18650. Ela vem em duas op\u00e7\u00f5es de tens\u00e3o nominal: 36v e 48v, com capacidade nominal de 10-20ah. A caixa externa da bateria \u00e9 feita de alum\u00ednio e suas dimens\u00f5es s\u00e3o 257*150*147 mm.<br \/>\nA bateria pode ser carregada usando uma carga padr\u00e3o de corrente constante 0,2C e tens\u00e3o constante 42V com corte de 100mA ou uma carga r\u00e1pida de corrente constante 0,5CA, tens\u00e3o constante 42V com corte de 100mA. Sua taxa de descarga padr\u00e3o \u00e9 de corrente constante 0,2C, com uma tens\u00e3o final de 36,4V. A bateria pesa aproximadamente 3,5KG\/4,5Kg e tem uma corrente de descarga cont\u00ednua de 20A e uma corrente de pico de descarga de 60A.<br \/>\nA bateria tem um ciclo de vida de 500 vezes com DOD80% e inclui a funcionalidade BMS (sistema de gerenciamento de bateria) para fornecer prote\u00e7\u00e3o contra sobrecorrente, prote\u00e7\u00e3o contra descarga excessiva, prote\u00e7\u00e3o contra sobrecarga, prote\u00e7\u00e3o contra curto-circuito e equil\u00edbrio. A bateria pode ser armazenada em uma faixa de temperatura de -10-40 \u2103, com umidade relativa de 45-75% e press\u00e3o de 86-106KPa.<br \/>\nNo geral, esta bateria foi projetada para ciclistas el\u00e9tricos ou triciclos que precisam de uma fonte de energia confi\u00e1vel que seja f\u00e1cil de montar e usar. Ele oferece um alto n\u00edvel de desempenho e seguran\u00e7a, tornando-o uma excelente escolha para entusiastas de bicicletas el\u00e9tricas ou triciclos.<\/p>","protected":false},"featured_media":424,"template":"","meta":{"_kad_post_transparent":"default","_kad_post_title":"","_kad_post_layout":"default","_kad_post_sidebar_id":"","_kad_post_content_style":"default","_kad_post_vertical_padding":"default","_kad_post_feature":"","_kad_post_feature_position":"","_kad_post_header":false,"_kad_post_footer":false},"product_cat":[19,22],"product_tag":[258,248,247,256,249,236,257,255],"class_list":["post-422","product","type-product","status-publish","has-post-thumbnail","hentry","product_cat-custom-ebike-battery","product_cat-rear-ebike-battery","product_tag-18650-lithium-ion-battery-pack","product_tag-24v-rear-rack-battery","product_tag-36v-rear-rack-battery","product_tag-48v-32ah-lithium-battery","product_tag-48v-rear-rack-battery","product_tag-rear-rack-ebike-battery","product_tag-recharge-storage-battery","product_tag-tricycle-lithium-battery-pack","entry","content-bg","loop-entry"],"_links":{"self":[{"href":"https:\/\/bybatt.com\/pt\/wp-json\/wp\/v2\/product\/422","targetHints":{"allow":["GET"]}}],"collection":[{"href":"https:\/\/bybatt.com\/pt\/wp-json\/wp\/v2\/product"}],"about":[{"href":"https:\/\/bybatt.com\/pt\/wp-json\/wp\/v2\/types\/product"}],"wp:featuredmedia":[{"embeddable":true,"href":"https:\/\/bybatt.com\/pt\/wp-json\/wp\/v2\/media\/424"}],"wp:attachment":[{"href":"https:\/\/bybatt.com\/pt\/wp-json\/wp\/v2\/media?parent=422"}],"wp:term":[{"taxonomy":"product_cat","embeddable":true,"href":"https:\/\/bybatt.com\/pt\/wp-json\/wp\/v2\/product_cat?post=422"},{"taxonomy":"product_tag","embeddable":true,"href":"https:\/\/bybatt.com\/pt\/wp-json\/wp\/v2\/product_tag?post=422"}],"curies":[{"name":"wp","href":"https:\/\/api.w.org\/{rel}","templated":true}]}}