{"id":430,"date":"2023-02-19T08:26:22","date_gmt":"2023-02-19T08:26:22","guid":{"rendered":"https:\/\/bybatt.com\/?post_type=product&#038;p=430"},"modified":"2023-02-19T09:32:04","modified_gmt":"2023-02-19T09:32:04","slug":"customized-high-capacity-brand-new-e-bike-rack-battery","status":"publish","type":"product","link":"https:\/\/bybatt.com\/pt\/produto\/customized-high-capacity-brand-new-e-bike-rack-battery\/","title":{"rendered":"Bateria personalizada de alta capacidade para suporte de bicicleta E novinha em folha"},"content":{"rendered":"","protected":false},"excerpt":{"rendered":"<p>Este produto \u00e9 uma nova bateria de rack de bicicleta de alta capacidade que pode ser personalizada para atender \u00e0s necessidades espec\u00edficas. A bateria usa novas c\u00e9lulas 100% e tem uma qu\u00edmica de Li(NiCoMn)O2 18650. Tem uma voltagem nominal de 36v ou 48v e uma capacidade nominal de 10-20ah. A caixa externa \u00e9 feita de alum\u00ednio e tem dimens\u00f5es de 257*150*147mm.<br \/>\nA bateria pode ser carregada de duas maneiras: carga padr\u00e3o e carga r\u00e1pida. A carga padr\u00e3o usa uma corrente constante de 0,2C, tens\u00e3o constante de 42V e corte de 100mA. A carga r\u00e1pida usa uma corrente constante de 0,5 CA, tens\u00e3o constante de 42 V e corte de 100 mA.<br \/>\nQuando em uso, a bateria tem uma corrente de descarga cont\u00ednua de 20A e uma corrente de pico de descarga de 60A. O ciclo de vida \u00e9 de cerca de 500 vezes com uma classifica\u00e7\u00e3o DOD80%.<br \/>\nA bateria possui um BMS (sistema de gerenciamento de bateria) integrado que fornece prote\u00e7\u00e3o contra sobrecorrente, descarga excessiva, sobrecarga e curto-circuito. O BMS tamb\u00e9m garante o equil\u00edbrio entre as c\u00e9lulas da bateria.<br \/>\nA faixa de temperatura de armazenamento para a bateria \u00e9 de -10-40 \u2103, com uma faixa de umidade relativa de 45-75% e uma faixa de press\u00e3o de 86-106KPa. O peso da bateria \u00e9 de aproximadamente 3,5 KG ou 4,5 KG, dependendo da capacidade.<\/p>","protected":false},"featured_media":431,"template":"","meta":{"_kad_post_transparent":"default","_kad_post_title":"","_kad_post_layout":"default","_kad_post_sidebar_id":"","_kad_post_content_style":"default","_kad_post_vertical_padding":"default","_kad_post_feature":"","_kad_post_feature_position":"","_kad_post_header":false,"_kad_post_footer":false},"product_cat":[19,22],"product_tag":[248,247,249,259,236],"class_list":["post-430","product","type-product","status-publish","has-post-thumbnail","hentry","product_cat-custom-ebike-battery","product_cat-rear-ebike-battery","product_tag-24v-rear-rack-battery","product_tag-36v-rear-rack-battery","product_tag-48v-rear-rack-battery","product_tag-e-bike-rack-battery","product_tag-rear-rack-ebike-battery","entry","content-bg","loop-entry"],"_links":{"self":[{"href":"https:\/\/bybatt.com\/pt\/wp-json\/wp\/v2\/product\/430","targetHints":{"allow":["GET"]}}],"collection":[{"href":"https:\/\/bybatt.com\/pt\/wp-json\/wp\/v2\/product"}],"about":[{"href":"https:\/\/bybatt.com\/pt\/wp-json\/wp\/v2\/types\/product"}],"wp:featuredmedia":[{"embeddable":true,"href":"https:\/\/bybatt.com\/pt\/wp-json\/wp\/v2\/media\/431"}],"wp:attachment":[{"href":"https:\/\/bybatt.com\/pt\/wp-json\/wp\/v2\/media?parent=430"}],"wp:term":[{"taxonomy":"product_cat","embeddable":true,"href":"https:\/\/bybatt.com\/pt\/wp-json\/wp\/v2\/product_cat?post=430"},{"taxonomy":"product_tag","embeddable":true,"href":"https:\/\/bybatt.com\/pt\/wp-json\/wp\/v2\/product_tag?post=430"}],"curies":[{"name":"wp","href":"https:\/\/api.w.org\/{rel}","templated":true}]}}