{"id":437,"date":"2023-02-19T09:32:20","date_gmt":"2023-02-19T09:32:20","guid":{"rendered":"https:\/\/bybatt.com\/?post_type=product&#038;p=437"},"modified":"2023-02-19T09:49:51","modified_gmt":"2023-02-19T09:49:51","slug":"rechargeable-lithium-electric-bike-seat-post-battery-pack","status":"publish","type":"product","link":"https:\/\/bybatt.com\/pt\/produto\/rechargeable-lithium-electric-bike-seat-post-battery-pack\/","title":{"rendered":"Conjunto de bateria recarreg\u00e1vel de l\u00edtio para espig\u00e3o de bicicleta el\u00e9trica"},"content":{"rendered":"","protected":false},"excerpt":{"rendered":"<p>Este produto \u00e9 uma bateria recarreg\u00e1vel de l\u00edtio para espig\u00e3o de bicicleta el\u00e9trica projetada para fornecer energia a bicicletas el\u00e9tricas. A bateria usa 100% novas c\u00e9lulas Li(NiCoMn)O2 18650, que t\u00eam uma tens\u00e3o nominal de 36v ou 48v e uma capacidade nominal de 10-20ah. A caixa externa da bateria \u00e9 feita de alum\u00ednio e suas dimens\u00f5es s\u00e3o 257*1501*47mm.<br \/>\nA bateria pode ser carregada usando um m\u00e9todo de carga padr\u00e3o, que envolve uma corrente constante de 0,2 C e uma tens\u00e3o constante de 42 V com um corte de 100 mA. Alternativamente, pode ser carregado usando um m\u00e9todo de carga r\u00e1pida, que envolve uma corrente constante de 0,5 CA e uma tens\u00e3o constante de 42 V com um corte de 100 mA. A bateria pode ser descarregada usando uma corrente constante de 0,2C com uma tens\u00e3o final de 36,4V.<br \/>\nA bateria pesa aproximadamente 3,5 KG\/4,5 Kg, tem uma corrente de descarga cont\u00ednua de 20 A e uma corrente de descarga de pico de 60 A. Tem um ciclo de vida de 500 vezes com DOD80% e vem com uma fun\u00e7\u00e3o BMS que fornece prote\u00e7\u00e3o contra sobrecorrente, prote\u00e7\u00e3o contra descarga excessiva, prote\u00e7\u00e3o contra sobrecarga, prote\u00e7\u00e3o contra curto-circuito e equil\u00edbrio.<br \/>\nA faixa de temperatura de armazenamento da bateria est\u00e1 entre -10-40 \u2103 com umidade relativa de 45-75% e press\u00e3o de 86-106KPa. Esta bateria recarreg\u00e1vel de l\u00edtio para espig\u00e3o de bicicleta el\u00e9trica \u00e9 uma solu\u00e7\u00e3o ideal para quem deseja uma fonte de energia confi\u00e1vel e duradoura para suas bicicletas el\u00e9tricas.<\/p>","protected":false},"featured_media":438,"template":"","meta":{"_kad_post_transparent":"default","_kad_post_title":"","_kad_post_layout":"default","_kad_post_sidebar_id":"","_kad_post_content_style":"default","_kad_post_vertical_padding":"default","_kad_post_feature":"","_kad_post_feature_position":"","_kad_post_header":false,"_kad_post_footer":false},"product_cat":[19,21],"product_tag":[264,248,266,247,249,262,260,263,261,265],"class_list":["post-437","product","type-product","status-publish","has-post-thumbnail","hentry","product_cat-custom-ebike-battery","product_cat-down-tube-ebike-battery","product_tag-11ah-lithium-battery-for-a2b-kuo","product_tag-24v-rear-rack-battery","product_tag-36v-14ah-li-ion-e-bike-battery","product_tag-36v-rear-rack-battery","product_tag-48v-rear-rack-battery","product_tag-e-bike-seat-post-battery","product_tag-electric-bike-seat-post-battery","product_tag-magnum-36v-seat-post-mounting-frog-batt","product_tag-post-seat-battery","product_tag-taga-2-0-famous-cell","entry","content-bg","loop-entry"],"_links":{"self":[{"href":"https:\/\/bybatt.com\/pt\/wp-json\/wp\/v2\/product\/437","targetHints":{"allow":["GET"]}}],"collection":[{"href":"https:\/\/bybatt.com\/pt\/wp-json\/wp\/v2\/product"}],"about":[{"href":"https:\/\/bybatt.com\/pt\/wp-json\/wp\/v2\/types\/product"}],"wp:featuredmedia":[{"embeddable":true,"href":"https:\/\/bybatt.com\/pt\/wp-json\/wp\/v2\/media\/438"}],"wp:attachment":[{"href":"https:\/\/bybatt.com\/pt\/wp-json\/wp\/v2\/media?parent=437"}],"wp:term":[{"taxonomy":"product_cat","embeddable":true,"href":"https:\/\/bybatt.com\/pt\/wp-json\/wp\/v2\/product_cat?post=437"},{"taxonomy":"product_tag","embeddable":true,"href":"https:\/\/bybatt.com\/pt\/wp-json\/wp\/v2\/product_tag?post=437"}],"curies":[{"name":"wp","href":"https:\/\/api.w.org\/{rel}","templated":true}]}}