{"id":444,"date":"2023-02-19T09:54:39","date_gmt":"2023-02-19T09:54:39","guid":{"rendered":"https:\/\/bybatt.com\/?post_type=product&#038;p=444"},"modified":"2023-02-19T10:24:36","modified_gmt":"2023-02-19T10:24:36","slug":"36v-12ah-lithium-battery-seatpost-frog-ebike-battery-pack","status":"publish","type":"product","link":"https:\/\/bybatt.com\/pt\/produto\/36v-12ah-lithium-battery-seatpost-frog-ebike-battery-pack\/","title":{"rendered":"Bateria de l\u00edtio 36V 12Ah Espig\u00e3o de selim Frog Ebike bateria"},"content":{"rendered":"","protected":false},"excerpt":{"rendered":"<p>O 36V 12Ah Lithium Seatpost Frog Ebike Battery Pack \u00e9 um pacote de bateria de alta qualidade e dur\u00e1vel projetado para uso em bicicletas el\u00e9tricas. A bateria usa novas c\u00e9lulas 100% e tem uma qu\u00edmica de Li(NiCoMn)O2 18650. Est\u00e1 dispon\u00edvel nas vers\u00f5es 36v e 48v, com capacidade nominal de 10-20ah.<br \/>\nA bateria est\u00e1 alojada em uma caixa de alum\u00ednio resistente e tem dimens\u00f5es de 257*150*147mm. A carga padr\u00e3o para a bateria \u00e9 uma corrente constante de 0,2 C, tens\u00e3o constante de 42 V e um corte de 100 mA. Para carregamento r\u00e1pido, a bateria suporta uma corrente constante de 0,5 CA, tens\u00e3o constante de 42 V e um corte de 100 mA.<br \/>\nA corrente de descarga padr\u00e3o para a bateria \u00e9 uma corrente constante de 0,2 C, com uma tens\u00e3o final de 36,4 V. A bateria pesa aproximadamente 3,5 KG\/4,5 Kg e pode lidar com uma corrente de descarga cont\u00ednua de 20 A, com uma corrente de descarga de pico de 60 A.<br \/>\nA bateria tem um ciclo de vida de 500 vezes com DOD80% e vem equipada com uma fun\u00e7\u00e3o BMS que inclui prote\u00e7\u00e3o contra sobrecorrente, prote\u00e7\u00e3o contra descarga excessiva, prote\u00e7\u00e3o contra sobrecarga, prote\u00e7\u00e3o contra curto-circuito e equil\u00edbrio. A faixa de temperatura de armazenamento para a bateria \u00e9 de -10-40 \u2103, com uma faixa de umidade relativa de 45-75% e uma faixa de press\u00e3o de 86-106KPa.<\/p>","protected":false},"featured_media":459,"template":"","meta":{"_kad_post_transparent":"default","_kad_post_title":"","_kad_post_layout":"default","_kad_post_sidebar_id":"","_kad_post_content_style":"default","_kad_post_vertical_padding":"default","_kad_post_feature":"","_kad_post_feature_position":"","_kad_post_header":false,"_kad_post_footer":false},"product_cat":[19,21],"product_tag":[248,247,249,262,267],"class_list":["post-444","product","type-product","status-publish","has-post-thumbnail","hentry","product_cat-custom-ebike-battery","product_cat-down-tube-ebike-battery","product_tag-24v-rear-rack-battery","product_tag-36v-rear-rack-battery","product_tag-48v-rear-rack-battery","product_tag-e-bike-seat-post-battery","product_tag-frog-ebike-battery","entry","content-bg","loop-entry"],"_links":{"self":[{"href":"https:\/\/bybatt.com\/pt\/wp-json\/wp\/v2\/product\/444","targetHints":{"allow":["GET"]}}],"collection":[{"href":"https:\/\/bybatt.com\/pt\/wp-json\/wp\/v2\/product"}],"about":[{"href":"https:\/\/bybatt.com\/pt\/wp-json\/wp\/v2\/types\/product"}],"wp:featuredmedia":[{"embeddable":true,"href":"https:\/\/bybatt.com\/pt\/wp-json\/wp\/v2\/media\/459"}],"wp:attachment":[{"href":"https:\/\/bybatt.com\/pt\/wp-json\/wp\/v2\/media?parent=444"}],"wp:term":[{"taxonomy":"product_cat","embeddable":true,"href":"https:\/\/bybatt.com\/pt\/wp-json\/wp\/v2\/product_cat?post=444"},{"taxonomy":"product_tag","embeddable":true,"href":"https:\/\/bybatt.com\/pt\/wp-json\/wp\/v2\/product_tag?post=444"}],"curies":[{"name":"wp","href":"https:\/\/api.w.org\/{rel}","templated":true}]}}