{"id":445,"date":"2023-02-19T10:00:08","date_gmt":"2023-02-19T10:00:08","guid":{"rendered":"https:\/\/bybatt.com\/?post_type=product&#038;p=445"},"modified":"2023-02-19T10:14:35","modified_gmt":"2023-02-19T10:14:35","slug":"e-bike-20amp-reention-battery-rhino-48v-13ah-lithium-battery","status":"publish","type":"product","link":"https:\/\/bybatt.com\/pt\/produto\/e-bike-20amp-reention-battery-rhino-48v-13ah-lithium-battery\/","title":{"rendered":"Bateria de reten\u00e7\u00e3o para bicicleta el\u00e9trica 20Amp Rhino 48V 13Ah bateria de l\u00edtio"},"content":{"rendered":"","protected":false},"excerpt":{"rendered":"<p>A bateria de l\u00edtio E-Bike 20Amp Reention Rhino 48V 13Ah \u00e9 uma bateria recarreg\u00e1vel de alta qualidade projetada para uso com bicicletas el\u00e9tricas. \u00c9 feito pela marca original Reention e Rhino e usa novas c\u00e9lulas 100%, garantindo sua confiabilidade e longevidade.<br \/>\nA bateria usa qu\u00edmica LiNiCoMno2 e est\u00e1 dispon\u00edvel em v\u00e1rias op\u00e7\u00f5es de voltagem e capacidade, incluindo 36V e 48V e 10,4ah, 11,6ah, 13ah, 13,6ah e 14ah. A caixa externa \u00e9 feita de material EEL, tornando-a dur\u00e1vel e resistente a impactos.<br \/>\nA bateria pode ser carregada usando um m\u00e9todo de carga padr\u00e3o, com uma corrente constante de 0,2C e uma tens\u00e3o constante de 54,6V, com corte de 100mA. Tamb\u00e9m pode ser carregado rapidamente usando uma corrente constante de 0,5 CA e uma tens\u00e3o constante de 54,6 V, com corte de 100 mA.<br \/>\nA corrente de descarga padr\u00e3o da bateria \u00e9 de 0,2C, com uma tens\u00e3o final de 30V. Tem um ciclo de vida de 500 vezes com DOD80% e pode fornecer uma corrente de descarga cont\u00ednua de 10A ou uma corrente de descarga de pico de 30A, que pode ser personalizada com base nas necessidades individuais.<br \/>\nA bateria vem com um BMS (Sistema de gerenciamento de bateria) integrado que fornece prote\u00e7\u00e3o contra problemas de sobrecorrente, descarga excessiva, sobrecarga e curto-circuito. Ele tamb\u00e9m oferece fun\u00e7\u00f5es de balanceamento, garantindo que as c\u00e9lulas da bateria sejam carregadas e descarregadas uniformemente.<br \/>\nA faixa de temperatura de armazenamento da bateria \u00e9 de -10-40 \u2103, com umidade relativa de 45-75% e faixa de press\u00e3o de 86-106KPa. Com sua constru\u00e7\u00e3o e confiabilidade de alta qualidade, a bateria de l\u00edtio E-Bike 20Amp Reention Rhino 48V 13Ah \u00e9 uma excelente escolha para quem procura uma bateria de bicicleta el\u00e9trica de alto desempenho e longa dura\u00e7\u00e3o.<\/p>","protected":false},"featured_media":446,"template":"","meta":{"_kad_post_transparent":"default","_kad_post_title":"","_kad_post_layout":"default","_kad_post_sidebar_id":"","_kad_post_content_style":"default","_kad_post_vertical_padding":"default","_kad_post_feature":"","_kad_post_feature_position":"","_kad_post_header":false,"_kad_post_footer":false},"product_cat":[19,23],"product_tag":[269,270,229,268,271],"class_list":["post-445","product","type-product","status-publish","has-post-thumbnail","hentry","product_cat-custom-ebike-battery","product_cat-inner-ebike-battery","product_tag-20amp-reention-battery","product_tag-48v-13ah-lithium-battery","product_tag-electric-bicycle-batteries","product_tag-reention-battery","product_tag-rhino-battery","entry","content-bg","loop-entry"],"_links":{"self":[{"href":"https:\/\/bybatt.com\/pt\/wp-json\/wp\/v2\/product\/445","targetHints":{"allow":["GET"]}}],"collection":[{"href":"https:\/\/bybatt.com\/pt\/wp-json\/wp\/v2\/product"}],"about":[{"href":"https:\/\/bybatt.com\/pt\/wp-json\/wp\/v2\/types\/product"}],"wp:featuredmedia":[{"embeddable":true,"href":"https:\/\/bybatt.com\/pt\/wp-json\/wp\/v2\/media\/446"}],"wp:attachment":[{"href":"https:\/\/bybatt.com\/pt\/wp-json\/wp\/v2\/media?parent=445"}],"wp:term":[{"taxonomy":"product_cat","embeddable":true,"href":"https:\/\/bybatt.com\/pt\/wp-json\/wp\/v2\/product_cat?post=445"},{"taxonomy":"product_tag","embeddable":true,"href":"https:\/\/bybatt.com\/pt\/wp-json\/wp\/v2\/product_tag?post=445"}],"curies":[{"name":"wp","href":"https:\/\/api.w.org\/{rel}","templated":true}]}}