{"id":452,"date":"2023-02-19T10:15:33","date_gmt":"2023-02-19T10:15:33","guid":{"rendered":"https:\/\/bybatt.com\/?post_type=product&#038;p=452"},"modified":"2023-02-19T10:26:45","modified_gmt":"2023-02-19T10:26:45","slug":"cheap-authorized-reention-dorado-mini-batteries-for-e-bike","status":"publish","type":"product","link":"https:\/\/bybatt.com\/pt\/produto\/cheap-authorized-reention-dorado-mini-batteries-for-e-bike\/","title":{"rendered":"Minibaterias Reention Dorado Autorizadas Baratas para E-bike"},"content":{"rendered":"","protected":false},"excerpt":{"rendered":"<p>Este produto \u00e9 uma bateria recarreg\u00e1vel para uma e-bike, especificamente a Reention Dorado Mini. As c\u00e9lulas usadas na bateria s\u00e3o todas novas e a qu\u00edmica \u00e9 LiNiCoMno2. A bateria vem em diferentes tens\u00f5es nominais (36V ou 48V) e capacidades (variando de 10,4ah a 14ah). A caixa externa da bateria \u00e9 feita de material EEL.<br \/>\nA bateria pode ser carregada usando uma corrente constante de 0,2C e uma tens\u00e3o constante de 54,6V, com corte de 100mA. Ele tamb\u00e9m pode ser carregado rapidamente usando uma corrente constante de 0,5 CA e a mesma tens\u00e3o e corte constantes. A corrente de descarga padr\u00e3o \u00e9 de 0,2C, com uma tens\u00e3o final de 30V.<br \/>\nA bateria tem um ciclo de vida de 500 vezes com um DOD80% e um peso de aproximadamente 3,5 kg ou 4,5 kg. Ele pode fornecer uma corrente de descarga cont\u00ednua de 10A, com uma corrente de pico de descarga de 30A. A fun\u00e7\u00e3o BMS da bateria inclui prote\u00e7\u00e3o contra sobrecorrente, descarga excessiva, sobrecarga e curto-circuito, bem como balanceamento.<br \/>\nA bateria pode ser armazenada em uma faixa de temperatura de -10-40 \u2103, com umidade relativa de 45-75% e press\u00e3o de 86-106KPa. Este produto oferece uma op\u00e7\u00e3o acess\u00edvel e autorizada para propriet\u00e1rios de bicicletas el\u00e9tricas que precisam de uma substitui\u00e7\u00e3o ou bateria adicional para seu Reention Dorado Mini.<\/p>","protected":false},"featured_media":453,"template":"","meta":{"_kad_post_transparent":"default","_kad_post_title":"","_kad_post_layout":"default","_kad_post_sidebar_id":"","_kad_post_content_style":"default","_kad_post_vertical_padding":"default","_kad_post_feature":"","_kad_post_feature_position":"","_kad_post_header":false,"_kad_post_footer":false},"product_cat":[19,23],"product_tag":[275,274,41,268,273,272],"class_list":["post-452","product","type-product","status-publish","has-post-thumbnail","hentry","product_cat-custom-ebike-battery","product_cat-inner-ebike-battery","product_tag-36v-cheapest-ebike-battery","product_tag-dorado-mini-batteries","product_tag-electric-bicycle-battery","product_tag-reention-battery","product_tag-reention-dorado-battery","product_tag-reention-dorado-mini-batteries","entry","content-bg","loop-entry"],"_links":{"self":[{"href":"https:\/\/bybatt.com\/pt\/wp-json\/wp\/v2\/product\/452","targetHints":{"allow":["GET"]}}],"collection":[{"href":"https:\/\/bybatt.com\/pt\/wp-json\/wp\/v2\/product"}],"about":[{"href":"https:\/\/bybatt.com\/pt\/wp-json\/wp\/v2\/types\/product"}],"wp:featuredmedia":[{"embeddable":true,"href":"https:\/\/bybatt.com\/pt\/wp-json\/wp\/v2\/media\/453"}],"wp:attachment":[{"href":"https:\/\/bybatt.com\/pt\/wp-json\/wp\/v2\/media?parent=452"}],"wp:term":[{"taxonomy":"product_cat","embeddable":true,"href":"https:\/\/bybatt.com\/pt\/wp-json\/wp\/v2\/product_cat?post=452"},{"taxonomy":"product_tag","embeddable":true,"href":"https:\/\/bybatt.com\/pt\/wp-json\/wp\/v2\/product_tag?post=452"}],"curies":[{"name":"wp","href":"https:\/\/api.w.org\/{rel}","templated":true}]}}