{"id":466,"date":"2023-02-19T13:40:46","date_gmt":"2023-02-19T13:40:46","guid":{"rendered":"https:\/\/bybatt.com\/?post_type=product&#038;p=466"},"modified":"2023-02-19T13:48:58","modified_gmt":"2023-02-19T13:48:58","slug":"36v-48v-reention-eel-inner-frame-battery-pack-for-e-bike","status":"publish","type":"product","link":"https:\/\/bybatt.com\/pt\/produto\/36v-48v-reention-eel-inner-frame-battery-pack-for-e-bike\/","title":{"rendered":"Pacote de bateria de estrutura interna EEL de 36 V 48 V para bicicleta el\u00e9trica"},"content":{"rendered":"","protected":false},"excerpt":{"rendered":"<p>O 36V 48V Reention EEL Inner Frame Battery Pack \u00e9 uma bateria recarreg\u00e1vel de alta qualidade projetada para uso em e-bikes. Ele \u00e9 constru\u00eddo usando novas c\u00e9lulas 100% com uma qu\u00edmica de LiNiCoMno2, que fornece desempenho e durabilidade confi\u00e1veis.<br \/>\nA bateria est\u00e1 dispon\u00edvel em v\u00e1rias capacidades, incluindo 10,4ah, 11,6ah, 13ah, 13,6ah e 14ah, e tem uma tens\u00e3o nominal de 36V ou 48V. Ele est\u00e1 alojado em uma robusta caixa EEL e pesa aproximadamente 3,5 kg ou 4,5 kg, dependendo da capacidade.<br \/>\nA bateria pode ser carregada usando uma carga padr\u00e3o ou carga r\u00e1pida, com uma corrente constante de 0,2C ou 0,5CA, respectivamente. A corrente de descarga padr\u00e3o \u00e9 de 0,2C e a tens\u00e3o final \u00e9 de 30V. A bateria tem um ciclo de vida de 500 vezes com DOD80% e pode fornecer uma corrente de descarga cont\u00ednua de 10A ou uma corrente de descarga de pico de 30A, dependendo da personaliza\u00e7\u00e3o.<br \/>\nA bateria possui um BMS (Sistema de gerenciamento de bateria) integrado, que fornece prote\u00e7\u00e3o contra sobrecorrente, descarga excessiva, sobrecarga e curto-circuito. Ele tamb\u00e9m tem uma fun\u00e7\u00e3o de equil\u00edbrio para garantir que todas as c\u00e9lulas sejam carregadas e descarregadas igualmente.<br \/>\nA bateria pode ser armazenada em uma faixa de temperatura de -10-40 \u2103 com umidade relativa de 45-75% e press\u00e3o de 86-106KPa. No geral, o 36V 48V Reention EEL Inner Frame Battery Pack \u00e9 uma bateria confi\u00e1vel e de alto desempenho, ideal para entusiastas de e-bike que desejam uma fonte de energia dur\u00e1vel e duradoura para seus passeios.<\/p>","protected":false},"featured_media":467,"template":"","meta":{"_kad_post_transparent":"default","_kad_post_title":"","_kad_post_layout":"default","_kad_post_sidebar_id":"","_kad_post_content_style":"default","_kad_post_vertical_padding":"default","_kad_post_feature":"","_kad_post_feature_position":"","_kad_post_header":false,"_kad_post_footer":false},"product_cat":[19,23],"product_tag":[275,52,274,278,41,268,273,272,277,276],"class_list":["post-466","product","type-product","status-publish","has-post-thumbnail","hentry","product_cat-custom-ebike-battery","product_cat-inner-ebike-battery","product_tag-36v-cheapest-ebike-battery","product_tag-battery","product_tag-dorado-mini-batteries","product_tag-electric-bicycle-36volt","product_tag-electric-bicycle-battery","product_tag-reention-battery","product_tag-reention-dorado-battery","product_tag-reention-dorado-mini-batteries","product_tag-reention-eel-inner-battery-pack","product_tag-reention-eel-inner-frame-battery","entry","content-bg","loop-entry"],"_links":{"self":[{"href":"https:\/\/bybatt.com\/pt\/wp-json\/wp\/v2\/product\/466","targetHints":{"allow":["GET"]}}],"collection":[{"href":"https:\/\/bybatt.com\/pt\/wp-json\/wp\/v2\/product"}],"about":[{"href":"https:\/\/bybatt.com\/pt\/wp-json\/wp\/v2\/types\/product"}],"wp:featuredmedia":[{"embeddable":true,"href":"https:\/\/bybatt.com\/pt\/wp-json\/wp\/v2\/media\/467"}],"wp:attachment":[{"href":"https:\/\/bybatt.com\/pt\/wp-json\/wp\/v2\/media?parent=466"}],"wp:term":[{"taxonomy":"product_cat","embeddable":true,"href":"https:\/\/bybatt.com\/pt\/wp-json\/wp\/v2\/product_cat?post=466"},{"taxonomy":"product_tag","embeddable":true,"href":"https:\/\/bybatt.com\/pt\/wp-json\/wp\/v2\/product_tag?post=466"}],"curies":[{"name":"wp","href":"https:\/\/api.w.org\/{rel}","templated":true}]}}