{"id":473,"date":"2023-02-19T13:50:46","date_gmt":"2023-02-19T13:50:46","guid":{"rendered":"https:\/\/bybatt.com\/?post_type=product&#038;p=473"},"modified":"2023-02-19T13:55:44","modified_gmt":"2023-02-19T13:55:44","slug":"li-ion-36v-14ah-reention-thunder-downtube-battery-for-e-bike","status":"publish","type":"product","link":"https:\/\/bybatt.com\/pt\/produto\/li-ion-36v-14ah-reention-thunder-downtube-battery-for-e-bike\/","title":{"rendered":"Bateria de \u00edon de l\u00edtio 36V 14Ah Reention Thunder Downtube para bicicleta el\u00e9trica"},"content":{"rendered":"","protected":false},"excerpt":{"rendered":"<p>A bateria Li-ion 36V 14Ah Reention Thunder Downtube \u00e9 uma bateria de alta qualidade projetada para e-bikes. A bateria \u00e9 composta por c\u00e9lulas novas 100% e possui tens\u00e3o nominal de 36V, 48V, 52V ou 72V, com capacidade nominal de 20Ah. As op\u00e7\u00f5es de c\u00e9lula de bateria incluem 2500mAh, 3000mAh, 3200mAh ou 3500mAh, com uma configura\u00e7\u00e3o de 8P14S.<br \/>\nO sistema de gerenciamento de bateria (BMS) tem uma classifica\u00e7\u00e3o de 30A e pode ser personalizado de acordo com os requisitos do usu\u00e1rio. A corrente de carga padr\u00e3o \u00e9 de 3A, com uma corrente de carga m\u00e1xima de 5A, sendo que ambas podem ser personalizadas. A tens\u00e3o de corte de descarga da bateria \u00e9 de 39V e a tens\u00e3o de carregamento \u00e9 de 58,8V.<br \/>\nA bateria tem um ciclo de vida de energia 80% ap\u00f3s 600-1000 ciclos. Isso significa que a bateria \u00e9 capaz de fornecer 80% de sua capacidade original ap\u00f3s ser totalmente carregada e descarregada por 600 a 1.000 ciclos. No geral, a bateria Li-ion 36V 14Ah Reention Thunder Downtube \u00e9 uma bateria confi\u00e1vel e de alto desempenho adequada para uso em e-bikes.<\/p>","protected":false},"featured_media":474,"template":"","meta":{"_kad_post_transparent":"default","_kad_post_title":"","_kad_post_layout":"default","_kad_post_sidebar_id":"","_kad_post_content_style":"default","_kad_post_vertical_padding":"default","_kad_post_feature":"","_kad_post_feature_position":"","_kad_post_header":false,"_kad_post_footer":false},"product_cat":[19,23],"product_tag":[41,268,273,272,277,276,279],"class_list":["post-473","product","type-product","status-publish","has-post-thumbnail","hentry","product_cat-custom-ebike-battery","product_cat-inner-ebike-battery","product_tag-electric-bicycle-battery","product_tag-reention-battery","product_tag-reention-dorado-battery","product_tag-reention-dorado-mini-batteries","product_tag-reention-eel-inner-battery-pack","product_tag-reention-eel-inner-frame-battery","product_tag-reention-thunder-downtube-battery","entry","content-bg","loop-entry"],"_links":{"self":[{"href":"https:\/\/bybatt.com\/pt\/wp-json\/wp\/v2\/product\/473","targetHints":{"allow":["GET"]}}],"collection":[{"href":"https:\/\/bybatt.com\/pt\/wp-json\/wp\/v2\/product"}],"about":[{"href":"https:\/\/bybatt.com\/pt\/wp-json\/wp\/v2\/types\/product"}],"wp:featuredmedia":[{"embeddable":true,"href":"https:\/\/bybatt.com\/pt\/wp-json\/wp\/v2\/media\/474"}],"wp:attachment":[{"href":"https:\/\/bybatt.com\/pt\/wp-json\/wp\/v2\/media?parent=473"}],"wp:term":[{"taxonomy":"product_cat","embeddable":true,"href":"https:\/\/bybatt.com\/pt\/wp-json\/wp\/v2\/product_cat?post=473"},{"taxonomy":"product_tag","embeddable":true,"href":"https:\/\/bybatt.com\/pt\/wp-json\/wp\/v2\/product_tag?post=473"}],"curies":[{"name":"wp","href":"https:\/\/api.w.org\/{rel}","templated":true}]}}