{"id":480,"date":"2023-02-19T13:56:47","date_gmt":"2023-02-19T13:56:47","guid":{"rendered":"https:\/\/bybatt.com\/?post_type=product&#038;p=480"},"modified":"2023-02-19T14:05:06","modified_gmt":"2023-02-19T14:05:06","slug":"48v-52v-rechargeable-lithium-ion-triangular-e-bike-battery","status":"publish","type":"product","link":"https:\/\/bybatt.com\/pt\/produto\/48v-52v-rechargeable-lithium-ion-triangular-e-bike-battery\/","title":{"rendered":"Bateria triangular recarreg\u00e1vel de \u00edon de l\u00edtio 48V 52V E para bicicleta"},"content":{"rendered":"","protected":false},"excerpt":{"rendered":"<p>A bateria triangular de \u00edon de l\u00edtio recarreg\u00e1vel 48V 52V \u00e9 uma bateria dur\u00e1vel e de alto desempenho projetada para alimentar bicicletas el\u00e9tricas. Esta bateria est\u00e1 dispon\u00edvel em diferentes tens\u00f5es nominais, incluindo 36V, 48V, 52V e 72V, e tem uma capacidade nominal de 20Ah. As c\u00e9lulas de bateria utilizadas s\u00e3o de 2500mAh, 3000mAh, famosas 3200mAh ou 3500mAh, dependendo da configura\u00e7\u00e3o escolhida.<br \/>\nA configura\u00e7\u00e3o da bateria \u00e9 8P14S e o sistema de gerenciamento de bateria (BMS) tem uma classifica\u00e7\u00e3o de 30A ou pode ser personalizado para atender a requisitos espec\u00edficos. A corrente de carga padr\u00e3o \u00e9 3A, mas tamb\u00e9m pode ser personalizada para atender a requisitos de carga espec\u00edficos. A corrente m\u00e1xima de carga \u00e9 de 5A, o que garante um carregamento r\u00e1pido da bateria.<br \/>\nA tens\u00e3o de corte de descarga \u00e9 de 39V e a tens\u00e3o de carregamento \u00e9 de 58,8V. Com uma vida \u00fatil de at\u00e9 600-1000 ciclos, a bateria pode fornecer at\u00e9 80% de sua pot\u00eancia, tornando-a uma fonte confi\u00e1vel e duradoura de energia para bicicletas el\u00e9tricas. Esta bateria recarreg\u00e1vel de \u00edons de l\u00edtio foi projetada para ser segura, confi\u00e1vel e eficiente, fornecendo aos usu\u00e1rios uma fonte de energia de alta qualidade para suas bicicletas el\u00e9tricas.<\/p>","protected":false},"featured_media":481,"template":"","meta":{"_kad_post_transparent":"default","_kad_post_title":"","_kad_post_layout":"default","_kad_post_sidebar_id":"","_kad_post_content_style":"default","_kad_post_vertical_padding":"default","_kad_post_feature":"","_kad_post_feature_position":"","_kad_post_header":false,"_kad_post_footer":false},"product_cat":[19,21],"product_tag":[289,287,293,281,291,288,285,290,292,286,282,283,280,284],"class_list":["post-480","product","type-product","status-publish","has-post-thumbnail","hentry","product_cat-custom-ebike-battery","product_cat-down-tube-ebike-battery","product_tag-52v-30ah-triangle-battery","product_tag-52v-triangle-battery","product_tag-72v-triangle-battery","product_tag-ebike-triangle-battery","product_tag-ebike-triangle-battery-hard-case","product_tag-em3ev-triangle-battery","product_tag-large-triangle-batteries","product_tag-triangle-battery-case","product_tag-triangle-ebike-battery-36v","product_tag-triangle-ebike-battery-48v","product_tag-triangle-electric-bike-battery","product_tag-triangle-lithium-battery","product_tag-triangular-e-bike-battery","product_tag-triangular-ebike-battery","entry","content-bg","loop-entry"],"_links":{"self":[{"href":"https:\/\/bybatt.com\/pt\/wp-json\/wp\/v2\/product\/480","targetHints":{"allow":["GET"]}}],"collection":[{"href":"https:\/\/bybatt.com\/pt\/wp-json\/wp\/v2\/product"}],"about":[{"href":"https:\/\/bybatt.com\/pt\/wp-json\/wp\/v2\/types\/product"}],"wp:featuredmedia":[{"embeddable":true,"href":"https:\/\/bybatt.com\/pt\/wp-json\/wp\/v2\/media\/481"}],"wp:attachment":[{"href":"https:\/\/bybatt.com\/pt\/wp-json\/wp\/v2\/media?parent=480"}],"wp:term":[{"taxonomy":"product_cat","embeddable":true,"href":"https:\/\/bybatt.com\/pt\/wp-json\/wp\/v2\/product_cat?post=480"},{"taxonomy":"product_tag","embeddable":true,"href":"https:\/\/bybatt.com\/pt\/wp-json\/wp\/v2\/product_tag?post=480"}],"curies":[{"name":"wp","href":"https:\/\/api.w.org\/{rel}","templated":true}]}}