{"id":488,"date":"2023-02-19T14:10:59","date_gmt":"2023-02-19T14:10:59","guid":{"rendered":"https:\/\/bybatt.com\/?post_type=product&#038;p=488"},"modified":"2023-02-19T14:20:29","modified_gmt":"2023-02-19T14:20:29","slug":"36v-water-bottle-battery-pack-mini-bottle-ebike-battery","status":"publish","type":"product","link":"https:\/\/bybatt.com\/pt\/produto\/36v-water-bottle-battery-pack-mini-bottle-ebike-battery\/","title":{"rendered":"Bateria para garrafa de \u00e1gua 36V Mini garrafa Ebike bateria"},"content":{"rendered":"","protected":false},"excerpt":{"rendered":"<p>A bateria de garrafa de \u00e1gua 36V Mini Bottle Ebike Battery \u00e9 uma bateria de tamanho pequeno projetada para bicicletas el\u00e9tricas (e-bikes). Tem uma tens\u00e3o nominal de 24V ou 36V e est\u00e1 dispon\u00edvel em quatro capacidades nominais diferentes: 5,2Ah, 5,8Ah, 6,8Ah e 10Ah. A qu\u00edmica da bateria \u00e9 Li(NiCoMn)O2 18650, que fornece um bom equil\u00edbrio entre densidade de energia e seguran\u00e7a.<br \/>\nA bateria est\u00e1 alojada em uma caixa de garrafa choco com dimens\u00f5es de 63*75*325mm (21 c\u00e9lulas 18650) ou 86*86*347mm (20 21700 c\u00e9lulas). Pesa aproximadamente 3,5kg.<br \/>\nA bateria pode ser carregada usando m\u00e9todos de carregamento padr\u00e3o ou r\u00e1pido. O carregamento padr\u00e3o \u00e9 feito a uma corrente constante de 0,2C, tens\u00e3o constante de 54,6V e um corte de 100mA. O carregamento r\u00e1pido \u00e9 feito a uma corrente constante de 0,5 CA, tens\u00e3o constante de 54,6 V e um corte de 100 mA.<br \/>\nA bateria pode ser descarregada em uma corrente cont\u00ednua de 20A ou personalizada para atender a requisitos espec\u00edficos. Possui corrente de pico de descarga de 60A ou customizada. A bateria tem uma vida \u00fatil de 500 ciclos com um DOD80% e est\u00e1 equipada com a fun\u00e7\u00e3o BMS que fornece prote\u00e7\u00e3o contra sobrecorrente, prote\u00e7\u00e3o contra descarga excessiva, prote\u00e7\u00e3o contra sobrecarga, prote\u00e7\u00e3o contra curto-circuito e equil\u00edbrio.<br \/>\nA faixa de temperatura de armazenamento da bateria \u00e9 de -10-40 \u2103, com umidade relativa de 45-75% e press\u00e3o de 86-106KPa.<\/p>","protected":false},"featured_media":489,"template":"","meta":{"_kad_post_transparent":"default","_kad_post_title":"","_kad_post_layout":"default","_kad_post_sidebar_id":"","_kad_post_content_style":"default","_kad_post_vertical_padding":"default","_kad_post_feature":"","_kad_post_feature_position":"","_kad_post_header":false,"_kad_post_footer":false},"product_cat":[19,21],"product_tag":[298,294,296,297,299,295],"class_list":["post-488","product","type-product","status-publish","has-post-thumbnail","hentry","product_cat-custom-ebike-battery","product_cat-down-tube-ebike-battery","product_tag-bottle-battery","product_tag-mini-bottle-ebike-battery","product_tag-mini-bottle-lithium-battery","product_tag-mini-ebike-battery-pack","product_tag-protable-water-bottle-battery","product_tag-water-bottle-battery-pack","entry","content-bg","loop-entry"],"_links":{"self":[{"href":"https:\/\/bybatt.com\/pt\/wp-json\/wp\/v2\/product\/488","targetHints":{"allow":["GET"]}}],"collection":[{"href":"https:\/\/bybatt.com\/pt\/wp-json\/wp\/v2\/product"}],"about":[{"href":"https:\/\/bybatt.com\/pt\/wp-json\/wp\/v2\/types\/product"}],"wp:featuredmedia":[{"embeddable":true,"href":"https:\/\/bybatt.com\/pt\/wp-json\/wp\/v2\/media\/489"}],"wp:attachment":[{"href":"https:\/\/bybatt.com\/pt\/wp-json\/wp\/v2\/media?parent=488"}],"wp:term":[{"taxonomy":"product_cat","embeddable":true,"href":"https:\/\/bybatt.com\/pt\/wp-json\/wp\/v2\/product_cat?post=488"},{"taxonomy":"product_tag","embeddable":true,"href":"https:\/\/bybatt.com\/pt\/wp-json\/wp\/v2\/product_tag?post=488"}],"curies":[{"name":"wp","href":"https:\/\/api.w.org\/{rel}","templated":true}]}}