{"id":493,"date":"2023-02-19T14:23:38","date_gmt":"2023-02-19T14:23:38","guid":{"rendered":"https:\/\/bybatt.com\/?post_type=product&#038;p=493"},"modified":"2023-02-19T14:31:49","modified_gmt":"2023-02-19T14:31:49","slug":"36v-7ah-252wh-downtube-mini-water-bottle-ebike-battery","status":"publish","type":"product","link":"https:\/\/bybatt.com\/pt\/produto\/36v-7ah-252wh-downtube-mini-water-bottle-ebike-battery\/","title":{"rendered":"Mini garrafa d&#039;\u00e1gua 36V 7Ah 252Wh bateria para bicicleta el\u00e9trica"},"content":{"rendered":"","protected":false},"excerpt":{"rendered":"<p>A bateria eBike para garrafa de \u00e1gua 36V 7Ah 252Wh Downtube \u00e9 uma bateria dur\u00e1vel de alta qualidade projetada especificamente para bicicletas el\u00e9tricas. Possui novas c\u00e9lulas 100% Li(NiCoMn)O2 18650, que fornecem excelente desempenho e confiabilidade.<br \/>\nCom uma tens\u00e3o nominal de 24v ou 36v e uma capacidade nominal de 5,2ah, 5,8ah, 6,8ah ou 10ah, esta bateria oferece um bom alcance e sa\u00edda de energia para v\u00e1rios modelos de bicicletas el\u00e9tricas. Ele vem em dois tamanhos com diferentes tipos de c\u00e9lulas: 63*75*325mm com 21 c\u00e9lulas 18650, ou 86*86*347mm com 20 21700 c\u00e9lulas.<br \/>\nA caixa externa \u00e9 feita de caixa de garrafa de choco, que \u00e9 resistente e resistente ao desgaste. A bateria tem uma carga padr\u00e3o de corrente constante de 0,2C, tens\u00e3o constante de 54,6V e corte de 100mA, e pode ser carregada rapidamente com uma corrente constante de 0,5CA, tens\u00e3o constante de 54,6V e corte de 100mA.<br \/>\nA bateria tem uma descarga padr\u00e3o de corrente constante de 0,2C e tens\u00e3o final de 36,4V e pode suportar uma corrente de descarga cont\u00ednua de 20A ou um valor personalizado. A corrente de descarga de pico \u00e9 60A ou um valor personalizado. A vida \u00fatil da bateria \u00e9 de aproximadamente 500 vezes com um DOD80% e possui fun\u00e7\u00f5es BMS, incluindo prote\u00e7\u00e3o contra sobrecorrente, prote\u00e7\u00e3o contra descarga excessiva, prote\u00e7\u00e3o contra sobrecarga, prote\u00e7\u00e3o contra curto-circuito e equil\u00edbrio.<br \/>\nA bateria pode ser armazenada em uma faixa de temperatura de -10-40 \u2103, umidade relativa de 45-75% e press\u00e3o de 86-106KPa. No geral, a bateria eBike para garrafa de \u00e1gua 36V 7Ah 252Wh Downtube \u00e9 uma op\u00e7\u00e3o confi\u00e1vel e de alto desempenho para entusiastas de e-bike.<\/p>","protected":false},"featured_media":494,"template":"","meta":{"_kad_post_transparent":"default","_kad_post_title":"","_kad_post_layout":"default","_kad_post_sidebar_id":"","_kad_post_content_style":"default","_kad_post_vertical_padding":"default","_kad_post_feature":"","_kad_post_feature_position":"","_kad_post_header":false,"_kad_post_footer":false},"product_cat":[19,21],"product_tag":[302,304,303,294,300,299,301],"class_list":["post-493","product","type-product","status-publish","has-post-thumbnail","hentry","product_cat-custom-ebike-battery","product_cat-down-tube-ebike-battery","product_tag-bottle-battery-ebike","product_tag-downtube-ebike-battery","product_tag-micro-bottle-ebike-battery","product_tag-mini-bottle-ebike-battery","product_tag-mini-water-bottle-ebike-battery","product_tag-protable-water-bottle-battery","product_tag-water-bottle-ebike-battery","entry","content-bg","loop-entry"],"_links":{"self":[{"href":"https:\/\/bybatt.com\/pt\/wp-json\/wp\/v2\/product\/493","targetHints":{"allow":["GET"]}}],"collection":[{"href":"https:\/\/bybatt.com\/pt\/wp-json\/wp\/v2\/product"}],"about":[{"href":"https:\/\/bybatt.com\/pt\/wp-json\/wp\/v2\/types\/product"}],"wp:featuredmedia":[{"embeddable":true,"href":"https:\/\/bybatt.com\/pt\/wp-json\/wp\/v2\/media\/494"}],"wp:attachment":[{"href":"https:\/\/bybatt.com\/pt\/wp-json\/wp\/v2\/media?parent=493"}],"wp:term":[{"taxonomy":"product_cat","embeddable":true,"href":"https:\/\/bybatt.com\/pt\/wp-json\/wp\/v2\/product_cat?post=493"},{"taxonomy":"product_tag","embeddable":true,"href":"https:\/\/bybatt.com\/pt\/wp-json\/wp\/v2\/product_tag?post=493"}],"curies":[{"name":"wp","href":"https:\/\/api.w.org\/{rel}","templated":true}]}}