{"id":500,"date":"2023-02-19T14:42:35","date_gmt":"2023-02-19T14:42:35","guid":{"rendered":"https:\/\/bybatt.com\/?post_type=product&#038;p=500"},"modified":"2023-02-19T15:00:42","modified_gmt":"2023-02-19T15:00:42","slug":"rechargeable-lithium-ion-seatpost-electric-bicycle-battery","status":"publish","type":"product","link":"https:\/\/bybatt.com\/pt\/produto\/rechargeable-lithium-ion-seatpost-electric-bicycle-battery\/","title":{"rendered":"Bateria recarreg\u00e1vel de \u00edon de l\u00edtio para bicicleta el\u00e9trica"},"content":{"rendered":"","protected":false},"excerpt":{"rendered":"<p>A bateria recarreg\u00e1vel de \u00edon de l\u00edtio para bicicleta el\u00e9trica \u00e9 uma fonte de energia de alta qualidade, confi\u00e1vel e duradoura para bicicletas el\u00e9tricas. Possui novas c\u00e9lulas 100% e uma caixa externa de pl\u00e1stico. A bateria est\u00e1 dispon\u00edvel em duas op\u00e7\u00f5es diferentes de tens\u00e3o nominal, 36V ou 48V, com capacidade nominal de 10-21Ah, dependendo da op\u00e7\u00e3o escolhida.<br \/>\nA bateria foi projetada para ser carregada usando um m\u00e9todo de carregamento padr\u00e3o, que envolve uma corrente constante de 0,2 C e uma tens\u00e3o constante de 54,6 V, com corte de 100 mA. Tamb\u00e9m pode ser carregado rapidamente usando um m\u00e9todo de carregamento r\u00e1pido, que envolve uma corrente constante de 0,5 CA e uma tens\u00e3o constante de 54,6 V, com corte de 100 mA.<br \/>\nA bateria tem uma taxa de descarga padr\u00e3o de 0,2C, com uma tens\u00e3o final de 36,4V. Tem um peso aproximado de 3,5KG\/4,5KG, dependendo da capacidade escolhida. A bateria pode fornecer uma corrente de descarga cont\u00ednua de 20A ou pode ser personalizada para atender a necessidades espec\u00edficas. Ele tamb\u00e9m pode fornecer uma corrente de descarga de pico de 60A ou pode ser personalizado para atender a necessidades espec\u00edficas.<br \/>\nA bateria tem um ciclo de vida de 500 vezes com DOD80% e est\u00e1 equipada com uma fun\u00e7\u00e3o BMS que fornece prote\u00e7\u00e3o contra sobrecorrente, prote\u00e7\u00e3o contra descarga excessiva, prote\u00e7\u00e3o contra sobrecarga, prote\u00e7\u00e3o contra curto-circuito e equil\u00edbrio. Pode ser armazenado dentro de uma faixa de temperatura de -10-40 \u2103, umidade relativa de 45-75% e press\u00e3o de 86-106KPa. No geral, a bateria recarreg\u00e1vel de \u00edon de l\u00edtio para bicicleta el\u00e9trica \u00e9 uma fonte de energia dur\u00e1vel e de alta qualidade para bicicletas el\u00e9tricas.<\/p>","protected":false},"featured_media":501,"template":"","meta":{"_kad_post_transparent":"default","_kad_post_title":"","_kad_post_layout":"default","_kad_post_sidebar_id":"","_kad_post_content_style":"default","_kad_post_vertical_padding":"default","_kad_post_feature":"","_kad_post_feature_position":"","_kad_post_header":false,"_kad_post_footer":false},"product_cat":[19,21],"product_tag":[307,306,262,43,308,309,305],"class_list":["post-500","product","type-product","status-publish","has-post-thumbnail","hentry","product_cat-custom-ebike-battery","product_cat-down-tube-ebike-battery","product_tag-36v-13ah-ebike-battery","product_tag-e-bike-phylion-battery","product_tag-e-bike-seat-post-battery","product_tag-ebike-battery","product_tag-rechargeable-electric-battery","product_tag-seat-post-battery","product_tag-seatpost-electric-bicycle-battery","entry","content-bg","loop-entry"],"_links":{"self":[{"href":"https:\/\/bybatt.com\/pt\/wp-json\/wp\/v2\/product\/500","targetHints":{"allow":["GET"]}}],"collection":[{"href":"https:\/\/bybatt.com\/pt\/wp-json\/wp\/v2\/product"}],"about":[{"href":"https:\/\/bybatt.com\/pt\/wp-json\/wp\/v2\/types\/product"}],"wp:featuredmedia":[{"embeddable":true,"href":"https:\/\/bybatt.com\/pt\/wp-json\/wp\/v2\/media\/501"}],"wp:attachment":[{"href":"https:\/\/bybatt.com\/pt\/wp-json\/wp\/v2\/media?parent=500"}],"wp:term":[{"taxonomy":"product_cat","embeddable":true,"href":"https:\/\/bybatt.com\/pt\/wp-json\/wp\/v2\/product_cat?post=500"},{"taxonomy":"product_tag","embeddable":true,"href":"https:\/\/bybatt.com\/pt\/wp-json\/wp\/v2\/product_tag?post=500"}],"curies":[{"name":"wp","href":"https:\/\/api.w.org\/{rel}","templated":true}]}}