{"id":507,"date":"2023-02-19T15:01:23","date_gmt":"2023-02-19T15:01:23","guid":{"rendered":"https:\/\/bybatt.com\/?post_type=product&#038;p=507"},"modified":"2023-02-19T15:10:49","modified_gmt":"2023-02-19T15:10:49","slug":"24v-10ah-lithium-little-frog-style-battery-for-e-bike","status":"publish","type":"product","link":"https:\/\/bybatt.com\/pt\/produto\/24v-10ah-lithium-little-frog-style-battery-for-e-bike\/","title":{"rendered":"Bateria estilo sapinho de l\u00edtio 24V 10Ah para bicicleta el\u00e9trica"},"content":{"rendered":"","protected":false},"excerpt":{"rendered":"<p>A bateria 24V 10Ah Lithium Little Frog Style \u00e9 uma bateria de alta qualidade projetada para uso em e-bikes. A bateria usa novas c\u00e9lulas 100% e apresenta uma qu\u00edmica LiNiCoMno2. Est\u00e1 dispon\u00edvel em diferentes op\u00e7\u00f5es de tens\u00e3o e capacidade, incluindo 36V e 48V, com capacidade nominal variando de 10,4ah a 14ah. A caixa externa \u00e9 feita de material EEL, tornando-a dur\u00e1vel e resistente a danos.<br \/>\nA bateria pode ser carregada usando um m\u00e9todo de carregamento padr\u00e3o com uma corrente constante de 0,2 C e uma tens\u00e3o constante de 54,6 V, com corte de 100 mA. Ele tamb\u00e9m pode ser carregado rapidamente usando uma corrente constante de 0,5 CA, tens\u00e3o constante de 54,6 V e corte de 100 mA. O m\u00e9todo de descarga padr\u00e3o usa uma corrente constante de 0,2C e uma tens\u00e3o final de 30V.<br \/>\nA bateria tem um ciclo de vida de 500 vezes com DOD80%, o que significa que pode ser recarregada e descarregada at\u00e9 500 vezes com profundidade de descarga 80%. A corrente de descarga cont\u00ednua \u00e9 de 10A ou pode ser personalizada, e a corrente de pico de descarga \u00e9 de 30A ou pode ser personalizada para atender a requisitos espec\u00edficos. A bateria tamb\u00e9m possui fun\u00e7\u00f5es BMS, incluindo prote\u00e7\u00e3o contra sobrecorrente, prote\u00e7\u00e3o contra descarga excessiva, prote\u00e7\u00e3o contra sobrecarga, prote\u00e7\u00e3o contra curto-circuito e equil\u00edbrio.<br \/>\nA faixa de temperatura de armazenamento da bateria \u00e9 de -10-40 \u2103, com umidade relativa de 45-75% e press\u00e3o de 86-106KPa. A bateria tem um peso aproximado de 3,5KG\/4,5Kg, dependendo do modelo espec\u00edfico. Esta bateria \u00e9 uma escolha confi\u00e1vel e eficiente para quem deseja alimentar sua bicicleta el\u00e9trica com uma bateria de \u00edons de l\u00edtio de alta qualidade.<\/p>","protected":false},"featured_media":508,"template":"","meta":{"_kad_post_transparent":"default","_kad_post_title":"","_kad_post_layout":"default","_kad_post_sidebar_id":"","_kad_post_content_style":"default","_kad_post_vertical_padding":"default","_kad_post_feature":"","_kad_post_feature_position":"","_kad_post_header":false,"_kad_post_footer":false},"product_cat":[19,21],"product_tag":[262,43,313,311,267,310,312],"class_list":["post-507","product","type-product","status-publish","has-post-thumbnail","hentry","product_cat-custom-ebike-battery","product_cat-down-tube-ebike-battery","product_tag-e-bike-seat-post-battery","product_tag-ebike-battery","product_tag-ebike-frog-battery","product_tag-frog-battery","product_tag-frog-ebike-battery","product_tag-frog-style-battery","product_tag-little-frog-battery-pack","entry","content-bg","loop-entry"],"_links":{"self":[{"href":"https:\/\/bybatt.com\/pt\/wp-json\/wp\/v2\/product\/507","targetHints":{"allow":["GET"]}}],"collection":[{"href":"https:\/\/bybatt.com\/pt\/wp-json\/wp\/v2\/product"}],"about":[{"href":"https:\/\/bybatt.com\/pt\/wp-json\/wp\/v2\/types\/product"}],"wp:featuredmedia":[{"embeddable":true,"href":"https:\/\/bybatt.com\/pt\/wp-json\/wp\/v2\/media\/508"}],"wp:attachment":[{"href":"https:\/\/bybatt.com\/pt\/wp-json\/wp\/v2\/media?parent=507"}],"wp:term":[{"taxonomy":"product_cat","embeddable":true,"href":"https:\/\/bybatt.com\/pt\/wp-json\/wp\/v2\/product_cat?post=507"},{"taxonomy":"product_tag","embeddable":true,"href":"https:\/\/bybatt.com\/pt\/wp-json\/wp\/v2\/product_tag?post=507"}],"curies":[{"name":"wp","href":"https:\/\/api.w.org\/{rel}","templated":true}]}}