{"id":514,"date":"2023-02-19T15:13:45","date_gmt":"2023-02-19T15:13:45","guid":{"rendered":"https:\/\/bybatt.com\/?post_type=product&#038;p=514"},"modified":"2023-02-19T15:22:48","modified_gmt":"2023-02-19T15:22:48","slug":"48v-downtube-reention-eel-inner-frame-electric-bike-battery","status":"publish","type":"product","link":"https:\/\/bybatt.com\/pt\/produto\/48v-downtube-reention-eel-inner-frame-electric-bike-battery\/","title":{"rendered":"Bateria de bicicleta el\u00e9trica de estrutura interna EEL tubo inferior 48V"},"content":{"rendered":"","protected":false},"excerpt":{"rendered":"<p>A bateria de bicicleta el\u00e9trica de estrutura interna EEL de tubo inferior de 48V \u00e9 uma bateria recarreg\u00e1vel de alta qualidade projetada para bicicletas el\u00e9tricas. \u00c9 feito com novas c\u00e9lulas 100% e tem uma qu\u00edmica de LiNiCoMno2. A bateria vem em um estojo EEL dur\u00e1vel e est\u00e1 dispon\u00edvel em v\u00e1rias capacidades nominais, incluindo 10,4ah, 11,6ah, 13ah, 13,6ah e 14ah.<br \/>\nPara carregar a bateria, \u00e9 utilizada uma carga padr\u00e3o, que envolve uma corrente constante de 0,2C e uma tens\u00e3o constante de 54,6V com corte de 100mA. A bateria tamb\u00e9m pode ser carregada rapidamente usando uma corrente constante de 0,5 CA e uma tens\u00e3o constante de 54,6 V com um corte de 100 mA.<br \/>\nA bateria possui uma corrente de descarga cont\u00ednua de 10A ou pode ser customizada para atender necessidades espec\u00edficas. Ele tamb\u00e9m possui uma corrente de pico de descarga de 30A ou pode ser personalizado para atender a necessidades espec\u00edficas. A bateria foi projetada para circular at\u00e9 500 vezes com um DOD80% e possui uma fun\u00e7\u00e3o BMS que inclui prote\u00e7\u00e3o contra sobrecorrente, prote\u00e7\u00e3o contra descarga excessiva, prote\u00e7\u00e3o contra sobrecarga, prote\u00e7\u00e3o contra curto-circuito e equil\u00edbrio.<br \/>\nA bateria foi projetada para operar dentro de uma faixa de temperatura de -10-40 \u2103, umidade relativa de 45-75% e press\u00e3o de 86-106KPa. Pesa aproximadamente 3,5KG\/4,5Kg e \u00e9 uma excelente op\u00e7\u00e3o para entusiastas de bicicletas el\u00e9tricas que procuram uma bateria confi\u00e1vel e eficiente para alimentar seu passeio.<\/p>","protected":false},"featured_media":515,"template":"","meta":{"_kad_post_transparent":"default","_kad_post_title":"","_kad_post_layout":"default","_kad_post_sidebar_id":"","_kad_post_content_style":"default","_kad_post_vertical_padding":"default","_kad_post_feature":"","_kad_post_feature_position":"","_kad_post_header":false,"_kad_post_footer":false},"product_cat":[19,23],"product_tag":[317,52,318,315,316,314],"class_list":["post-514","product","type-product","status-publish","has-post-thumbnail","hentry","product_cat-custom-ebike-battery","product_cat-inner-ebike-battery","product_tag-48v-10-4ah-14ah-ebike-batteries","product_tag-battery","product_tag-electric-bike-battery","product_tag-electric-bike-frame-battery-inside","product_tag-frame-electric-bike-battery","product_tag-inner-frame-electric-bike-battery","entry","content-bg","loop-entry"],"_links":{"self":[{"href":"https:\/\/bybatt.com\/pt\/wp-json\/wp\/v2\/product\/514","targetHints":{"allow":["GET"]}}],"collection":[{"href":"https:\/\/bybatt.com\/pt\/wp-json\/wp\/v2\/product"}],"about":[{"href":"https:\/\/bybatt.com\/pt\/wp-json\/wp\/v2\/types\/product"}],"wp:featuredmedia":[{"embeddable":true,"href":"https:\/\/bybatt.com\/pt\/wp-json\/wp\/v2\/media\/515"}],"wp:attachment":[{"href":"https:\/\/bybatt.com\/pt\/wp-json\/wp\/v2\/media?parent=514"}],"wp:term":[{"taxonomy":"product_cat","embeddable":true,"href":"https:\/\/bybatt.com\/pt\/wp-json\/wp\/v2\/product_cat?post=514"},{"taxonomy":"product_tag","embeddable":true,"href":"https:\/\/bybatt.com\/pt\/wp-json\/wp\/v2\/product_tag?post=514"}],"curies":[{"name":"wp","href":"https:\/\/api.w.org\/{rel}","templated":true}]}}