{"id":536,"date":"2023-02-20T01:47:15","date_gmt":"2023-02-20T01:47:15","guid":{"rendered":"https:\/\/bybatt.com\/?post_type=product&#038;p=536"},"modified":"2023-02-20T01:55:19","modified_gmt":"2023-02-20T01:55:19","slug":"48v-14ah-reention-eel-pro-electric-bicycle-lithium-batteries","status":"publish","type":"product","link":"https:\/\/bybatt.com\/pt\/produto\/48v-14ah-reention-eel-pro-electric-bicycle-lithium-batteries\/","title":{"rendered":"Baterias de l\u00edtio para bicicleta el\u00e9trica 48V 14Ah Reention EEL Pro"},"content":{"rendered":"","protected":false},"excerpt":{"rendered":"<p>As baterias de l\u00edtio para bicicleta el\u00e9trica 48V 14Ah Reention EEL Pro s\u00e3o baterias de alta qualidade projetadas especificamente para bicicletas el\u00e9tricas. As baterias s\u00e3o feitas com novas c\u00e9lulas 100% com qu\u00edmica LiNiCoMno2, proporcionando excelente desempenho e longa vida \u00fatil. As baterias est\u00e3o dispon\u00edveis em diferentes tens\u00f5es e capacidades, incluindo 36V e 48V com capacidades que variam de 10,4Ah a 14Ah.<br \/>\nO inv\u00f3lucro externo das baterias \u00e9 feito de material EEL dur\u00e1vel, que oferece excelente prote\u00e7\u00e3o contra impactos e outros tipos de danos. As baterias s\u00e3o projetadas para serem carregadas usando uma corrente constante padr\u00e3o de 0,2C e uma tens\u00e3o constante de 54,6V, com corte de 100mA. O carregamento r\u00e1pido tamb\u00e9m \u00e9 poss\u00edvel usando uma corrente constante de 0,5 CA e a mesma tens\u00e3o e corte constantes.<br \/>\nAs baterias podem ser descarregadas usando uma corrente constante de 0,2C at\u00e9 que a tens\u00e3o final atinja 30V. As baterias t\u00eam um ciclo de vida de 500 vezes com uma profundidade de descarga (DOD) de 80%. As baterias t\u00eam uma corrente de descarga cont\u00ednua de 10A, com uma corrente de pico de descarga de 30A. O sistema de gerenciamento de bateria (BMS) fornece prote\u00e7\u00e3o contra condi\u00e7\u00f5es de sobrecorrente, descarga excessiva, sobrecarga e curto-circuito e tamb\u00e9m garante que as c\u00e9lulas estejam equilibradas.<br \/>\nAs baterias podem ser armazenadas em temperaturas variando de -10\u2103 a 40\u2103, com umidade relativa de 45-75% e press\u00e3o de 86-106KPa. Essas baterias s\u00e3o uma \u00f3tima op\u00e7\u00e3o para quem deseja atualizar ou substituir a bateria de sua bicicleta el\u00e9trica, fornecendo energia confi\u00e1vel e de alto desempenho para o seu passeio.<\/p>","protected":false},"featured_media":537,"template":"","meta":{"_kad_post_transparent":"default","_kad_post_title":"","_kad_post_layout":"default","_kad_post_sidebar_id":"","_kad_post_content_style":"default","_kad_post_vertical_padding":"default","_kad_post_feature":"","_kad_post_feature_position":"","_kad_post_header":false,"_kad_post_footer":false},"product_cat":[19,23],"product_tag":[322,325,324,323,319,320,321],"class_list":["post-536","product","type-product","status-publish","has-post-thumbnail","hentry","product_cat-custom-ebike-battery","product_cat-inner-ebike-battery","product_tag-48v-14ah-li-ion-electric-bike-battery","product_tag-48v-14ah-reention-eel-battery","product_tag-8-volt-lithium-bike-battery","product_tag-bike-battery-12-8ah","product_tag-electric-bicycle-lithium-batteries","product_tag-reention-eel-pro","product_tag-reention-eel-pro-electric-bicycle-batteries","entry","content-bg","loop-entry"],"_links":{"self":[{"href":"https:\/\/bybatt.com\/pt\/wp-json\/wp\/v2\/product\/536","targetHints":{"allow":["GET"]}}],"collection":[{"href":"https:\/\/bybatt.com\/pt\/wp-json\/wp\/v2\/product"}],"about":[{"href":"https:\/\/bybatt.com\/pt\/wp-json\/wp\/v2\/types\/product"}],"wp:featuredmedia":[{"embeddable":true,"href":"https:\/\/bybatt.com\/pt\/wp-json\/wp\/v2\/media\/537"}],"wp:attachment":[{"href":"https:\/\/bybatt.com\/pt\/wp-json\/wp\/v2\/media?parent=536"}],"wp:term":[{"taxonomy":"product_cat","embeddable":true,"href":"https:\/\/bybatt.com\/pt\/wp-json\/wp\/v2\/product_cat?post=536"},{"taxonomy":"product_tag","embeddable":true,"href":"https:\/\/bybatt.com\/pt\/wp-json\/wp\/v2\/product_tag?post=536"}],"curies":[{"name":"wp","href":"https:\/\/api.w.org\/{rel}","templated":true}]}}