{"id":543,"date":"2023-02-20T01:56:32","date_gmt":"2023-02-20T01:56:32","guid":{"rendered":"https:\/\/bybatt.com\/?post_type=product&#038;p=543"},"modified":"2023-02-20T02:03:31","modified_gmt":"2023-02-20T02:03:31","slug":"36v-24-5ah-reention-kirin-electric-bicycle-battery-pack","status":"publish","type":"product","link":"https:\/\/bybatt.com\/pt\/produto\/36v-24-5ah-reention-kirin-electric-bicycle-battery-pack\/","title":{"rendered":"Bateria de bicicleta el\u00e9trica Kirin 36V 24,5Ah Reention"},"content":{"rendered":"","protected":false},"excerpt":{"rendered":"<p>A bateria de bicicleta el\u00e9trica Reention Kirin \u00e9 uma bateria de alta qualidade projetada para bicicletas el\u00e9tricas. Possui tens\u00e3o de 36V e capacidade de 24,5Ah, fornecendo um total de 696-910Wh de pot\u00eancia dependendo da configura\u00e7\u00e3o. A bateria \u00e9 composta por c\u00e9lulas 13S5P ou 14S5P, com capacidade de 3000mAh-3500mAh cada. O sistema de gerenciamento de bateria (BMS) \u00e9 classificado em 30A e a bateria pode lidar com uma corrente de carga de 2-5A.<br \/>\nA bateria foi projetada para funcionar com motores el\u00e9tricos com faixa de pot\u00eancia de 48V 250-1000W ou 48V&amp;52V 250-1000W. Tem uma faixa de temperatura de carga de 0-45\u00b0C e uma faixa de temperatura de descarga de -20-65\u00b0C. A bateria tem uma vida \u00fatil de pelo menos 800 ciclos, com uma taxa de reten\u00e7\u00e3o de capacidade de \u226580%.<br \/>\nA bateria pesa entre 4,5-5kg e tem dimens\u00f5es de 526mm x 79mm x 104mm. Todas as c\u00e9lulas usadas na bateria s\u00e3o novas, garantindo desempenho e longevidade de alta qualidade.<\/p>","protected":false},"featured_media":544,"template":"","meta":{"_kad_post_transparent":"default","_kad_post_title":"","_kad_post_layout":"default","_kad_post_sidebar_id":"","_kad_post_content_style":"default","_kad_post_vertical_padding":"default","_kad_post_feature":"","_kad_post_feature_position":"","_kad_post_header":false,"_kad_post_footer":false},"product_cat":[19,23],"product_tag":[330,51,328,326,331,327,329],"class_list":["post-543","product","type-product","status-publish","has-post-thumbnail","hentry","product_cat-custom-ebike-battery","product_cat-inner-ebike-battery","product_tag-21ah-36v","product_tag-battery-electric-bike","product_tag-bosch-ebike-battery-replacement","product_tag-electric-bicycle-battery-pack","product_tag-reention-kirin-battery","product_tag-reention-kirin-ebike-battery","product_tag-reention-kirin-electric-bicycle-battery-pack","entry","content-bg","loop-entry"],"_links":{"self":[{"href":"https:\/\/bybatt.com\/pt\/wp-json\/wp\/v2\/product\/543","targetHints":{"allow":["GET"]}}],"collection":[{"href":"https:\/\/bybatt.com\/pt\/wp-json\/wp\/v2\/product"}],"about":[{"href":"https:\/\/bybatt.com\/pt\/wp-json\/wp\/v2\/types\/product"}],"wp:featuredmedia":[{"embeddable":true,"href":"https:\/\/bybatt.com\/pt\/wp-json\/wp\/v2\/media\/544"}],"wp:attachment":[{"href":"https:\/\/bybatt.com\/pt\/wp-json\/wp\/v2\/media?parent=543"}],"wp:term":[{"taxonomy":"product_cat","embeddable":true,"href":"https:\/\/bybatt.com\/pt\/wp-json\/wp\/v2\/product_cat?post=543"},{"taxonomy":"product_tag","embeddable":true,"href":"https:\/\/bybatt.com\/pt\/wp-json\/wp\/v2\/product_tag?post=543"}],"curies":[{"name":"wp","href":"https:\/\/api.w.org\/{rel}","templated":true}]}}