{"id":550,"date":"2023-02-20T02:15:50","date_gmt":"2023-02-20T02:15:50","guid":{"rendered":"https:\/\/bybatt.com\/?post_type=product&#038;p=550"},"modified":"2023-02-20T02:24:42","modified_gmt":"2023-02-20T02:24:42","slug":"tiger-shark-48v-lithium-ion-downtube-mounted-e-bike-battery","status":"publish","type":"product","link":"https:\/\/bybatt.com\/pt\/produto\/tiger-shark-48v-lithium-ion-downtube-mounted-e-bike-battery\/","title":{"rendered":"Bateria para bicicleta el\u00e9trica montada em tubo inferior de \u00edon de l\u00edtio Tiger Shark 48V"},"content":{"rendered":"","protected":false},"excerpt":{"rendered":"<p>A bateria de bicicleta el\u00e9trica Tiger Shark 48V de \u00edon de l\u00edtio montada no tubo inferior \u00e9 uma bateria de alta qualidade projetada para bicicletas el\u00e9tricas. A bateria usa novas c\u00e9lulas 100% e est\u00e1 dispon\u00edvel em tr\u00eas op\u00e7\u00f5es de voltagem diferentes: 36V, 48V e 52V. A capacidade nominal da bateria varia de 13ah a 20,4ah, fornecendo ampla pot\u00eancia para passeios prolongados.<br \/>\nAs c\u00e9lulas da bateria usadas na bateria de \u00edon de l\u00edtio montada no tubo inferior Tiger Shark 48V s\u00e3o c\u00e9lulas 18650 3,7V 2500mah. A corrente de carga padr\u00e3o \u00e9 de 2A, mas pode ser personalizada, e a corrente de descarga m\u00e1xima \u00e9 de 20A, tamb\u00e9m personaliz\u00e1vel. O ciclo de vida da bateria \u00e9 superior a 1000 vezes, o que a torna uma op\u00e7\u00e3o duradoura e econ\u00f4mica.<br \/>\nA bateria E-Bike montada em tubo inferior de \u00edon de l\u00edtio Tiger Shark 48V vem em seis tamanhos diferentes, cada um com uma configura\u00e7\u00e3o \u00fanica de c\u00e9lulas. A bateria \u00e9 montada no tubo inferior, o que permite que seja facilmente instalada na maioria das e-bikes. O peso da bateria \u00e9 de aproximadamente 5KG, tornando-a uma op\u00e7\u00e3o relativamente leve.<br \/>\nA bateria possui v\u00e1rios mecanismos de prote\u00e7\u00e3o, incluindo prote\u00e7\u00e3o contra sobrecarga, prote\u00e7\u00e3o contra descarga excessiva, prote\u00e7\u00e3o contra sobrecorrente, prote\u00e7\u00e3o contra curto-circuito e muito mais. A faixa de temperatura de carga \u00e9 de 045\u00b0C e a faixa de temperatura de descarga \u00e9 de -2060\u00b0C. A faixa de temperatura de armazenamento \u00e9 de 20 a 35 \u00b0C, garantindo que a bateria possa ser armazenada com seguran\u00e7a e efici\u00eancia.<br \/>\nNo geral, a bateria E-Bike montada em tubo inferior de \u00edon de l\u00edtio Tiger Shark 48V \u00e9 uma op\u00e7\u00e3o confi\u00e1vel, duradoura e de alta qualidade para quem procura alimentar sua bicicleta el\u00e9trica.<\/p>","protected":false},"featured_media":551,"template":"","meta":{"_kad_post_transparent":"default","_kad_post_title":"","_kad_post_layout":"default","_kad_post_sidebar_id":"","_kad_post_content_style":"default","_kad_post_vertical_padding":"default","_kad_post_feature":"","_kad_post_feature_position":"","_kad_post_header":false,"_kad_post_footer":false},"product_cat":[19,21],"product_tag":[335,336,304,332,43,333,334,337],"class_list":["post-550","product","type-product","status-publish","has-post-thumbnail","hentry","product_cat-custom-ebike-battery","product_cat-down-tube-ebike-battery","product_tag-bosch-ebike-battery","product_tag-downtube-battery","product_tag-downtube-ebike-battery","product_tag-downtube-mounted-e-bike-battery","product_tag-ebike-battery","product_tag-ebike-battery-parts","product_tag-tiger-shark-48v10ah","product_tag-tiger-shark-ebike-battery","entry","content-bg","loop-entry"],"_links":{"self":[{"href":"https:\/\/bybatt.com\/pt\/wp-json\/wp\/v2\/product\/550","targetHints":{"allow":["GET"]}}],"collection":[{"href":"https:\/\/bybatt.com\/pt\/wp-json\/wp\/v2\/product"}],"about":[{"href":"https:\/\/bybatt.com\/pt\/wp-json\/wp\/v2\/types\/product"}],"wp:featuredmedia":[{"embeddable":true,"href":"https:\/\/bybatt.com\/pt\/wp-json\/wp\/v2\/media\/551"}],"wp:attachment":[{"href":"https:\/\/bybatt.com\/pt\/wp-json\/wp\/v2\/media?parent=550"}],"wp:term":[{"taxonomy":"product_cat","embeddable":true,"href":"https:\/\/bybatt.com\/pt\/wp-json\/wp\/v2\/product_cat?post=550"},{"taxonomy":"product_tag","embeddable":true,"href":"https:\/\/bybatt.com\/pt\/wp-json\/wp\/v2\/product_tag?post=550"}],"curies":[{"name":"wp","href":"https:\/\/api.w.org\/{rel}","templated":true}]}}