{"id":557,"date":"2023-02-20T02:27:51","date_gmt":"2023-02-20T02:27:51","guid":{"rendered":"https:\/\/bybatt.com\/?post_type=product&#038;p=557"},"modified":"2023-02-20T02:36:38","modified_gmt":"2023-02-20T02:36:38","slug":"52v-50amp-8-4ah-rechargeable-21700-lithium-e-bike-battery","status":"publish","type":"product","link":"https:\/\/bybatt.com\/pt\/produto\/52v-50amp-8-4ah-rechargeable-21700-lithium-e-bike-battery\/","title":{"rendered":"Bateria recarreg\u00e1vel de l\u00edtio 21700 52V 50AMP 8.4AH para bicicleta el\u00e9trica"},"content":{"rendered":"","protected":false},"excerpt":{"rendered":"<p>A bateria de 52V 50AMP 8.4AH recarreg\u00e1vel 21700 Lithium E-Bike \u00e9 uma bateria de \u00edons de l\u00edtio de alto desempenho projetada para uso em bicicletas el\u00e9tricas. \u00c9 feito de novas c\u00e9lulas 100% e est\u00e1 dispon\u00edvel em v\u00e1rias configura\u00e7\u00f5es diferentes, com tens\u00f5es nominais de 36V, 48V e 52V e capacidades nominais variando de 13ah a 20,4ah. A bateria \u00e9 constru\u00edda usando c\u00e9lulas 18650 3,7 V 2500 mah e apresenta uma corrente de carga padr\u00e3o de 2 A, embora isso possa ser personalizado para atender a requisitos espec\u00edficos.<br \/>\nA bateria \u00e9 capaz de fornecer uma corrente de descarga m\u00e1xima de 51A e tem um ciclo de vida de mais de 1000 vezes. Ele pode ser carregado usando o m\u00e9todo de carga de corrente constante e tens\u00e3o constante e est\u00e1 dispon\u00edvel em tr\u00eas tamanhos diferentes: Polly DP-9 367 mm x 141 mm x 90 mm, Polly DP-5\/5C 368 mm x 96 mm x 90 mm e Polly DP-6\/ 6C 368 mm x 112 mm x 90 mm. A bateria pesa cerca de 5KG e pode ser carregada em temperaturas entre 045\u00b0C, enquanto a temperatura de descarga varia entre -2060\u00b0C. A bateria tamb\u00e9m oferece prote\u00e7\u00e3o contra sobrecarga, descarga excessiva, sobrecorrente, curto-circuito e outros perigos.<\/p>","protected":false},"featured_media":558,"template":"","meta":{"_kad_post_transparent":"default","_kad_post_title":"","_kad_post_layout":"default","_kad_post_sidebar_id":"","_kad_post_content_style":"default","_kad_post_vertical_padding":"default","_kad_post_feature":"","_kad_post_feature_position":"","_kad_post_header":false,"_kad_post_footer":false},"product_cat":[19,21],"product_tag":[341,338,342,343,340,339],"class_list":["post-557","product","type-product","status-publish","has-post-thumbnail","hentry","product_cat-custom-ebike-battery","product_cat-down-tube-ebike-battery","product_tag-21700-cell-rechargeable-ebike-battery","product_tag-21700-lithium-e-bike-battery","product_tag-52v-ebike-battery","product_tag-e-bike-battery-replacement","product_tag-electric-bike-battery-36v","product_tag-lithium-ion-e-bike-battery","entry","content-bg","loop-entry"],"_links":{"self":[{"href":"https:\/\/bybatt.com\/pt\/wp-json\/wp\/v2\/product\/557","targetHints":{"allow":["GET"]}}],"collection":[{"href":"https:\/\/bybatt.com\/pt\/wp-json\/wp\/v2\/product"}],"about":[{"href":"https:\/\/bybatt.com\/pt\/wp-json\/wp\/v2\/types\/product"}],"wp:featuredmedia":[{"embeddable":true,"href":"https:\/\/bybatt.com\/pt\/wp-json\/wp\/v2\/media\/558"}],"wp:attachment":[{"href":"https:\/\/bybatt.com\/pt\/wp-json\/wp\/v2\/media?parent=557"}],"wp:term":[{"taxonomy":"product_cat","embeddable":true,"href":"https:\/\/bybatt.com\/pt\/wp-json\/wp\/v2\/product_cat?post=557"},{"taxonomy":"product_tag","embeddable":true,"href":"https:\/\/bybatt.com\/pt\/wp-json\/wp\/v2\/product_tag?post=557"}],"curies":[{"name":"wp","href":"https:\/\/api.w.org\/{rel}","templated":true}]}}