{"id":564,"date":"2023-02-20T03:00:52","date_gmt":"2023-02-20T03:00:52","guid":{"rendered":"https:\/\/bybatt.com\/?post_type=product&#038;p=564"},"modified":"2023-02-20T03:06:21","modified_gmt":"2023-02-20T03:06:21","slug":"48v-14ah-lithium-ion-e-bike-batteries-in-aluminum-case","status":"publish","type":"product","link":"https:\/\/bybatt.com\/pt\/produto\/48v-14ah-lithium-ion-e-bike-batteries-in-aluminum-case\/","title":{"rendered":"Baterias de \u00edon de l\u00edtio 48V 14Ah para bicicleta el\u00e9trica em estojo de alum\u00ednio"},"content":{"rendered":"","protected":false},"excerpt":{"rendered":"<p>Este produto \u00e9 uma bateria de \u00edon-l\u00edtio de 48V para e-bike contida em uma caixa de alum\u00ednio. As c\u00e9lulas de bateria utilizadas s\u00e3o 100% novas e t\u00eam uma qu\u00edmica de Li(NiCoMn)O2 18650. Tem uma tens\u00e3o nominal de 36V ou 48V e uma capacidade nominal de 15Ah, 17,5ah, 12,8ah ou 14ah. A c\u00e9lula de bateria usada \u00e9 uma famosa c\u00e9lula 18650 com capacidade de 3200mAh ou 3400mAh. A configura\u00e7\u00e3o da bateria \u00e9 13S5P e o sistema de gerenciamento de bateria (BMS) \u00e9 16A ou pode ser personalizado. A bateria tem um tamanho de 40mm X 100mm x 430mm e cont\u00e9m 52 c\u00e9lulas 18650, com um peso de 4,5KGS. A tens\u00e3o de corte de descarga \u00e9 de 30 V e a tens\u00e3o de carga \u00e9 de 42,6 V. A bateria pode manter 80% de sua energia ap\u00f3s 800 ciclos, com uma faixa de temperatura de trabalho de 20 a 60 graus Celsius.<\/p>","protected":false},"featured_media":565,"template":"","meta":{"_kad_post_transparent":"default","_kad_post_title":"","_kad_post_layout":"default","_kad_post_sidebar_id":"","_kad_post_content_style":"default","_kad_post_vertical_padding":"default","_kad_post_feature":"","_kad_post_feature_position":"","_kad_post_header":false,"_kad_post_footer":false},"product_cat":[19,21],"product_tag":[345,346,344,318],"class_list":["post-564","product","type-product","status-publish","has-post-thumbnail","hentry","product_cat-custom-ebike-battery","product_cat-down-tube-ebike-battery","product_tag-48v-14ah-lithium-pack","product_tag-bike-battery","product_tag-e-bike-batteries-in-aluminum-case","product_tag-electric-bike-battery","entry","content-bg","loop-entry"],"_links":{"self":[{"href":"https:\/\/bybatt.com\/pt\/wp-json\/wp\/v2\/product\/564","targetHints":{"allow":["GET"]}}],"collection":[{"href":"https:\/\/bybatt.com\/pt\/wp-json\/wp\/v2\/product"}],"about":[{"href":"https:\/\/bybatt.com\/pt\/wp-json\/wp\/v2\/types\/product"}],"wp:featuredmedia":[{"embeddable":true,"href":"https:\/\/bybatt.com\/pt\/wp-json\/wp\/v2\/media\/565"}],"wp:attachment":[{"href":"https:\/\/bybatt.com\/pt\/wp-json\/wp\/v2\/media?parent=564"}],"wp:term":[{"taxonomy":"product_cat","embeddable":true,"href":"https:\/\/bybatt.com\/pt\/wp-json\/wp\/v2\/product_cat?post=564"},{"taxonomy":"product_tag","embeddable":true,"href":"https:\/\/bybatt.com\/pt\/wp-json\/wp\/v2\/product_tag?post=564"}],"curies":[{"name":"wp","href":"https:\/\/api.w.org\/{rel}","templated":true}]}}