{"id":571,"date":"2023-02-20T03:07:17","date_gmt":"2023-02-20T03:07:17","guid":{"rendered":"https:\/\/bybatt.com\/?post_type=product&#038;p=571"},"modified":"2023-02-20T03:56:54","modified_gmt":"2023-02-20T03:56:54","slug":"original-48v-17-5ah-reention-dorado-e-bike-battery","status":"publish","type":"product","link":"https:\/\/bybatt.com\/pt\/produto\/original-48v-17-5ah-reention-dorado-e-bike-battery\/","title":{"rendered":"Bateria de bicicleta original 48V 17,5Ah Reention Dorado E"},"content":{"rendered":"","protected":false},"excerpt":{"rendered":"<p>A bateria original 48V 17.5Ah Reention Dorado E Bike foi projetada para uso em bicicletas el\u00e9tricas e tem uma tens\u00e3o nominal de 36V ou 48V e uma capacidade nominal de 10,4Ah, 11,6Ah, 13,6Ah, 13Ah, 14,5Ah ou 17,5Ah. A bateria usa qu\u00edmica LiNiCoMnO2 e c\u00e9lulas 18650 3.7V 2500mAh.<br \/>\nO estilo do inv\u00f3lucro externo da bateria \u00e9 um inv\u00f3lucro interno, e o n\u00famero de c\u00e9lulas usadas na bateria varia dependendo do modelo. O Dorado Mini usa 30 ou 40 c\u00e9lulas, o Dorado Pro usa 40 ou 50 c\u00e9lulas, o Dorado Plus usa 52 ou 65 c\u00e9lulas e o Dorado Max usa 64 ou 80 c\u00e9lulas. O peso da bateria \u00e9 de 5,5KGS.<br \/>\nA bateria pode ser carregada usando uma carga padr\u00e3o com uma corrente constante de 0,2C e uma tens\u00e3o constante de 54,6V com corte de 100mA, ou uma carga r\u00e1pida com uma corrente constante de 0,5CA e uma tens\u00e3o constante de 54,6V com um Corte de 100mA. A bateria pode ser descarregada usando uma corrente constante de 0,2C e uma tens\u00e3o final de 39V.<br \/>\nA bateria tem uma vida \u00fatil de 500 ciclos com DOD80% e uma corrente de descarga cont\u00ednua de 17A ou personalizada. A corrente de descarga de pico \u00e9 51A ou personalizada. O sistema de gerenciamento de bateria (BMS) fornece prote\u00e7\u00e3o contra sobrecorrente, prote\u00e7\u00e3o contra descarga excessiva, prote\u00e7\u00e3o contra sobrecarga, prote\u00e7\u00e3o contra curto-circuito e equil\u00edbrio. A bateria pode ser armazenada em temperaturas entre -10-40 \u2103 com umidade relativa de 45-75% e press\u00e3o de 86-106KPa.<\/p>","protected":false},"featured_media":572,"template":"","meta":{"_kad_post_transparent":"default","_kad_post_title":"","_kad_post_layout":"default","_kad_post_sidebar_id":"","_kad_post_content_style":"default","_kad_post_vertical_padding":"default","_kad_post_feature":"","_kad_post_feature_position":"","_kad_post_header":false,"_kad_post_footer":false},"product_cat":[19,21],"product_tag":[350,348,349,347],"class_list":["post-571","product","type-product","status-publish","has-post-thumbnail","hentry","product_cat-custom-ebike-battery","product_cat-down-tube-ebike-battery","product_tag-13ah-25ah","product_tag-48v-17-5ah-battery","product_tag-48v-battery","product_tag-reention-dorado-e-bike-battery","entry","content-bg","loop-entry"],"_links":{"self":[{"href":"https:\/\/bybatt.com\/pt\/wp-json\/wp\/v2\/product\/571","targetHints":{"allow":["GET"]}}],"collection":[{"href":"https:\/\/bybatt.com\/pt\/wp-json\/wp\/v2\/product"}],"about":[{"href":"https:\/\/bybatt.com\/pt\/wp-json\/wp\/v2\/types\/product"}],"wp:featuredmedia":[{"embeddable":true,"href":"https:\/\/bybatt.com\/pt\/wp-json\/wp\/v2\/media\/572"}],"wp:attachment":[{"href":"https:\/\/bybatt.com\/pt\/wp-json\/wp\/v2\/media?parent=571"}],"wp:term":[{"taxonomy":"product_cat","embeddable":true,"href":"https:\/\/bybatt.com\/pt\/wp-json\/wp\/v2\/product_cat?post=571"},{"taxonomy":"product_tag","embeddable":true,"href":"https:\/\/bybatt.com\/pt\/wp-json\/wp\/v2\/product_tag?post=571"}],"curies":[{"name":"wp","href":"https:\/\/api.w.org\/{rel}","templated":true}]}}