{"id":586,"date":"2023-02-20T04:07:10","date_gmt":"2023-02-20T04:07:10","guid":{"rendered":"https:\/\/bybatt.com\/?post_type=product&#038;p=586"},"modified":"2023-02-20T04:11:38","modified_gmt":"2023-02-20T04:11:38","slug":"52v-48v-hailong-ebike-battery-electric-bike-lithium-battery","status":"publish","type":"product","link":"https:\/\/bybatt.com\/pt\/produto\/52v-48v-hailong-ebike-battery-electric-bike-lithium-battery\/","title":{"rendered":"Bateria de l\u00edtio para bicicleta el\u00e9trica 52V 48V Hailong Ebike"},"content":{"rendered":"","protected":false},"excerpt":{"rendered":"<p>A bateria Hailong Ebike de 52V\/48V \u00e9 uma bateria de l\u00edtio para bicicleta el\u00e9trica projetada para fornecer energia a uma bicicleta el\u00e9trica. A bateria \u00e9 composta por novas c\u00e9lulas 100% provenientes de fabricantes de c\u00e9lulas de grau A do Jap\u00e3o ou da Cor\u00e9ia, garantindo que a bateria tenha uma constru\u00e7\u00e3o de alta qualidade.<br \/>\nA bateria est\u00e1 dispon\u00edvel em diferentes classifica\u00e7\u00f5es, com uma classifica\u00e7\u00e3o de tens\u00e3o de 36V\/48V\/52V e uma classifica\u00e7\u00e3o de capacidade de 17,4Ah\/12Ah\/13Ah\/14,5Ah\/17,5Ah\/13Ah, fornecendo diferentes op\u00e7\u00f5es para voc\u00ea escolher com base em sua requisitos.<br \/>\nAs dimens\u00f5es da bateria s\u00e3o 365 mm x 90 mm x 110 mm, tornando-a um tamanho adequado para a maioria das bicicletas el\u00e9tricas. A bateria est\u00e1 equipada com um BMS (Battery Management System) com uma classifica\u00e7\u00e3o de 25A\/30A, que garante a seguran\u00e7a e longevidade da bateria.<br \/>\nA bateria vem com um carregador, que est\u00e1 dispon\u00edvel em tr\u00eas classifica\u00e7\u00f5es diferentes: 42V 2A\/54,6V 2A\/58,8V 2A, e a bateria tem uma tens\u00e3o de corte de carga de 42V\/54,6V\/58,8V e um corte de descarga tens\u00e3o de 28V\/36,4V\/39,2V.<br \/>\nA bateria tem um ciclo de vida de 80% de energia ap\u00f3s 800 ciclos, o que significa que pode ser carregada e descarregada at\u00e9 800 vezes antes de perder 20% de sua capacidade original. O tipo de bateria \u00e9 Li(NiCoMn)O2 18650, que \u00e9 uma qu\u00edmica comum de bateria de \u00edons de l\u00edtio usada em baterias de bicicletas el\u00e9tricas.<br \/>\nNo geral, a bateria Hailong Ebike de 52V\/48V \u00e9 uma bateria de l\u00edtio de alta qualidade constru\u00edda para durar e fornecer uma fonte confi\u00e1vel de energia para sua bicicleta el\u00e9trica.<\/p>","protected":false},"featured_media":587,"template":"","meta":{"_kad_post_transparent":"default","_kad_post_title":"","_kad_post_layout":"default","_kad_post_sidebar_id":"","_kad_post_content_style":"default","_kad_post_vertical_padding":"default","_kad_post_feature":"","_kad_post_feature_position":"","_kad_post_header":false,"_kad_post_footer":false},"product_cat":[19,21],"product_tag":[354,353,326,351,357,355,356,352],"class_list":["post-586","product","type-product","status-publish","has-post-thumbnail","hentry","product_cat-custom-ebike-battery","product_cat-down-tube-ebike-battery","product_tag-battery-pack","product_tag-electric-bicycle-52v-20ah-battery","product_tag-electric-bicycle-battery-pack","product_tag-hailong-battery-52v-17-5ah","product_tag-hailong-ebike-battery","product_tag-hailong-s039-3-battery","product_tag-hailong-s039-3-electric-bicycle-battery","product_tag-lithium-ion-battery-pack","entry","content-bg","loop-entry"],"_links":{"self":[{"href":"https:\/\/bybatt.com\/pt\/wp-json\/wp\/v2\/product\/586","targetHints":{"allow":["GET"]}}],"collection":[{"href":"https:\/\/bybatt.com\/pt\/wp-json\/wp\/v2\/product"}],"about":[{"href":"https:\/\/bybatt.com\/pt\/wp-json\/wp\/v2\/types\/product"}],"wp:featuredmedia":[{"embeddable":true,"href":"https:\/\/bybatt.com\/pt\/wp-json\/wp\/v2\/media\/587"}],"wp:attachment":[{"href":"https:\/\/bybatt.com\/pt\/wp-json\/wp\/v2\/media?parent=586"}],"wp:term":[{"taxonomy":"product_cat","embeddable":true,"href":"https:\/\/bybatt.com\/pt\/wp-json\/wp\/v2\/product_cat?post=586"},{"taxonomy":"product_tag","embeddable":true,"href":"https:\/\/bybatt.com\/pt\/wp-json\/wp\/v2\/product_tag?post=586"}],"curies":[{"name":"wp","href":"https:\/\/api.w.org\/{rel}","templated":true}]}}