{"id":601,"date":"2023-02-20T04:24:12","date_gmt":"2023-02-20T04:24:12","guid":{"rendered":"https:\/\/bybatt.com\/?post_type=product&#038;p=601"},"modified":"2023-02-20T04:36:07","modified_gmt":"2023-02-20T04:36:07","slug":"24v-10ah-rechargeable-18650-battery-cells-battery-pack","status":"publish","type":"product","link":"https:\/\/bybatt.com\/pt\/produto\/24v-10ah-rechargeable-18650-battery-cells-battery-pack\/","title":{"rendered":"Pacote de bateria de c\u00e9lulas de bateria recarreg\u00e1vel 18650 24V 10Ah"},"content":{"rendered":"","protected":false},"excerpt":{"rendered":"<p>O produto descrito \u00e9 uma bateria recarreg\u00e1vel de 24V 10Ah composta por 18650 c\u00e9lulas de bateria. A bateria consiste em 28 c\u00e9lulas, dispostas em uma configura\u00e7\u00e3o de 4 s\u00e9ries de 7 paralelas, com cada c\u00e9lula tendo uma capacidade nominal de 2500mAh e uma tens\u00e3o nominal de 3,7V.<br \/>\nA bateria tem uma resist\u00eancia de fonte inferior a 40m\u03a9, uma tens\u00e3o de corte de descarga de 41+\/-1V e uma tens\u00e3o de corte de carga de 29,4V. Tem uma corrente de descarga nominal de 10A, uma corrente de descarga m\u00e1xima instant\u00e2nea de 30A e uma corrente de descarga cont\u00ednua m\u00e1xima de 20A. A corrente de carga cont\u00ednua m\u00e1xima \u00e9 de 5A e o modo de carga \u00e9 CC\/CV, com uma corrente de carga padr\u00e3o de 2A e um tempo de carga de 5 horas sob corrente de carga padr\u00e3o. O carregamento r\u00e1pido tamb\u00e9m est\u00e1 dispon\u00edvel com uma corrente de carga r\u00e1pida de 5A e um tempo de carga de 2 horas sob corrente de carga r\u00e1pida.<br \/>\nA bateria pode operar em uma ampla faixa de temperatura de -20 \u2013 60\u00b0C para carga e descarga. O tamanho da bateria \u00e9 de 225 x 130 x 85 mm, com peso l\u00edquido de 2kg e peso bruto de 2,5kg. O fabricante confirma que todas as c\u00e9lulas usadas na bateria s\u00e3o 100% novas.<\/p>","protected":false},"featured_media":602,"template":"","meta":{"_kad_post_transparent":"default","_kad_post_title":"","_kad_post_layout":"default","_kad_post_sidebar_id":"","_kad_post_content_style":"default","_kad_post_vertical_padding":"default","_kad_post_feature":"","_kad_post_feature_position":"","_kad_post_header":false,"_kad_post_footer":false},"product_cat":[19,21],"product_tag":[360,359,361,362,352,363],"class_list":["post-601","product","type-product","status-publish","has-post-thumbnail","hentry","product_cat-custom-ebike-battery","product_cat-down-tube-ebike-battery","product_tag-18650-battery-cells","product_tag-18650-battery-cells-battery-pack","product_tag-24v-10ah-silver-battery","product_tag-battery-rechargeable","product_tag-lithium-ion-battery-pack","product_tag-lithium-ion-e-bike-batteries-in-aluminum-cases","entry","content-bg","loop-entry"],"_links":{"self":[{"href":"https:\/\/bybatt.com\/pt\/wp-json\/wp\/v2\/product\/601","targetHints":{"allow":["GET"]}}],"collection":[{"href":"https:\/\/bybatt.com\/pt\/wp-json\/wp\/v2\/product"}],"about":[{"href":"https:\/\/bybatt.com\/pt\/wp-json\/wp\/v2\/types\/product"}],"wp:featuredmedia":[{"embeddable":true,"href":"https:\/\/bybatt.com\/pt\/wp-json\/wp\/v2\/media\/602"}],"wp:attachment":[{"href":"https:\/\/bybatt.com\/pt\/wp-json\/wp\/v2\/media?parent=601"}],"wp:term":[{"taxonomy":"product_cat","embeddable":true,"href":"https:\/\/bybatt.com\/pt\/wp-json\/wp\/v2\/product_cat?post=601"},{"taxonomy":"product_tag","embeddable":true,"href":"https:\/\/bybatt.com\/pt\/wp-json\/wp\/v2\/product_tag?post=601"}],"curies":[{"name":"wp","href":"https:\/\/api.w.org\/{rel}","templated":true}]}}