{"id":608,"date":"2023-02-20T04:38:46","date_gmt":"2023-02-20T04:38:46","guid":{"rendered":"https:\/\/bybatt.com\/?post_type=product&#038;p=608"},"modified":"2023-03-05T16:17:06","modified_gmt":"2023-03-05T16:17:06","slug":"24v-8ah-silverfish-ebike-battery-electric-bike-battery","status":"publish","type":"product","link":"https:\/\/bybatt.com\/pt\/produto\/24v-8ah-silverfish-ebike-battery-electric-bike-battery\/","title":{"rendered":"Bateria de bicicleta el\u00e9trica 24V 8Ah Silverfish Ebike"},"content":{"rendered":"","protected":false},"excerpt":{"rendered":"<p>A bateria de 24V 8Ah Silverfish Ebike \u00e9 uma bateria de bicicleta el\u00e9trica feita com novas c\u00e9lulas de bateria de \u00edons de l\u00edtio 100%. Possui tens\u00e3o nominal de 24V ou 36V e capacidade nominal de 8Ah, 10Ah, 15Ah ou 20Ah, dependendo da configura\u00e7\u00e3o escolhida. As configura\u00e7\u00f5es dispon\u00edveis s\u00e3o 7S4P, 7S6P ou 7S8P, e as c\u00e9lulas de bateria usadas s\u00e3o c\u00e9lulas de grau 18650 A.<br \/>\nA bateria vem com um BMS de 15A adequado para uso com motor de 250W e um carregador com sa\u00edda de 29,4V 2A. A tens\u00e3o de corte de descarga \u00e9 definida em 19,6 V, e a bateria tem um tamanho de 425*77*85mm e um peso de 2,5kg, 3kg ou 3,8kg, dependendo da configura\u00e7\u00e3o escolhida.<br \/>\nA bateria tem um ciclo de vida de pelo menos 800 vezes e pode operar em temperaturas que variam de -10 a 45 graus Celsius. \u00c9 adequado para uso como bateria de bicicleta el\u00e9trica, para uso em riquix\u00e1s, triciclos e motocicletas. A bateria tem prote\u00e7\u00e3o contra sobrecarga, prote\u00e7\u00e3o contra descarga excessiva, prote\u00e7\u00e3o contra sobrecorrente, prote\u00e7\u00e3o contra curto e prote\u00e7\u00e3o contra resist\u00eancia.<br \/>\nA tens\u00e3o de carga \u00e9 balanceada para carregamento de c\u00e9lula \u00fanica, e a corrente de carga cont\u00ednua m\u00e1xima e a corrente de descarga cont\u00ednua m\u00e1xima dependem da configura\u00e7\u00e3o escolhida. No geral, esta bateria \u00e9 uma op\u00e7\u00e3o de alta qualidade para quem procura alimentar suas bicicletas el\u00e9tricas e outros ve\u00edculos.<\/p>","protected":false},"featured_media":609,"template":"","meta":{"_kad_post_transparent":"default","_kad_post_title":"","_kad_post_layout":"default","_kad_post_sidebar_id":"","_kad_post_content_style":"default","_kad_post_vertical_padding":"default","_kad_post_feature":"","_kad_post_feature_position":"","_kad_post_header":false,"_kad_post_footer":false},"product_cat":[19,21],"product_tag":[365,52,41,366,364],"class_list":["post-608","product","type-product","status-publish","has-post-thumbnail","hentry","product_cat-custom-ebike-battery","product_cat-down-tube-ebike-battery","product_tag-24v-8ah-lithium-ion-batteries","product_tag-battery","product_tag-electric-bicycle-battery","product_tag-lithium-battery","product_tag-silverfish-ebike-battery","entry","content-bg","loop-entry"],"_links":{"self":[{"href":"https:\/\/bybatt.com\/pt\/wp-json\/wp\/v2\/product\/608","targetHints":{"allow":["GET"]}}],"collection":[{"href":"https:\/\/bybatt.com\/pt\/wp-json\/wp\/v2\/product"}],"about":[{"href":"https:\/\/bybatt.com\/pt\/wp-json\/wp\/v2\/types\/product"}],"wp:featuredmedia":[{"embeddable":true,"href":"https:\/\/bybatt.com\/pt\/wp-json\/wp\/v2\/media\/609"}],"wp:attachment":[{"href":"https:\/\/bybatt.com\/pt\/wp-json\/wp\/v2\/media?parent=608"}],"wp:term":[{"taxonomy":"product_cat","embeddable":true,"href":"https:\/\/bybatt.com\/pt\/wp-json\/wp\/v2\/product_cat?post=608"},{"taxonomy":"product_tag","embeddable":true,"href":"https:\/\/bybatt.com\/pt\/wp-json\/wp\/v2\/product_tag?post=608"}],"curies":[{"name":"wp","href":"https:\/\/api.w.org\/{rel}","templated":true}]}}