{"id":205,"date":"2023-02-15T13:30:02","date_gmt":"2023-02-15T13:30:02","guid":{"rendered":"https:\/\/bybatt.com\/?post_type=product&#038;p=205"},"modified":"2023-02-15T15:11:20","modified_gmt":"2023-02-15T15:11:20","slug":"rechargeable-36-volt-lithium-battery-for-electric-bike","status":"publish","type":"product","link":"https:\/\/bybatt.com\/tr\/urun\/rechargeable-36-volt-lithium-battery-for-electric-bike\/","title":{"rendered":"Elektrikli Bisiklet \u0130\u00e7in \u015earj Edilebilir 36 Volt Lityum Pil"},"content":{"rendered":"","protected":false},"excerpt":{"rendered":"<p>\u00c7e\u015fitli uygulamalar i\u00e7in m\u00fckemmel olan 36V \u015farj edilebilir lityum-iyon pilimizle tan\u0131\u015f\u0131n. 36V nominal voltaj\u0131 ve 42,5V \u015farj voltaj\u0131 ile bu pil, g\u00fcvenilir ve uzun \u00f6m\u00fcrl\u00fc g\u00fc\u00e7 sa\u011flar. 10,5 Ah ve 17,5 Ah olmak \u00fczere iki nominal kapasitede sunulan bu ak\u00fc, \u00e7e\u015fitli ihtiya\u00e7lar i\u00e7in uygundur.<br \/>\nBatarya standart 4A \u015farj ak\u0131m\u0131na ve 20A s\u00fcrekli de\u015farj ak\u0131m\u0131na ve 25A tepe de\u015farj ak\u0131m\u0131na sahiptir. De\u015farj kesme gerilimi 27,5V olup g\u00fcvenli ve g\u00fcvenilir bir de\u015farj sa\u011flar.<br \/>\nBataryam\u0131z, kullan\u0131lan t\u00fcm h\u00fccrelerin 100% yeni olmas\u0131n\u0131 sa\u011flayan ak\u0131ll\u0131 bir UART BMS \u00e7\u00f6z\u00fcm\u00fc kullan\u0131r. Ayr\u0131ca, tek h\u00fccreler i\u00e7in bir \u015farj voltaj\u0131 dengeleme voltaj\u0131n\u0131n yan\u0131 s\u0131ra a\u015f\u0131r\u0131 \u015farj, a\u015f\u0131r\u0131 de\u015farj, a\u015f\u0131r\u0131 ak\u0131m ve k\u0131sa devre korumas\u0131na sahiptir. Pil, 500&#039;den fazla kullan\u0131m \u00f6mr\u00fcne sahip olacak \u015fekilde tasarlanm\u0131\u015ft\u0131r ve siyah renkte mevcuttur.<br \/>\nBu pil hafiftir, yakla\u015f\u0131k 3 kg a\u011f\u0131rl\u0131\u011f\u0131ndad\u0131r ve \u00e7e\u015fitli uygulamalarda ta\u015f\u0131nmas\u0131n\u0131 ve kullan\u0131lmas\u0131n\u0131 kolayla\u015ft\u0131r\u0131r. \u015earj y\u00f6ntemi bir DC g\u00fc\u00e7 kayna\u011f\u0131\/\u015farj cihaz\u0131 arac\u0131l\u0131\u011f\u0131yla yap\u0131l\u0131r ve pilin \u015farj s\u0131cakl\u0131\u011f\u0131 aral\u0131\u011f\u0131 10\u00b0C ila 45\u00b0C ve de\u015farj s\u0131cakl\u0131\u011f\u0131 aral\u0131\u011f\u0131 -20\u00b0C ila 60\u00b0C&#039;dir.<br \/>\nT\u00fcm ihtiya\u00e7lar\u0131n\u0131z\u0131 kar\u015f\u0131layan g\u00fcvenilir, y\u00fcksek performansl\u0131 bir g\u00fc\u00e7 \u00e7\u00f6z\u00fcm\u00fc i\u00e7in 36V \u015farj edilebilir lityum iyon pilimizi se\u00e7in.<\/p>","protected":false},"featured_media":208,"template":"","meta":{"_kad_post_transparent":"default","_kad_post_title":"","_kad_post_layout":"default","_kad_post_sidebar_id":"","_kad_post_content_style":"default","_kad_post_vertical_padding":"default","_kad_post_feature":"","_kad_post_feature_position":"","_kad_post_header":false,"_kad_post_footer":false},"product_cat":[20,19],"product_tag":[38,43,44,41,40,42,39],"class_list":["post-205","product","type-product","status-publish","has-post-thumbnail","hentry","product_cat-smart-ebike-battery","product_cat-custom-ebike-battery","product_tag-36-volt-lithium-battery","product_tag-ebike-battery","product_tag-ebike-conversion-kit","product_tag-electric-bicycle-battery","product_tag-electric-bike-lithium-battery","product_tag-lithium-ion-battery","product_tag-rechargeable-lithium-battery","entry","content-bg","loop-entry"],"_links":{"self":[{"href":"https:\/\/bybatt.com\/tr\/wp-json\/wp\/v2\/product\/205","targetHints":{"allow":["GET"]}}],"collection":[{"href":"https:\/\/bybatt.com\/tr\/wp-json\/wp\/v2\/product"}],"about":[{"href":"https:\/\/bybatt.com\/tr\/wp-json\/wp\/v2\/types\/product"}],"wp:featuredmedia":[{"embeddable":true,"href":"https:\/\/bybatt.com\/tr\/wp-json\/wp\/v2\/media\/208"}],"wp:attachment":[{"href":"https:\/\/bybatt.com\/tr\/wp-json\/wp\/v2\/media?parent=205"}],"wp:term":[{"taxonomy":"product_cat","embeddable":true,"href":"https:\/\/bybatt.com\/tr\/wp-json\/wp\/v2\/product_cat?post=205"},{"taxonomy":"product_tag","embeddable":true,"href":"https:\/\/bybatt.com\/tr\/wp-json\/wp\/v2\/product_tag?post=205"}],"curies":[{"name":"wp","href":"https:\/\/api.w.org\/{rel}","templated":true}]}}