{"id":223,"date":"2023-02-16T03:51:27","date_gmt":"2023-02-16T03:51:27","guid":{"rendered":"https:\/\/bybatt.com\/?post_type=product&#038;p=223"},"modified":"2023-02-16T04:04:58","modified_gmt":"2023-02-16T04:04:58","slug":"original-xiaomi-no-9-36v-electric-scooter-lithium-battery","status":"publish","type":"product","link":"https:\/\/bybatt.com\/tr\/urun\/original-xiaomi-no-9-36v-electric-scooter-lithium-battery\/","title":{"rendered":"Orijinal Xiaomi No.9 36V Elektrikli Scooter Lityum Pil"},"content":{"rendered":"","protected":false},"excerpt":{"rendered":"<p>Karbon fiber elektrikli scooter&#039;\u0131n\u0131z i\u00e7in m\u00fckemmel bir arkada\u015f olan Xiaomi No. 9 Elektrikli Scooter Lityum Pil ile tan\u0131\u015f\u0131n. Bu pil tak\u0131m\u0131 24V, 36V ve 48V olarak 4-12Ah kapasiteli olarak mevcuttur. \u00dcr\u00fcn boyutu ihtiya\u00e7lar\u0131n\u0131za g\u00f6re \u00f6zelle\u015ftirilebilir.<br \/>\nXiaomi No. 9 Elektrikli Scooter Lityum Pili, g\u00fcvenilirli\u011fi ve y\u00fcksek performans\u0131yla bilinen yepyeni A s\u0131n\u0131f\u0131 otomotiv s\u0131n\u0131f\u0131 18650 g\u00fc\u00e7l\u00fc lityum pillerden yap\u0131lm\u0131\u015ft\u0131r. G\u00fcvenli ve emniyetli olmas\u0131n\u0131 sa\u011flamak i\u00e7in ithal IC koruma levhalar\u0131 ile monte edilmi\u015ftir. Bu \u00fcr\u00fcn, fabrikadan \u00e7\u0131kmadan \u00f6nce en y\u00fcksek kalite standartlar\u0131n\u0131 kar\u015f\u0131lad\u0131\u011f\u0131ndan emin olmak i\u00e7in eskime testlerine tabi tutulur.<br \/>\nBu pil paketi, yerli piller i\u00e7in 1 y\u0131l, ithal piller i\u00e7in 2 y\u0131l garanti ile birlikte gelir. Pil tak\u0131m\u0131na ek olarak bu \u00fcr\u00fcn, ba\u015flamak i\u00e7in ihtiyac\u0131n\u0131z olan her \u015feye sahip olman\u0131z\u0131 sa\u011flamak i\u00e7in belgeler gibi gerekli t\u00fcm aksesuarlar\u0131 da i\u00e7erir.<br \/>\n\u0130ster i\u015fe gidip geliyor, ister \u015fehri ke\u015ffediyor olun, Xiaomi No. 9 Elektrikli Scooter Lityum Pili, gitti\u011finiz yere varman\u0131z i\u00e7in gereken g\u00fcc\u00fc ve g\u00fcvenilirli\u011fi size sa\u011flayacakt\u0131r. \u015eimdi sipari\u015f verin ve bu orijinal \u00c7in mal\u0131 \u00fcr\u00fcn\u00fcn rahatl\u0131\u011f\u0131n\u0131 ya\u015fay\u0131n!<\/p>","protected":false},"featured_media":224,"template":"","meta":{"_kad_post_transparent":"default","_kad_post_title":"","_kad_post_layout":"default","_kad_post_sidebar_id":"","_kad_post_content_style":"default","_kad_post_vertical_padding":"default","_kad_post_feature":"","_kad_post_feature_position":"","_kad_post_header":false,"_kad_post_footer":false},"product_cat":[33],"product_tag":[48,52,51,47,46,50,49],"class_list":["post-223","product","type-product","status-publish","has-post-thumbnail","hentry","product_cat-custom-battery-pack","product_tag-36v-scooter-lithium-battery","product_tag-battery","product_tag-battery-electric-bike","product_tag-electric-scooter-lithium-battery","product_tag-original-xiaomi-lithium-battery","product_tag-xiaomi-ebike-battery","product_tag-xiaomi-no-9-lithium-battery","entry","content-bg","loop-entry"],"_links":{"self":[{"href":"https:\/\/bybatt.com\/tr\/wp-json\/wp\/v2\/product\/223","targetHints":{"allow":["GET"]}}],"collection":[{"href":"https:\/\/bybatt.com\/tr\/wp-json\/wp\/v2\/product"}],"about":[{"href":"https:\/\/bybatt.com\/tr\/wp-json\/wp\/v2\/types\/product"}],"wp:featuredmedia":[{"embeddable":true,"href":"https:\/\/bybatt.com\/tr\/wp-json\/wp\/v2\/media\/224"}],"wp:attachment":[{"href":"https:\/\/bybatt.com\/tr\/wp-json\/wp\/v2\/media?parent=223"}],"wp:term":[{"taxonomy":"product_cat","embeddable":true,"href":"https:\/\/bybatt.com\/tr\/wp-json\/wp\/v2\/product_cat?post=223"},{"taxonomy":"product_tag","embeddable":true,"href":"https:\/\/bybatt.com\/tr\/wp-json\/wp\/v2\/product_tag?post=223"}],"curies":[{"name":"wp","href":"https:\/\/api.w.org\/{rel}","templated":true}]}}