{"id":230,"date":"2023-02-16T04:08:07","date_gmt":"2023-02-16T04:08:07","guid":{"rendered":"https:\/\/bybatt.com\/?post_type=product&#038;p=230"},"modified":"2023-02-16T04:25:03","modified_gmt":"2023-02-16T04:25:03","slug":"8-5-inch-universal-original-battery-pack-for-xiaomi-scooter","status":"publish","type":"product","link":"https:\/\/bybatt.com\/tr\/urun\/8-5-inch-universal-original-battery-pack-for-xiaomi-scooter\/","title":{"rendered":"Xiaomi Scooter i\u00e7in 8.5 \u0130n\u00e7 Evrensel Orijinal Pil Paketi"},"content":{"rendered":"","protected":false},"excerpt":{"rendered":"<p>Xiaomi M365 scooter i\u00e7in 8,5 in\u00e7 evrensel orijinal pil tak\u0131m\u0131m\u0131zla tan\u0131\u015f\u0131n! 36V nominal gerilime ve 7,5-10,4A kapasiteye sahip bu pil tak\u0131m\u0131, y\u00fcksek kaliteli LG ev tipi pil markas\u0131na sahiptir ve 30-40 knot 10s3P do\u011fa h\u0131zlar\u0131 i\u00e7in tasarlanm\u0131\u015ft\u0131r. 15-20A \u00e7\u0131k\u0131\u015f ak\u0131m\u0131 ve 250-350 watt g\u00fc\u00e7 ile tek bir \u015farjla 25-50 kilometre s\u00fcr\u00fc\u015f mesafesi bekleyebilirsiniz.<br \/>\nBu pil tak\u0131m\u0131, 71 watt&#039;l\u0131k bir \u015farj cihaz\u0131 nominal g\u00fcc\u00fc ve 100-240V~, 50\/60Hz&#039;lik bir \u015farj cihaz\u0131 nominal giri\u015f voltaj\u0131 ile birlikte gelir. Ak\u00fc \u015farj limit voltaj\u0131 42V ve \u015farj s\u00fcresi yakla\u015f\u0131k 4 saattir.<br \/>\nAk\u0131ll\u0131 bir BMS ile donat\u0131lan bu pil tak\u0131m\u0131, scooter&#039;\u0131n\u0131z\u0131 kullan\u0131rken g\u00fcvenli\u011finizi sa\u011flayarak s\u0131cakl\u0131k anormalli\u011fi\/k\u0131sa devre\/d\u00fc\u015f\u00fck voltaj otomatik uyku\/a\u015f\u0131r\u0131 ak\u0131m\/\u00e7ift a\u015f\u0131r\u0131 \u015farj\/\u00e7ift a\u015f\u0131r\u0131 de\u015farj korumas\u0131 sunar.<br \/>\n28,7*4*7cm uzunlu\u011funda ve 1,8kg a\u011f\u0131rl\u0131\u011f\u0131nda olan bu pil paketi, 65*10*10 cm boyutlar\u0131nda ve 2 kg a\u011f\u0131rl\u0131\u011f\u0131nda tek bir kartonda paketlenmi\u015ftir. Sadece Xiaomi orijinal araba (ileti\u015fimli) ile uyumludur ve piyasadaki orijinal Mi Pro, Pro2, 1S, M365 modellerinde yayg\u0131n olarak kullan\u0131lmaktad\u0131r. Xiaomi M365 scooter&#039;\u0131n\u0131z\u0131 bug\u00fcn y\u00fcksek kaliteli pil tak\u0131m\u0131m\u0131zla y\u00fckseltin!<\/p>","protected":false},"featured_media":231,"template":"","meta":{"_kad_post_transparent":"default","_kad_post_title":"","_kad_post_layout":"default","_kad_post_sidebar_id":"","_kad_post_content_style":"default","_kad_post_vertical_padding":"default","_kad_post_feature":"","_kad_post_feature_position":"","_kad_post_header":false,"_kad_post_footer":false},"product_cat":[33],"product_tag":[55,54,53,56,59,57,58],"class_list":["post-230","product","type-product","status-publish","has-post-thumbnail","hentry","product_cat-custom-battery-pack","product_tag-8-5-inch-universal-battery-pack","product_tag-original-xiaomi-scooter-battery-pack","product_tag-universal-original-battery-pack","product_tag-xiaomi-m365-scooter-battery-pack","product_tag-xiaomi-mi-1s-scooter-battery-pack","product_tag-xiaomi-mi-pro-scooter-battery-pack","product_tag-xiaomi-mi-pro2-scooter-battery-pack","entry","content-bg","loop-entry"],"_links":{"self":[{"href":"https:\/\/bybatt.com\/tr\/wp-json\/wp\/v2\/product\/230","targetHints":{"allow":["GET"]}}],"collection":[{"href":"https:\/\/bybatt.com\/tr\/wp-json\/wp\/v2\/product"}],"about":[{"href":"https:\/\/bybatt.com\/tr\/wp-json\/wp\/v2\/types\/product"}],"wp:featuredmedia":[{"embeddable":true,"href":"https:\/\/bybatt.com\/tr\/wp-json\/wp\/v2\/media\/231"}],"wp:attachment":[{"href":"https:\/\/bybatt.com\/tr\/wp-json\/wp\/v2\/media?parent=230"}],"wp:term":[{"taxonomy":"product_cat","embeddable":true,"href":"https:\/\/bybatt.com\/tr\/wp-json\/wp\/v2\/product_cat?post=230"},{"taxonomy":"product_tag","embeddable":true,"href":"https:\/\/bybatt.com\/tr\/wp-json\/wp\/v2\/product_tag?post=230"}],"curies":[{"name":"wp","href":"https:\/\/api.w.org\/{rel}","templated":true}]}}