{"id":240,"date":"2023-02-16T04:43:33","date_gmt":"2023-02-16T04:43:33","guid":{"rendered":"https:\/\/bybatt.com\/?post_type=product&#038;p=240"},"modified":"2023-03-05T16:17:25","modified_gmt":"2023-03-05T16:17:25","slug":"byd-lifepo4-lead-acid-replacement-battery-for-solar-system","status":"publish","type":"product","link":"https:\/\/bybatt.com\/tr\/urun\/byd-lifepo4-lead-acid-replacement-battery-for-solar-system\/","title":{"rendered":"G\u00fcne\u015f Sistemi i\u00e7in BYD LiFePO4 Kur\u015fun Asit Yedek Ak\u00fc"},"content":{"rendered":"","protected":false},"excerpt":{"rendered":"<p>G\u00fcne\u015f enerjisi sistemleri i\u00e7in m\u00fckemmel olan ve kur\u015fun asitli ak\u00fclerin yerine ge\u00e7en kur\u015fun asitli yedek pilimizle tan\u0131\u015f\u0131n. Pillerimiz, maksimum performans ve g\u00fcvenilirlik sa\u011flayan 100% yeni h\u00fccrelerle yap\u0131lm\u0131\u015ft\u0131r. 12,8 V nominal voltaj ve 60 Ah, 100 Ah, 150 Ah, 200 Ah ve 250 Ah dahil olmak \u00fczere se\u00e7im yapabilece\u011finiz bir dizi kapasite ile \u00f6zel ihtiya\u00e7lar\u0131n\u0131za en uygun olan\u0131 bulabilirsiniz.<br \/>\n12V lityum pillerimiz, enerji ihtiya\u00e7lar\u0131n\u0131z i\u00e7in g\u00fcvenilir bir g\u00fc\u00e7 kayna\u011f\u0131 sa\u011flayan g\u00fcne\u015f enerjisi sistemleri i\u00e7in idealdir. 200Ah\/2560Wh nominal kapasite ile sizi yar\u0131 yolda b\u0131rakmayacak uzun s\u00fcreli g\u00fcc\u00fcn keyfini \u00e7\u0131karabilirsiniz.<br \/>\nPillerimizin kurulumu kolayd\u0131r ve 25,6 V&#039;luk bir voltaj elde etmek i\u00e7in paralel veya seri olarak ba\u011flanabilir. Ayr\u0131ca, her pile entegre edilmi\u015f geli\u015fmi\u015f Pil Y\u00f6netim Sistemimiz (BMS) ile pilinizin her zaman optimum ve g\u00fcvenli performans g\u00f6sterdi\u011finden emin olabilirsiniz.<br \/>\nPillerimiz ayr\u0131ca dayan\u0131kl\u0131 ABS+PC malzemeden yap\u0131lm\u0131\u015ft\u0131r ve d\u0131\u015f etkenlere ve her t\u00fcrl\u00fc a\u015f\u0131nma ve y\u0131pranmaya kar\u015f\u0131 uzun s\u00fcreli koruma sa\u011flar. G\u00fcne\u015f sisteminiz veya di\u011fer enerji ihtiya\u00e7lar\u0131n\u0131z i\u00e7in g\u00fcvenilir ve verimli bir pil ar\u0131yorsan\u0131z, 12V lityum pilimiz m\u00fckemmel bir se\u00e7imdir.<\/p>","protected":false},"featured_media":241,"template":"","meta":{"_kad_post_transparent":"default","_kad_post_title":"","_kad_post_layout":"default","_kad_post_sidebar_id":"","_kad_post_content_style":"default","_kad_post_vertical_padding":"default","_kad_post_feature":"","_kad_post_feature_position":"","_kad_post_header":false,"_kad_post_footer":false},"product_cat":[32],"product_tag":[64,61,60,62,63],"class_list":["post-240","product","type-product","status-publish","has-post-thumbnail","hentry","product_cat-lead-acid-replacement-battery","product_tag-byd-battery","product_tag-byd-lifepo4-battery","product_tag-lead-acid-replacement-battery","product_tag-lifepo4-solar-lithium-battery","product_tag-solar-lithium-battery","entry","content-bg","loop-entry"],"_links":{"self":[{"href":"https:\/\/bybatt.com\/tr\/wp-json\/wp\/v2\/product\/240","targetHints":{"allow":["GET"]}}],"collection":[{"href":"https:\/\/bybatt.com\/tr\/wp-json\/wp\/v2\/product"}],"about":[{"href":"https:\/\/bybatt.com\/tr\/wp-json\/wp\/v2\/types\/product"}],"wp:featuredmedia":[{"embeddable":true,"href":"https:\/\/bybatt.com\/tr\/wp-json\/wp\/v2\/media\/241"}],"wp:attachment":[{"href":"https:\/\/bybatt.com\/tr\/wp-json\/wp\/v2\/media?parent=240"}],"wp:term":[{"taxonomy":"product_cat","embeddable":true,"href":"https:\/\/bybatt.com\/tr\/wp-json\/wp\/v2\/product_cat?post=240"},{"taxonomy":"product_tag","embeddable":true,"href":"https:\/\/bybatt.com\/tr\/wp-json\/wp\/v2\/product_tag?post=240"}],"curies":[{"name":"wp","href":"https:\/\/api.w.org\/{rel}","templated":true}]}}