{"id":248,"date":"2023-02-16T08:09:47","date_gmt":"2023-02-16T08:09:47","guid":{"rendered":"https:\/\/bybatt.com\/?post_type=product&#038;p=248"},"modified":"2023-02-16T08:32:07","modified_gmt":"2023-02-16T08:32:07","slug":"12v-lifepo4-lithium-iron-phosphate-battery-with-bluetooth","status":"publish","type":"product","link":"https:\/\/bybatt.com\/tr\/urun\/12v-lifepo4-lithium-iron-phosphate-battery-with-bluetooth\/","title":{"rendered":"Bluetooth \u00d6zellikli 12V LiFePO4 Lityum Demir Fosfat Pil"},"content":{"rendered":"","protected":false},"excerpt":{"rendered":"<p>E\u015fsiz bir performans sunmay\u0131 vaat eden yeni ve geli\u015ftirilmi\u015f pil sistemimizle tan\u0131\u015f\u0131n! Ak\u00fc sistemimiz, 100% yeni h\u00fccreler kullan\u0131larak olu\u015fturulmu\u015ftur, bu da onu t\u00fcm g\u00fc\u00e7 ihtiya\u00e7lar\u0131n\u0131z i\u00e7in g\u00fcvenilir ve uzun \u00f6m\u00fcrl\u00fc bir se\u00e7enek haline getirir. 12V nominal gerilim ve 200Ah\/2560Wh nominal kapasite ile ak\u00fc sistemimiz \u00e7ok \u00e7e\u015fitli uygulamalar i\u00e7in uygundur. 25.6V i\u00e7in paralel veya seri olarak kurulabilir ve ihtiya\u00e7lar\u0131n\u0131z i\u00e7in daha fazla esneklik sa\u011flar.<br \/>\nAk\u00fc sistemimiz ayr\u0131ca g\u00fcvenilir performans sa\u011flamak i\u00e7in entegre edilmi\u015f son teknoloji bir ak\u00fc y\u00f6netim sistemine (BMS) sahiptir. BMS, t\u00fcm h\u00fccrelerde dengeli bir voltaj sa\u011flarken k\u0131sa devre, a\u015f\u0131r\u0131 \u015farj ve a\u015f\u0131r\u0131 s\u0131cakl\u0131k korumas\u0131 sa\u011flar. Ak\u00fc sistemimizin en \u00f6nemli \u00f6zelliklerinden biri kolay y\u00fckseltme se\u00e7ene\u011fidir. Standart BCI grup boyutuyla, ancak daha y\u00fcksek enerji yo\u011funlu\u011fu, daha derin de\u015farj kapasitesi, daha y\u00fcksek gidi\u015f-d\u00f6n\u00fc\u015f verimlili\u011fi ve daha h\u0131zl\u0131 \u015farj etme h\u0131z\u0131yla lityuma sorunsuz bir \u015fekilde y\u00fckseltebilirsiniz. Ak\u00fc sistemimiz de kolay bak\u0131m i\u00e7in tasarlanm\u0131\u015ft\u0131r. Otomatik dengeleme i\u015flevi, birden \u00e7ok pili paralel olarak ba\u011flaman\u0131za olanak tan\u0131yarak uzun vadede pilleriniz i\u00e7in ortalama \u015farj verimlili\u011fini art\u0131r\u0131r. Ayr\u0131ca yerle\u015fik Bluetooth mod\u00fcl\u00fcyle mobil cihazlarda pil \u00e7al\u0131\u015fma durumunu ger\u00e7ek zamanl\u0131 olarak izleyerek g\u00fc\u00e7 kullan\u0131m\u0131n\u0131z hakk\u0131nda size daha fazla kontrol ve fikir verebilir.<\/p>","protected":false},"featured_media":249,"template":"","meta":{"_kad_post_transparent":"default","_kad_post_title":"","_kad_post_layout":"default","_kad_post_sidebar_id":"","_kad_post_content_style":"default","_kad_post_vertical_padding":"default","_kad_post_feature":"","_kad_post_feature_position":"","_kad_post_header":false,"_kad_post_footer":false},"product_cat":[32],"product_tag":[69,60,66,68,67,65,70],"class_list":["post-248","product","type-product","status-publish","has-post-thumbnail","hentry","product_cat-lead-acid-replacement-battery","product_tag-12v-200ah-100ah-lithium-ion-battery","product_tag-lead-acid-replacement-battery","product_tag-lifepo4-battery","product_tag-lifepo4-lithium-battery","product_tag-lithium-iron-battery","product_tag-lithium-iron-phosphate-battery","product_tag-solar-energy-storage-system-kit","entry","content-bg","loop-entry"],"_links":{"self":[{"href":"https:\/\/bybatt.com\/tr\/wp-json\/wp\/v2\/product\/248","targetHints":{"allow":["GET"]}}],"collection":[{"href":"https:\/\/bybatt.com\/tr\/wp-json\/wp\/v2\/product"}],"about":[{"href":"https:\/\/bybatt.com\/tr\/wp-json\/wp\/v2\/types\/product"}],"wp:featuredmedia":[{"embeddable":true,"href":"https:\/\/bybatt.com\/tr\/wp-json\/wp\/v2\/media\/249"}],"wp:attachment":[{"href":"https:\/\/bybatt.com\/tr\/wp-json\/wp\/v2\/media?parent=248"}],"wp:term":[{"taxonomy":"product_cat","embeddable":true,"href":"https:\/\/bybatt.com\/tr\/wp-json\/wp\/v2\/product_cat?post=248"},{"taxonomy":"product_tag","embeddable":true,"href":"https:\/\/bybatt.com\/tr\/wp-json\/wp\/v2\/product_tag?post=248"}],"curies":[{"name":"wp","href":"https:\/\/api.w.org\/{rel}","templated":true}]}}