{"id":256,"date":"2023-02-17T07:35:14","date_gmt":"2023-02-17T07:35:14","guid":{"rendered":"https:\/\/bybatt.com\/?post_type=product&#038;p=256"},"modified":"2023-02-17T08:02:08","modified_gmt":"2023-02-17T08:02:08","slug":"12-8v-200ah-camper-boat-marine-lifepo4-deep-cycle-battery","status":"publish","type":"product","link":"https:\/\/bybatt.com\/tr\/urun\/12-8v-200ah-camper-boat-marine-lifepo4-deep-cycle-battery\/","title":{"rendered":"12.8V 200Ah Karavan Teknesi Deniz LiFePO4 Derin D\u00f6ng\u00fc Ak\u00fcs\u00fc"},"content":{"rendered":"","protected":false},"excerpt":{"rendered":"<p>T\u00fcm denizcilik ve karavan ihtiya\u00e7lar\u0131n\u0131z i\u00e7in g\u00fcvenilir ve uzun \u00f6m\u00fcrl\u00fc g\u00fc\u00e7 sa\u011flamak \u00fczere tasarlanm\u0131\u015f 12,8 V 200Ah Karavan Teknesi Denizcilik LiFePO4 Derin D\u00f6ng\u00fc Ak\u00fcm\u00fcz\u00fc tan\u0131t\u0131yoruz. Bataryam\u0131z, en y\u00fcksek kalite ve g\u00fcvenilirli\u011fi sa\u011flayan 100% yeni h\u00fccrelerden yap\u0131lm\u0131\u015ft\u0131r.<br \/>\n51,2V-16S2P Batarya nominal voltaj\u0131 ve 80Ah nominal kapasitesi ile bu batarya, 520*310*170 mm \u00f6l\u00e7\u00fclerinde kompakt bir boyutta bir yumruk sunar. LiFePO4 teknolojisi, d\u00f6ng\u00fc \u00e7izelgemizde belirtildi\u011fi gibi 80% de\u015farj derinli\u011finde (DOD) 6000&#039;e kadar d\u00f6ng\u00fc ve daha fazlas\u0131n\u0131 sunarak ola\u011fan\u00fcst\u00fc performans sa\u011flar.<br \/>\nPilimiz ayr\u0131ca h\u00fccreleri korumak i\u00e7in sa\u011flam bir metal veya paslanmaz \u00e7elik kasa ile uzun s\u00fcre dayanacak \u015fekilde \u00fcretilmi\u015ftir. Yakla\u015f\u0131k 42 kg, hafif ve ta\u015f\u0131mas\u0131 kolay, bu da onu hareket halindeyken t\u00fcm g\u00fc\u00e7 ihtiya\u00e7lar\u0131n\u0131z i\u00e7in m\u00fckemmel bir \u00e7\u00f6z\u00fcm haline getiriyor.<br \/>\nBataryam\u0131zda kullan\u0131lan h\u00fccreler, optimum performans ve uzun \u00f6m\u00fcr sa\u011flayan en y\u00fcksek kalitede, Grade A+, LiFePO4 h\u00fccrelerdir. Sizi daha ileriye g\u00f6t\u00fcrecek g\u00fcvenilir, y\u00fcksek performansl\u0131 bir g\u00fc\u00e7 kayna\u011f\u0131 i\u00e7in 12,8 V 200 Ah Karavan Teknesi Denizcilik LiFePO4 Derin \u00c7evrim Ak\u00fcm\u00fcze yat\u0131r\u0131m yap\u0131n.<\/p>","protected":false},"featured_media":257,"template":"","meta":{"_kad_post_transparent":"default","_kad_post_title":"","_kad_post_layout":"default","_kad_post_sidebar_id":"","_kad_post_content_style":"default","_kad_post_vertical_padding":"default","_kad_post_feature":"","_kad_post_feature_position":"","_kad_post_header":false,"_kad_post_footer":false},"product_cat":[25,29],"product_tag":[72,71,74,76,75,73],"class_list":["post-256","product","type-product","status-publish","has-post-thumbnail","hentry","product_cat-home-storage-battery","product_cat-lifepo4-battery-pack","product_tag-36v-100ah-for-agv-car-golf-cart","product_tag-36v-lithium-golf-cart-battery","product_tag-deep-cycle-rv-batteries","product_tag-lifepo4-deep-cycle-battery","product_tag-marine-deep-cycle-batteries","product_tag-rechargeable-lfp-battery","entry","content-bg","loop-entry"],"_links":{"self":[{"href":"https:\/\/bybatt.com\/tr\/wp-json\/wp\/v2\/product\/256","targetHints":{"allow":["GET"]}}],"collection":[{"href":"https:\/\/bybatt.com\/tr\/wp-json\/wp\/v2\/product"}],"about":[{"href":"https:\/\/bybatt.com\/tr\/wp-json\/wp\/v2\/types\/product"}],"wp:featuredmedia":[{"embeddable":true,"href":"https:\/\/bybatt.com\/tr\/wp-json\/wp\/v2\/media\/257"}],"wp:attachment":[{"href":"https:\/\/bybatt.com\/tr\/wp-json\/wp\/v2\/media?parent=256"}],"wp:term":[{"taxonomy":"product_cat","embeddable":true,"href":"https:\/\/bybatt.com\/tr\/wp-json\/wp\/v2\/product_cat?post=256"},{"taxonomy":"product_tag","embeddable":true,"href":"https:\/\/bybatt.com\/tr\/wp-json\/wp\/v2\/product_tag?post=256"}],"curies":[{"name":"wp","href":"https:\/\/api.w.org\/{rel}","templated":true}]}}