{"id":261,"date":"2023-02-17T07:48:53","date_gmt":"2023-02-17T07:48:53","guid":{"rendered":"https:\/\/bybatt.com\/?post_type=product&#038;p=261"},"modified":"2023-02-17T08:00:46","modified_gmt":"2023-02-17T08:00:46","slug":"48v-lifepo4-deep-cycle-golf-cart-lithium-batteries-kits","status":"publish","type":"product","link":"https:\/\/bybatt.com\/tr\/urun\/48v-lifepo4-deep-cycle-golf-cart-lithium-batteries-kits\/","title":{"rendered":"48V LiFePo4 Derin \u00c7evrim Golf Arabas\u0131 Lityum Pil Kitleri"},"content":{"rendered":"","protected":false},"excerpt":{"rendered":"<p>EZGO ve CLUB CAR golf arabalar\u0131nda kullan\u0131lmak \u00fczere \u00f6zel olarak tasarlanm\u0131\u015f y\u00fcksek kaliteli 48V LiFEPO4 pilimizle tan\u0131\u015f\u0131n. 100% yeni h\u00fccrelerle \u00fcretilen bu lityum iyon pil, \u00fcst\u00fcn performans ve uzun s\u00fcreli dayan\u0131kl\u0131l\u0131k sa\u011flar.<br \/>\n51,2 V nominal voltaj ve 80 Ah veya 100 Ah nominal kapasite ile bu ak\u00fc, golf araban\u0131z\u0131n taleplerini kolayl\u0131kla kar\u015f\u0131lamak i\u00e7in \u00fcretilmi\u015ftir. 520 mm uzunlu\u011funda, 310 mm geni\u015fli\u011finde ve 170 mm y\u00fcksekli\u011finde olan bu pil, \u00e7ok fazla yer kaplamadan golf araban\u0131za s\u0131\u011facak kadar kompaktt\u0131r.<br \/>\nBataryam\u0131z, 80% De\u015farj Derinli\u011fi&#039;nde (DoD) 6000 d\u00f6ng\u00fcye kadar dayanacak \u015fekilde tasarlanm\u0131\u015ft\u0131r, bu da onu golf araban\u0131z i\u00e7in g\u00fcvenilir ve uzun \u00f6m\u00fcrl\u00fc bir g\u00fc\u00e7 kayna\u011f\u0131 yapar. Yakla\u015f\u0131k 42 kg a\u011f\u0131rl\u0131\u011f\u0131ndaki bu pil, ye\u015fillikler \u00fczerinde tam bir g\u00fcn i\u00e7in gereken g\u00fcc\u00fc ve kapasiteyi sa\u011flarken kolayl\u0131kla ta\u015f\u0131nabilecek kadar hafiftir.<br \/>\nSa\u011flam bir metal veya paslanmaz \u00e7elik kasas\u0131yla, pilimizin d\u0131\u015f mekan kullan\u0131m\u0131n\u0131n taleplerine dayanacak ve \u00e7e\u015fitli hava ko\u015fullar\u0131nda g\u00fcvenilir performans sa\u011flayacak \u015fekilde \u00fcretildi\u011finden emin olabilirsiniz. Bu pilde kullan\u0131lan h\u00fccrelerin t\u00fcm\u00fc, \u00fcst\u00fcn performans ve uzun \u00f6m\u00fcrl\u00fc dayan\u0131kl\u0131l\u0131k sa\u011flayan y\u00fcksek kaliteli A+ s\u0131n\u0131f\u0131 LiFePO4 h\u00fccrelerdir.<br \/>\nGolf araban\u0131z\u0131 bug\u00fcn y\u00fcksek kaliteli 48V LiFEPO4 pilimizle y\u00fckseltin ve sahada g\u00fcvenilir g\u00fcc\u00fcn ve uzun s\u00fcreli performans\u0131n keyfini \u00e7\u0131kar\u0131n.<\/p>","protected":false},"featured_media":262,"template":"","meta":{"_kad_post_transparent":"default","_kad_post_title":"","_kad_post_layout":"default","_kad_post_sidebar_id":"","_kad_post_content_style":"default","_kad_post_vertical_padding":"default","_kad_post_feature":"","_kad_post_feature_position":"","_kad_post_header":false,"_kad_post_footer":false},"product_cat":[29,25],"product_tag":[84,81,83,52,77,79,78,80,82],"class_list":["post-261","product","type-product","status-publish","has-post-thumbnail","hentry","product_cat-lifepo4-battery-pack","product_cat-home-storage-battery","product_tag-48v-80ah-golf-cart-battery","product_tag-48v-lifepo4-batteries","product_tag-48v-lithium-golf-cart-battery","product_tag-battery","product_tag-golf-cart-lithium-batteries","product_tag-lithium-batteries-for-golf-carts","product_tag-lithium-golf-cart-batteries-kits","product_tag-lithium-ion-golf-cart-batteries","product_tag-powerful-48-volt-lifepo4-batteries","entry","content-bg","loop-entry"],"_links":{"self":[{"href":"https:\/\/bybatt.com\/tr\/wp-json\/wp\/v2\/product\/261","targetHints":{"allow":["GET"]}}],"collection":[{"href":"https:\/\/bybatt.com\/tr\/wp-json\/wp\/v2\/product"}],"about":[{"href":"https:\/\/bybatt.com\/tr\/wp-json\/wp\/v2\/types\/product"}],"wp:featuredmedia":[{"embeddable":true,"href":"https:\/\/bybatt.com\/tr\/wp-json\/wp\/v2\/media\/262"}],"wp:attachment":[{"href":"https:\/\/bybatt.com\/tr\/wp-json\/wp\/v2\/media?parent=261"}],"wp:term":[{"taxonomy":"product_cat","embeddable":true,"href":"https:\/\/bybatt.com\/tr\/wp-json\/wp\/v2\/product_cat?post=261"},{"taxonomy":"product_tag","embeddable":true,"href":"https:\/\/bybatt.com\/tr\/wp-json\/wp\/v2\/product_tag?post=261"}],"curies":[{"name":"wp","href":"https:\/\/api.w.org\/{rel}","templated":true}]}}