{"id":268,"date":"2023-02-17T08:08:39","date_gmt":"2023-02-17T08:08:39","guid":{"rendered":"https:\/\/bybatt.com\/?post_type=product&#038;p=268"},"modified":"2023-02-17T08:15:14","modified_gmt":"2023-02-17T08:15:14","slug":"12v-24v-36v-rechargeable-lifepo4-lithium-solar-battery-pack","status":"publish","type":"product","link":"https:\/\/bybatt.com\/tr\/urun\/12v-24v-36v-rechargeable-lifepo4-lithium-solar-battery-pack\/","title":{"rendered":"12V 24V 36V \u015earj Edilebilir LiFePO4 Lityum G\u00fcne\u015f Pil Paketi"},"content":{"rendered":"","protected":false},"excerpt":{"rendered":"<p>Enerji depolama ihtiya\u00e7lar\u0131n\u0131z i\u00e7in m\u00fckemmel \u00e7\u00f6z\u00fcm olan 12V 24V 36V \u015earj Edilebilir LiFePO4 Lityum Solar Pil Paketi ile tan\u0131\u015f\u0131n. Patentli Lityum Demir Fosfat (LiFePO\u2084) kimyas\u0131 kullan\u0131larak \u00fcretilen bu pil \u00e7ok y\u00f6nl\u00fcd\u00fcr ve \u00e7ok \u00e7e\u015fitli uygulamalar i\u00e7in kullan\u0131labilir.<br \/>\nLFP-3650, a\u015f\u0131r\u0131 \u0131s\u0131nmay\u0131, a\u015f\u0131r\u0131 \u015farj\u0131 \u00f6nlerken ve h\u00fccre d\u00f6ng\u00fcs\u00fc \u00f6mr\u00fcn\u00fc en \u00fcst d\u00fczeye \u00e7\u0131kar\u0131rken optimum performans sa\u011flayan yerle\u015fik bir pil y\u00f6netim sistemine (BMS) sahiptir. Dahili BMS (elektronik \u00e7ip) ile pil ger\u00e7ek zamanl\u0131 olarak izlenir ve herhangi bir voltaj veya kapasite anormalli\u011fi tespit edilirse kullan\u0131c\u0131y\u0131 uyar\u0131r.<br \/>\nKur\u015fun Asit ak\u00fcn\u00fcn a\u011f\u0131rl\u0131\u011f\u0131n\u0131n sadece yar\u0131s\u0131 ile \u00fc\u00e7te biri aras\u0131nda olan LiFePO4 ak\u00fc, Denizcilik, RV, Golf Arabalar\u0131, Motosikletler ve Off-Grid uygulamalar\u0131 i\u00e7in ideal se\u00e7imdir. Lifepo4 lityum pillerimiz ayr\u0131ca korozif veya zararl\u0131 a\u011f\u0131r metaller i\u00e7ermedi\u011finden SLA pillere g\u00f6re daha \u00e7evre dostudur.<br \/>\nLifepo4 piller, d\u00fc\u015f\u00fck de\u015farj oran\u0131na ve uzun hizmet \u00f6mr\u00fcne sahiptir ve ortalama \u00f6m\u00fcr beklentisi yakla\u015f\u0131k 5 ila 10 y\u0131ld\u0131r. \u00d6nerilen ko\u015fullarda 6.000 d\u00f6ng\u00fc i\u00e7in 85% kapasiteye kadar i\u015fleyebilirler - 8.000 kez (40% dod).<br \/>\n36V 50Ah lityum pil, birinci s\u0131n\u0131f A S\u0131n\u0131f\u0131 3.2V LifePo4 pil h\u00fccreleri, y\u00fcksek kaliteli BMS, metal\/SS kasa ve kolay izleme i\u00e7in bir LCD ekran (ekran) kullan\u0131larak \u00fcretilmi\u015ftir. Uzun \u00f6m\u00fcrl\u00fc, g\u00fcvenilir performans sa\u011flamak i\u00e7in tasarlanm\u0131\u015ft\u0131r ve bu da onu en \u00e7ok satan \u00fcr\u00fcn haline getirir.<br \/>\nLityum Pil G\u00fcc\u00fc 36V 50Ah Lityum \u0130yon Pil ile enerji depolaman\u0131z\u0131 y\u00fckseltin ve hafif, \u00e7evre dostu ve uzun \u00f6m\u00fcrl\u00fc bir g\u00fc\u00e7 kayna\u011f\u0131n\u0131n avantajlar\u0131ndan yararlan\u0131n.<\/p>","protected":false},"featured_media":269,"template":"","meta":{"_kad_post_transparent":"default","_kad_post_title":"","_kad_post_layout":"default","_kad_post_sidebar_id":"","_kad_post_content_style":"default","_kad_post_vertical_padding":"default","_kad_post_feature":"","_kad_post_feature_position":"","_kad_post_header":false,"_kad_post_footer":false},"product_cat":[25,30],"product_tag":[86,66,88,92,87,91,89,90,85],"class_list":["post-268","product","type-product","status-publish","has-post-thumbnail","hentry","product_cat-home-storage-battery","product_cat-solar-battery","product_tag-grade-a-36v-lithium-battery","product_tag-lifepo4-battery","product_tag-lifepo4-battery-for-electric-vehicle","product_tag-lifepo4-battery-packs","product_tag-lifepo4-lfp4-battery-50ah","product_tag-lifepo4-lithium-battery-for-solar","product_tag-lithium-battery-solar","product_tag-lithium-solar-batteries","product_tag-lithium-solar-battery","entry","content-bg","loop-entry"],"_links":{"self":[{"href":"https:\/\/bybatt.com\/tr\/wp-json\/wp\/v2\/product\/268","targetHints":{"allow":["GET"]}}],"collection":[{"href":"https:\/\/bybatt.com\/tr\/wp-json\/wp\/v2\/product"}],"about":[{"href":"https:\/\/bybatt.com\/tr\/wp-json\/wp\/v2\/types\/product"}],"wp:featuredmedia":[{"embeddable":true,"href":"https:\/\/bybatt.com\/tr\/wp-json\/wp\/v2\/media\/269"}],"wp:attachment":[{"href":"https:\/\/bybatt.com\/tr\/wp-json\/wp\/v2\/media?parent=268"}],"wp:term":[{"taxonomy":"product_cat","embeddable":true,"href":"https:\/\/bybatt.com\/tr\/wp-json\/wp\/v2\/product_cat?post=268"},{"taxonomy":"product_tag","embeddable":true,"href":"https:\/\/bybatt.com\/tr\/wp-json\/wp\/v2\/product_tag?post=268"}],"curies":[{"name":"wp","href":"https:\/\/api.w.org\/{rel}","templated":true}]}}