{"id":271,"date":"2023-02-17T13:19:40","date_gmt":"2023-02-17T13:19:40","guid":{"rendered":"https:\/\/bybatt.com\/?post_type=product&#038;p=271"},"modified":"2023-02-17T13:39:53","modified_gmt":"2023-02-17T13:39:53","slug":"high-voltage-home-storage-system-stackable-lifepo4-battery","status":"publish","type":"product","link":"https:\/\/bybatt.com\/tr\/urun\/high-voltage-home-storage-system-stackable-lifepo4-battery\/","title":{"rendered":"Y\u00fcksek Gerilim Ev Depolama Sistemi \u0130stiflenebilir LiFePo4 Pil"},"content":{"rendered":"","protected":false},"excerpt":{"rendered":"<p>Y\u00fcksek Voltajl\u0131 Ev Depolama Sistemi Y\u0131\u011f\u0131nlanabilir LiFePo4 Pili ile tan\u0131\u015f\u0131n - evinizin g\u00fc\u00e7 gereksinimleriniz i\u00e7in m\u00fckemmel \u00e7\u00f6z\u00fcm! Bu mobil ev enerji depolama pili, 6000&#039;den fazla kez inan\u0131lmaz bir derin d\u00f6ng\u00fc \u00f6mr\u00fcne sahiptir ve y\u0131llarca dayanmas\u0131n\u0131 sa\u011flar.<br \/>\nRahatl\u0131\u011f\u0131n\u0131z d\u00fc\u015f\u00fcn\u00fclerek tasarlanan bu pil, invert\u00f6r ileti\u015fimini ve \u00f6zelle\u015ftirmeyi destekler, b\u00f6ylece onu \u00f6zel ihtiya\u00e7lar\u0131n\u0131za g\u00f6re uyarlayabilirsiniz. 10KWH&#039;lik g\u00fc\u00e7l\u00fc bir enerji sa\u011flayan tek bir pil ile bu pil, ev tipi g\u00fc\u00e7 sistemleri ve ev uygulamalar\u0131n\u0131 \u015farj etmek i\u00e7in m\u00fckemmeldir.<br \/>\nG\u00fcvenli tasar\u0131m\u0131 ve s\u0131z\u0131nt\u0131 yapmama garantisi ile bu pilin g\u00fcvenilir ve sorunsuz bir se\u00e7im oldu\u011fundan emin olabilirsiniz. Dahas\u0131, bak\u0131m gerektirmeyen tasar\u0131m\u0131, kullan\u0131m\u0131n\u0131 ve bak\u0131m\u0131n\u0131 inan\u0131lmaz derecede kolayla\u015ft\u0131r\u0131r.<br \/>\nEv g\u00fcne\u015f enerjisi sistemleriyle kullan\u0131lmak \u00fczere \u00fcretilen bu pil, daha y\u00fcksek enerji yo\u011funlu\u011funa ve ola\u011fan\u00fcst\u00fc kullan\u0131m \u00f6mr\u00fcne sahip olup, daha uzun s\u00fcre dayanmas\u0131n\u0131 ve her zamankinden daha fazla g\u00fc\u00e7 sa\u011flamas\u0131n\u0131 sa\u011flar. Ve alttan iten tekerlek tasar\u0131m\u0131yla, kurulum konusunda endi\u015felenmenize gerek kalmayacak - yerine itmek kadar kolay!<br \/>\nMaksimum verimlilik i\u00e7in tasarlanan bu pil, paralel kullan\u0131m\u0131 destekler ve 6000 d\u00f6ng\u00fcden fazla g\u00fcvenilir performans sunar. Pil y\u00f6netim sistemi, her zaman en iyi \u015fekilde \u00e7al\u0131\u015fmas\u0131n\u0131 sa\u011flar ve 95% DOD ve daha fazla kullan\u0131labilir kapasite ile evinizin sorunsuz \u00e7al\u0131\u015fmas\u0131n\u0131 sa\u011flamak i\u00e7in ihtiyac\u0131n\u0131z olan t\u00fcm g\u00fcce sahip olursunuz.<\/p>","protected":false},"featured_media":272,"template":"","meta":{"_kad_post_transparent":"default","_kad_post_title":"","_kad_post_layout":"default","_kad_post_sidebar_id":"","_kad_post_content_style":"default","_kad_post_vertical_padding":"default","_kad_post_feature":"","_kad_post_feature_position":"","_kad_post_header":false,"_kad_post_footer":false},"product_cat":[25,28],"product_tag":[95,99,96,97,94,93,98],"class_list":["post-271","product","type-product","status-publish","has-post-thumbnail","hentry","product_cat-home-storage-battery","product_cat-base-station-battery","product_tag-50kw-51-2v-lithium-battery","product_tag-home-storage-battery","product_tag-life-power-station","product_tag-prismatic-primary-off-lithium-battery-for-cycle","product_tag-stackable-energy-storage-systems","product_tag-stackable-lifepo4-battery","product_tag-stackable-lithium-battery","entry","content-bg","loop-entry"],"_links":{"self":[{"href":"https:\/\/bybatt.com\/tr\/wp-json\/wp\/v2\/product\/271","targetHints":{"allow":["GET"]}}],"collection":[{"href":"https:\/\/bybatt.com\/tr\/wp-json\/wp\/v2\/product"}],"about":[{"href":"https:\/\/bybatt.com\/tr\/wp-json\/wp\/v2\/types\/product"}],"wp:featuredmedia":[{"embeddable":true,"href":"https:\/\/bybatt.com\/tr\/wp-json\/wp\/v2\/media\/272"}],"wp:attachment":[{"href":"https:\/\/bybatt.com\/tr\/wp-json\/wp\/v2\/media?parent=271"}],"wp:term":[{"taxonomy":"product_cat","embeddable":true,"href":"https:\/\/bybatt.com\/tr\/wp-json\/wp\/v2\/product_cat?post=271"},{"taxonomy":"product_tag","embeddable":true,"href":"https:\/\/bybatt.com\/tr\/wp-json\/wp\/v2\/product_tag?post=271"}],"curies":[{"name":"wp","href":"https:\/\/api.w.org\/{rel}","templated":true}]}}