{"id":277,"date":"2023-02-17T13:41:35","date_gmt":"2023-02-17T13:41:35","guid":{"rendered":"https:\/\/bybatt.com\/?post_type=product&#038;p=277"},"modified":"2023-02-17T13:53:19","modified_gmt":"2023-02-17T13:53:19","slug":"lithium-iron-phosphate-lifepo4-solar-server-rack-batteries","status":"publish","type":"product","link":"https:\/\/bybatt.com\/tr\/urun\/lithium-iron-phosphate-lifepo4-solar-server-rack-batteries\/","title":{"rendered":"Lityum Demir Fosfat LiFePO4 Solar Sunucu Raf Pilleri"},"content":{"rendered":"","protected":false},"excerpt":{"rendered":"<p>G\u00fcne\u015f enerjisi sisteminiz i\u00e7in g\u00fcvenilir ve verimli g\u00fc\u00e7 depolamas\u0131 sa\u011flamak \u00fczere tasarlanm\u0131\u015f Lityum Demir Fosfat (LiFePO4) Solar Sunucu Raf Pillerimizle tan\u0131\u015f\u0131n. Pillerimizde kullan\u0131lan t\u00fcm h\u00fccreler 100% yeni olup optimum performans ve uzun \u00f6m\u00fcr sa\u011flar.<br \/>\n240V nominal voltaj ve 100Ah nominal kapasite ile bu ak\u00fcler, sisteminizin sorunsuz \u00e7al\u0131\u015fmas\u0131n\u0131 sa\u011flamak i\u00e7in bol miktarda g\u00fc\u00e7 sunar. 100 A maksimum \u015farj ak\u0131m\u0131n\u0131 ve 100 A maksimum de\u015farj ak\u0131m\u0131n\u0131 i\u015fleyebilirler, bu da onlar\u0131 \u00e7ok \u00e7e\u015fitli uygulamalar i\u00e7in uygun hale getirir.<br \/>\nPillerimiz, CC\/CV \u015farj moduna sahiptir ve pilin durumunu izlemenize yard\u0131mc\u0131 olmak i\u00e7in iste\u011fe ba\u011fl\u0131 bir ekranla birlikte gelir. Ayr\u0131ca RS485\/CAN yoluyla ileti\u015fimi de destekleyerek daha b\u00fcy\u00fck bir enerji y\u00f6netim sistemine entegre etmenize olanak tan\u0131rlar.<br \/>\nSa\u011flam bir metal kasa ile \u00fcretilen pillerimiz, \u00e7ok \u00e7e\u015fitli s\u0131cakl\u0131klara ve \u00e7evre ko\u015fullar\u0131na dayanabilir. Batarya boyutlar\u0131 600*600*1530 mm olup sunucu raflar\u0131na kuruluma uygundur. Pilin a\u011f\u0131rl\u0131\u011f\u0131 yakla\u015f\u0131k 190 kg olup, ta\u015f\u0131nmas\u0131n\u0131 ve kurulmas\u0131n\u0131 kolayla\u015ft\u0131r\u0131r.<br \/>\nPillerimiz, sisteminizin g\u00fcvenli\u011fini ve uzun \u00f6m\u00fcrl\u00fc olmas\u0131n\u0131 sa\u011flayan a\u015f\u0131r\u0131 \u015farj korumas\u0131, a\u015f\u0131r\u0131 de\u015farj korumas\u0131, a\u015f\u0131r\u0131 ak\u0131m korumas\u0131 ve daha fazlas\u0131n\u0131 i\u00e7eren bir dizi koruma \u00f6zelli\u011fiyle donat\u0131lm\u0131\u015ft\u0131r.<\/p>","protected":false},"featured_media":278,"template":"","meta":{"_kad_post_transparent":"default","_kad_post_title":"","_kad_post_layout":"default","_kad_post_sidebar_id":"","_kad_post_content_style":"default","_kad_post_vertical_padding":"default","_kad_post_feature":"","_kad_post_feature_position":"","_kad_post_header":false,"_kad_post_footer":false},"product_cat":[25,28],"product_tag":[102,103,105,100,101,104],"class_list":["post-277","product","type-product","status-publish","has-post-thumbnail","hentry","product_cat-home-storage-battery","product_cat-base-station-battery","product_tag-48v-100ah-lifepo4-cart-battery","product_tag-communication-base-station","product_tag-lithium-ion-phosphate-battery","product_tag-server-rack-batteries","product_tag-server-rack-lifepo4-solar-batteries","product_tag-solar-pack-battery","entry","content-bg","loop-entry"],"_links":{"self":[{"href":"https:\/\/bybatt.com\/tr\/wp-json\/wp\/v2\/product\/277","targetHints":{"allow":["GET"]}}],"collection":[{"href":"https:\/\/bybatt.com\/tr\/wp-json\/wp\/v2\/product"}],"about":[{"href":"https:\/\/bybatt.com\/tr\/wp-json\/wp\/v2\/types\/product"}],"wp:featuredmedia":[{"embeddable":true,"href":"https:\/\/bybatt.com\/tr\/wp-json\/wp\/v2\/media\/278"}],"wp:attachment":[{"href":"https:\/\/bybatt.com\/tr\/wp-json\/wp\/v2\/media?parent=277"}],"wp:term":[{"taxonomy":"product_cat","embeddable":true,"href":"https:\/\/bybatt.com\/tr\/wp-json\/wp\/v2\/product_cat?post=277"},{"taxonomy":"product_tag","embeddable":true,"href":"https:\/\/bybatt.com\/tr\/wp-json\/wp\/v2\/product_tag?post=277"}],"curies":[{"name":"wp","href":"https:\/\/api.w.org\/{rel}","templated":true}]}}