{"id":280,"date":"2023-02-17T14:31:23","date_gmt":"2023-02-17T14:31:23","guid":{"rendered":"https:\/\/bybatt.com\/?post_type=product&#038;p=280"},"modified":"2023-03-05T16:17:53","modified_gmt":"2023-03-05T16:17:53","slug":"48v-telecom-base-station-battery-pack-power-system-solution","status":"publish","type":"product","link":"https:\/\/bybatt.com\/tr\/urun\/48v-telecom-base-station-battery-pack-power-system-solution\/","title":{"rendered":"48V Telekom Baz \u0130stasyonu Pil Paketi G\u00fc\u00e7 Sistemi \u00c7\u00f6z\u00fcm\u00fc"},"content":{"rendered":"","protected":false},"excerpt":{"rendered":"<p>Telekom g\u00fc\u00e7 ihtiya\u00e7lar\u0131n\u0131z i\u00e7in nihai \u00e7\u00f6z\u00fcm olan 48V Telekom Baz \u0130stasyonu Pil Paketi G\u00fc\u00e7 Sistemi \u00c7\u00f6z\u00fcm\u00fcm\u00fczle tan\u0131\u015f\u0131n.<br \/>\nPil paketimiz, pilinizden en iyi kaliteyi ve performans\u0131 alman\u0131z\u0131 sa\u011flayan 100% yeni h\u00fccrelerden yap\u0131lm\u0131\u015ft\u0131r. LiFePO4 pil tipi son derece verimli ve g\u00fcvenilirdir, bu da onu telekom\u00fcnikasyon baz istasyonunuz i\u00e7in m\u00fckemmel bir se\u00e7im haline getirir.<br \/>\n240V nominal voltaj ve 100Ah nominal kapasite ile bu pil tak\u0131m\u0131, telekom\u00fcnikasyon baz istasyonunuza g\u00fcvenilir g\u00fc\u00e7 sa\u011flayabilir. Pil tak\u0131m\u0131, h\u0131zl\u0131 ve verimli bir \u015fekilde \u015farj edip bo\u015faltman\u0131z\u0131 sa\u011flayan maksimum 100 A \u015farj ak\u0131m\u0131 ve maksimum 100 A de\u015farj ak\u0131m\u0131 ile donat\u0131lm\u0131\u015ft\u0131r.<br \/>\nPil tak\u0131m\u0131, pilinizin g\u00fcvenli ve verimli bir \u015fekilde \u015farj edilmesini sa\u011flayan CC\/CV \u015farj moduyla birlikte gelir. Pil tak\u0131m\u0131n\u0131n performans\u0131n\u0131 kolayca izlemenizi sa\u011flayan g\u00f6r\u00fcnt\u00fc ekran\u0131 iste\u011fe ba\u011fl\u0131d\u0131r. RS485\/CAN ileti\u015fim t\u00fcr\u00fc, telekom\u00fcnikasyon baz istasyonunuzla kesintisiz ileti\u015fim sa\u011flar.<br \/>\nPil paketimiz, dayan\u0131kl\u0131 ve uzun \u00f6m\u00fcrl\u00fc olmas\u0131n\u0131 sa\u011flayan sa\u011flam metal konstr\u00fcksiyonu ile \u00e7ok \u00e7e\u015fitli s\u0131cakl\u0131klarda ve ortamlarda \u00e7al\u0131\u015facak \u015fekilde tasarlanm\u0131\u015ft\u0131r. 600*600*1530mm boyutlar\u0131 ve 190kg (yakla\u015f\u0131k) a\u011f\u0131rl\u0131\u011f\u0131 ile bu pil paketi kompaktt\u0131r ve kurulumu kolayd\u0131r.<br \/>\nPil tak\u0131m\u0131, a\u015f\u0131r\u0131 \u015farj korumas\u0131, a\u015f\u0131r\u0131 de\u015farj korumas\u0131, a\u015f\u0131r\u0131 ak\u0131m korumas\u0131 ve daha fazlas\u0131n\u0131 i\u00e7eren bir dizi koruma \u00f6zelli\u011fiyle donat\u0131lm\u0131\u015ft\u0131r. Bu korumalar uyguland\u0131\u011f\u0131nda, pil tak\u0131m\u0131n\u0131z\u0131n g\u00fcvenli ve g\u00fcvenilir oldu\u011fundan emin olabilirsiniz.<\/p>","protected":false},"featured_media":281,"template":"","meta":{"_kad_post_transparent":"default","_kad_post_title":"","_kad_post_layout":"default","_kad_post_sidebar_id":"","_kad_post_content_style":"default","_kad_post_vertical_padding":"default","_kad_post_feature":"","_kad_post_feature_position":"","_kad_post_header":false,"_kad_post_footer":false},"product_cat":[25,28],"product_tag":[111,110,106,108,107,112,109],"class_list":["post-280","product","type-product","status-publish","has-post-thumbnail","hentry","product_cat-home-storage-battery","product_cat-base-station-battery","product_tag-48v-50ah-lifepo4-battery","product_tag-48v-lifepo4-battery-pack","product_tag-base-station-battery","product_tag-base-station-battery-kit","product_tag-base-station-battery-packs","product_tag-battery-pack-rack-type","product_tag-lifepo4-battery-pack","entry","content-bg","loop-entry"],"_links":{"self":[{"href":"https:\/\/bybatt.com\/tr\/wp-json\/wp\/v2\/product\/280","targetHints":{"allow":["GET"]}}],"collection":[{"href":"https:\/\/bybatt.com\/tr\/wp-json\/wp\/v2\/product"}],"about":[{"href":"https:\/\/bybatt.com\/tr\/wp-json\/wp\/v2\/types\/product"}],"wp:featuredmedia":[{"embeddable":true,"href":"https:\/\/bybatt.com\/tr\/wp-json\/wp\/v2\/media\/281"}],"wp:attachment":[{"href":"https:\/\/bybatt.com\/tr\/wp-json\/wp\/v2\/media?parent=280"}],"wp:term":[{"taxonomy":"product_cat","embeddable":true,"href":"https:\/\/bybatt.com\/tr\/wp-json\/wp\/v2\/product_cat?post=280"},{"taxonomy":"product_tag","embeddable":true,"href":"https:\/\/bybatt.com\/tr\/wp-json\/wp\/v2\/product_tag?post=280"}],"curies":[{"name":"wp","href":"https:\/\/api.w.org\/{rel}","templated":true}]}}