{"id":288,"date":"2023-02-18T03:13:02","date_gmt":"2023-02-18T03:13:02","guid":{"rendered":"https:\/\/bybatt.com\/?post_type=product&#038;p=288"},"modified":"2023-02-18T03:19:31","modified_gmt":"2023-02-18T03:19:31","slug":"server-mount-lifepo4-battery-solar-energy-storage-system","status":"publish","type":"product","link":"https:\/\/bybatt.com\/tr\/urun\/server-mount-lifepo4-battery-solar-energy-storage-system\/","title":{"rendered":"Sunucu Montajl\u0131 LiFePO4 Pil G\u00fcne\u015f Enerjisi Depolama Sistemi"},"content":{"rendered":"","protected":false},"excerpt":{"rendered":"<p>Modern sunucular\u0131n ve veri merkezlerinin zorlu ihtiya\u00e7lar\u0131n\u0131 kar\u015f\u0131lamak i\u00e7in tasarlanm\u0131\u015f g\u00fcvenilir ve y\u00fcksek performansl\u0131 bir enerji depolama \u00e7\u00f6z\u00fcm\u00fc olan Sunucu Montajl\u0131 LiFePO4 Pil G\u00fcne\u015f Enerjisi Depolama Sistemimizle tan\u0131\u015f\u0131n.<br \/>\nYaln\u0131zca 100% yeni h\u00fccrelerle \u00fcretilen LiFePO4 pil teknolojimiz, t\u00fcm sunucu ihtiya\u00e7lar\u0131n\u0131z i\u00e7in istikrarl\u0131 g\u00fc\u00e7 \u00e7\u0131k\u0131\u015f\u0131 ve tutarl\u0131 enerji depolama sa\u011flayarak ola\u011fan\u00fcst\u00fc performans ve uzun \u00f6m\u00fcr sa\u011flar.<br \/>\n240V nominal gerilim ve 100Ah nominal kapasite ile ak\u00fc sistemimiz maksimum 100A \u015farj ak\u0131m\u0131 ve 100A maksimum de\u015farj ak\u0131m\u0131na sahiptir. Geli\u015fmi\u015f CC\/CV \u015farj modu teknolojimiz, pil sisteminiz i\u00e7in daha g\u00fcvenli ve daha verimli bir \u015farj\u0131 garanti eder.<br \/>\nSistemimiz, pilinizin performans\u0131n\u0131 izlemenizi ve a\u011f\u0131n\u0131zdaki di\u011fer cihazlarla ileti\u015fim kurman\u0131z\u0131 kolayla\u015ft\u0131ran iste\u011fe ba\u011fl\u0131 bir ekran ve RS485\/CAN ileti\u015fim yetenekleri ile donat\u0131lm\u0131\u015ft\u0131r.<br \/>\nZorlu \u00e7al\u0131\u015fma ko\u015fullar\u0131na dayanacak \u015fekilde tasarlanan Sunucu Montajl\u0131 LiFePO4 Pil G\u00fcne\u015f Enerjisi Depolama Sistemimiz, dayan\u0131kl\u0131l\u0131k ve uzun \u00f6m\u00fcr sa\u011flayan sa\u011flam bir metal kabuk i\u00e7ine yerle\u015ftirilmi\u015ftir. 600*600*1530 mm&#039;de, herhangi bir sunucu odas\u0131na veya veri merkezine s\u0131\u011facak kadar kompaktt\u0131r.<br \/>\nYakla\u015f\u0131k 190 kg a\u011f\u0131rl\u0131\u011f\u0131ndaki sistemimiz, a\u015f\u0131r\u0131 \u015farj korumas\u0131, a\u015f\u0131r\u0131 de\u015farj korumas\u0131, a\u015f\u0131r\u0131 ak\u0131m korumas\u0131 ve pil sistemimizin g\u00fcvenli ve g\u00fcvenli kullan\u0131m\u0131n\u0131 garanti etmek i\u00e7in yerle\u015fik di\u011fer temel g\u00fcvenlik \u00f6zellikleriyle kolay kurulum ve kullan\u0131m sunar.<br \/>\n5KWH&#039;lik tek bir pil kapasitesi ile sistemimiz, enerji depolama gereksinimlerinizi kar\u015f\u0131lamak i\u00e7in 15KWH&#039;ye kadar istiflenebilir. Sunucu Montajl\u0131 LiFePO4 Pil G\u00fcne\u015f Enerjisi Depolama Sistemimiz, t\u00fcm sunucu ve veri merkezi ihtiya\u00e7lar\u0131n\u0131z i\u00e7in m\u00fckemmel bir enerji depolama \u00e7\u00f6z\u00fcm\u00fcd\u00fcr.<\/p>","protected":false},"featured_media":289,"template":"","meta":{"_kad_post_transparent":"default","_kad_post_title":"","_kad_post_layout":"default","_kad_post_sidebar_id":"","_kad_post_content_style":"default","_kad_post_vertical_padding":"default","_kad_post_feature":"","_kad_post_feature_position":"","_kad_post_header":false,"_kad_post_footer":false},"product_cat":[25,28],"product_tag":[120,119,118,117,116,113,115,101,114],"class_list":["post-288","product","type-product","status-publish","has-post-thumbnail","hentry","product_cat-home-storage-battery","product_cat-base-station-battery","product_tag-energy-storage-container","product_tag-lifepo4-energy-battery","product_tag-lithium-battery-51-2v-100ah","product_tag-rack-mount-lifepo4-battery","product_tag-rack-mounted-lithium-battery","product_tag-server-mount-lifepo4-battery","product_tag-server-rack-battery","product_tag-server-rack-lifepo4-solar-batteries","product_tag-solar-lithium-battery-server-rack","entry","content-bg","loop-entry"],"_links":{"self":[{"href":"https:\/\/bybatt.com\/tr\/wp-json\/wp\/v2\/product\/288","targetHints":{"allow":["GET"]}}],"collection":[{"href":"https:\/\/bybatt.com\/tr\/wp-json\/wp\/v2\/product"}],"about":[{"href":"https:\/\/bybatt.com\/tr\/wp-json\/wp\/v2\/types\/product"}],"wp:featuredmedia":[{"embeddable":true,"href":"https:\/\/bybatt.com\/tr\/wp-json\/wp\/v2\/media\/289"}],"wp:attachment":[{"href":"https:\/\/bybatt.com\/tr\/wp-json\/wp\/v2\/media?parent=288"}],"wp:term":[{"taxonomy":"product_cat","embeddable":true,"href":"https:\/\/bybatt.com\/tr\/wp-json\/wp\/v2\/product_cat?post=288"},{"taxonomy":"product_tag","embeddable":true,"href":"https:\/\/bybatt.com\/tr\/wp-json\/wp\/v2\/product_tag?post=288"}],"curies":[{"name":"wp","href":"https:\/\/api.w.org\/{rel}","templated":true}]}}